{"id":3687,"date":"2019-03-20T15:14:33","date_gmt":"2019-03-20T13:14:33","guid":{"rendered":"https:\/\/vaasanluonnonravinto.fi\/?post_type=product&#038;p=3687"},"modified":"2023-11-22T10:41:17","modified_gmt":"2023-11-22T08:41:17","slug":"solgar-l-lysiini-1000-mg","status":"publish","type":"product","link":"https:\/\/vaasanluonnonravinto.fi\/sv\/tuote\/solgar-l-lysiini-1000-mg\/","title":{"rendered":"Solgar L-Lysiini  1000 mg"},"content":{"rendered":"","protected":false},"excerpt":{"rendered":"<h4>Pakkauskoot<\/h4>\n<p>50 tablettia \u2013 aminohappovalmiste<\/p>\n<h4>\nSuositeltu annostus<\/h4>\n<p>1 tabletti p\u00e4iv\u00e4ss\u00e4 aterioiden v\u00e4lill\u00e4<\/p>\n<p>&nbsp;<\/p>\n<h4>Muut ainesosat<\/h4>\n<p>T\u00e4yteaineet (mikrokiteinen selluloosa, karboksimetyyliselluloosa), paakkuuntumisenestoaineet (steariinihappo, piidioksidi), pintak\u00e4sittelyaineet (hydroksipropyylimetyyliselluloosa, glyseroli).<\/p>\n","protected":false},"featured_media":1860,"template":"","meta":{"_acf_changed":false},"product_brand":[],"product_cat":[83,78,73,82],"product_tag":[],"class_list":{"0":"post-3687","1":"product","2":"type-product","3":"status-publish","4":"has-post-thumbnail","6":"product_cat-aminohapot-sv","7":"product_cat-muut-ravintolisat-sv","8":"product_cat-lisaravinteet-sv","9":"product_cat-solgar-sv","11":"first","12":"instock","13":"taxable","14":"shipping-taxable","15":"purchasable","16":"product-type-simple"},"acf":[],"_links":{"self":[{"href":"https:\/\/vaasanluonnonravinto.fi\/sv\/wp-json\/wp\/v2\/product\/3687","targetHints":{"allow":["GET"]}}],"collection":[{"href":"https:\/\/vaasanluonnonravinto.fi\/sv\/wp-json\/wp\/v2\/product"}],"about":[{"href":"https:\/\/vaasanluonnonravinto.fi\/sv\/wp-json\/wp\/v2\/types\/product"}],"wp:featuredmedia":[{"embeddable":true,"href":"https:\/\/vaasanluonnonravinto.fi\/sv\/wp-json\/wp\/v2\/media\/1860"}],"wp:attachment":[{"href":"https:\/\/vaasanluonnonravinto.fi\/sv\/wp-json\/wp\/v2\/media?parent=3687"}],"wp:term":[{"taxonomy":"product_brand","embeddable":true,"href":"https:\/\/vaasanluonnonravinto.fi\/sv\/wp-json\/wp\/v2\/product_brand?post=3687"},{"taxonomy":"product_cat","embeddable":true,"href":"https:\/\/vaasanluonnonravinto.fi\/sv\/wp-json\/wp\/v2\/product_cat?post=3687"},{"taxonomy":"product_tag","embeddable":true,"href":"https:\/\/vaasanluonnonravinto.fi\/sv\/wp-json\/wp\/v2\/product_tag?post=3687"}],"curies":[{"name":"wp","href":"https:\/\/api.w.org\/{rel}","templated":true}]}}