{"id":3679,"date":"2019-03-21T10:09:09","date_gmt":"2019-03-21T08:09:09","guid":{"rendered":"https:\/\/vaasanluonnonravinto.fi\/?post_type=product&#038;p=3679"},"modified":"2022-03-04T16:27:49","modified_gmt":"2022-03-04T14:27:49","slug":"solgar-d3-vitamiini-nestemainen","status":"publish","type":"product","link":"https:\/\/vaasanluonnonravinto.fi\/sv\/tuote\/solgar-d3-vitamiini-nestemainen\/","title":{"rendered":"Solgar D3-vitamiini nestem\u00e4inen"},"content":{"rendered":"<h4>Aktiiviset ainesosat 16 tippaa (0,5 ml):<\/h4>\n<p>D3-vitamiini (kolekalsiferoli, lampaan lanoliinista) 62,5ug, 1250*<br \/>\n* % vuorokautisen saannin vertailuarvosta<\/p>\n<p>&nbsp;<\/p>\n<h4>Muut ainesosat<\/h4>\n<p>Auringonkukka\u00f6ljy, luonnollinen appelsiiniaromi.<br \/>\nYksi tippa sis\u00e4lt\u00e4\u00e4 4 mikrogrammaa D3-vitamiinia<\/p>\n","protected":false},"excerpt":{"rendered":"<p>Helppo, hyv\u00e4nmakuinen ja hyvin imeytyv\u00e4 nestem\u00e4inen D3-vitamiini sopii henkil\u00f6ille, joilla imeytyminen suolistosta on h\u00e4iriintynyt tai joilla on hankaluuksia niell\u00e4 kapseleita.<\/p>\n<p>&nbsp;<\/p>\n<h4>Pakkauskoko<\/h4>\n<p>59 ml \u2013 D-vitamiinivalmiste<\/p>\n<p>&nbsp;<\/p>\n<h4>Suositeltu annostus<\/h4>\n<p>\u00bd pipetillist\u00e4 p\u00e4iv\u00e4ss\u00e4 sekoitettuna ruokaan tai juomaan.<\/p>\n<p>&nbsp;<\/p>\n<p>D-vitamiinin hyv\u00e4kysytyt terveysv\u00e4itt\u00e4m\u00e4t:<\/p>\n<p>D-vitamiini edist\u00e4\u00e4 kalsiumin ja fosforin normaalia imeytymist\u00e4\/hy\u00f6dynt\u00e4mist\u00e4.<\/p>\n<p>D-vitamiini edist\u00e4\u00e4 veren normaalia kalsiumtasoa.<\/p>\n<p>D-vitamiini edist\u00e4\u00e4 luiden pysymist\u00e4 normaaleina.<\/p>\n<p>D-vitamiini edist\u00e4\u00e4 normaalin lihastoiminnan yll\u00e4pit\u00e4mist\u00e4.<\/p>\n<p>D-vitamiini edist\u00e4\u00e4 hampaiden pysymist\u00e4 normaaleina.<\/p>\n<p>D-vitamiini edist\u00e4\u00e4 immuunij\u00e4rjestelm\u00e4n normaalia toimintaa.<\/p>\n<p>D-vitamiini osallistuu solujen jakautumisprosessiin.<\/p>\n","protected":false},"featured_media":1884,"template":"","meta":{"_acf_changed":false,"rs_blank_template":"","rs_page_bg_color":"","slide_template_v7":""},"product_brand":[],"product_cat":[73,82,77],"product_tag":[],"class_list":{"0":"post-3679","1":"product","2":"type-product","3":"status-publish","4":"has-post-thumbnail","6":"product_cat-lisaravinteet-sv","7":"product_cat-solgar-sv","8":"product_cat-vitamiinit-sv","10":"first","11":"instock","12":"taxable","13":"shipping-taxable","14":"purchasable","15":"product-type-simple"},"acf":[],"_links":{"self":[{"href":"https:\/\/vaasanluonnonravinto.fi\/sv\/wp-json\/wp\/v2\/product\/3679","targetHints":{"allow":["GET"]}}],"collection":[{"href":"https:\/\/vaasanluonnonravinto.fi\/sv\/wp-json\/wp\/v2\/product"}],"about":[{"href":"https:\/\/vaasanluonnonravinto.fi\/sv\/wp-json\/wp\/v2\/types\/product"}],"wp:featuredmedia":[{"embeddable":true,"href":"https:\/\/vaasanluonnonravinto.fi\/sv\/wp-json\/wp\/v2\/media\/1884"}],"wp:attachment":[{"href":"https:\/\/vaasanluonnonravinto.fi\/sv\/wp-json\/wp\/v2\/media?parent=3679"}],"wp:term":[{"taxonomy":"product_brand","embeddable":true,"href":"https:\/\/vaasanluonnonravinto.fi\/sv\/wp-json\/wp\/v2\/product_brand?post=3679"},{"taxonomy":"product_cat","embeddable":true,"href":"https:\/\/vaasanluonnonravinto.fi\/sv\/wp-json\/wp\/v2\/product_cat?post=3679"},{"taxonomy":"product_tag","embeddable":true,"href":"https:\/\/vaasanluonnonravinto.fi\/sv\/wp-json\/wp\/v2\/product_tag?post=3679"}],"curies":[{"name":"wp","href":"https:\/\/api.w.org\/{rel}","templated":true}]}}