{"id":3678,"date":"2019-03-20T15:48:26","date_gmt":"2019-03-20T13:48:26","guid":{"rendered":"https:\/\/vaasanluonnonravinto.fi\/?post_type=product&#038;p=3678"},"modified":"2022-03-04T16:28:13","modified_gmt":"2022-03-04T14:28:13","slug":"solgar-l-tyrosiini-500-mg","status":"publish","type":"product","link":"https:\/\/vaasanluonnonravinto.fi\/sv\/tuote\/solgar-l-tyrosiini-500-mg\/","title":{"rendered":"Solgar L-Tyrosiini 500 mg"},"content":{"rendered":"","protected":false},"excerpt":{"rendered":"<h4>Pakkauskoko<\/h4>\n<p>50 kapselia \u2013 aminohappovalmiste<\/p>\n<p>&nbsp;<\/p>\n<h4>Suositeltu annostus<\/h4>\n<p>1 kapseli p\u00e4iv\u00e4ss\u00e4 aterioiden v\u00e4lill\u00e4<\/p>\n<p>&nbsp;<\/p>\n<h4>Muut ainesosat<\/h4>\n<p>Kuorilo (hydroksipropyylimetyyliselluloosa), t\u00e4yteaineet (mikrokiteinen selluloosa, hydroksipropyylimetyyliselluloosa), paakkuuntumisen estoaineet (kasvisteariinihappo, rasvahappojen magnesiumsuolat).<\/p>\n","protected":false},"featured_media":1874,"template":"","meta":{"_acf_changed":false,"rs_blank_template":"","rs_page_bg_color":"","slide_template_v7":""},"product_brand":[],"product_cat":[83,78,73,82],"product_tag":[],"class_list":{"0":"post-3678","1":"product","2":"type-product","3":"status-publish","4":"has-post-thumbnail","6":"product_cat-aminohapot-sv","7":"product_cat-muut-ravintolisat-sv","8":"product_cat-lisaravinteet-sv","9":"product_cat-solgar-sv","11":"first","12":"instock","13":"taxable","14":"shipping-taxable","15":"purchasable","16":"product-type-simple"},"acf":[],"_links":{"self":[{"href":"https:\/\/vaasanluonnonravinto.fi\/sv\/wp-json\/wp\/v2\/product\/3678","targetHints":{"allow":["GET"]}}],"collection":[{"href":"https:\/\/vaasanluonnonravinto.fi\/sv\/wp-json\/wp\/v2\/product"}],"about":[{"href":"https:\/\/vaasanluonnonravinto.fi\/sv\/wp-json\/wp\/v2\/types\/product"}],"wp:featuredmedia":[{"embeddable":true,"href":"https:\/\/vaasanluonnonravinto.fi\/sv\/wp-json\/wp\/v2\/media\/1874"}],"wp:attachment":[{"href":"https:\/\/vaasanluonnonravinto.fi\/sv\/wp-json\/wp\/v2\/media?parent=3678"}],"wp:term":[{"taxonomy":"product_brand","embeddable":true,"href":"https:\/\/vaasanluonnonravinto.fi\/sv\/wp-json\/wp\/v2\/product_brand?post=3678"},{"taxonomy":"product_cat","embeddable":true,"href":"https:\/\/vaasanluonnonravinto.fi\/sv\/wp-json\/wp\/v2\/product_cat?post=3678"},{"taxonomy":"product_tag","embeddable":true,"href":"https:\/\/vaasanluonnonravinto.fi\/sv\/wp-json\/wp\/v2\/product_tag?post=3678"}],"curies":[{"name":"wp","href":"https:\/\/api.w.org\/{rel}","templated":true}]}}