{"id":3676,"date":"2019-03-21T09:59:20","date_gmt":"2019-03-21T07:59:20","guid":{"rendered":"https:\/\/vaasanluonnonravinto.fi\/?post_type=product&#038;p=3676"},"modified":"2021-07-14T12:49:54","modified_gmt":"2021-07-14T09:49:54","slug":"solgar-turskanmaksaoljy","status":"publish","type":"product","link":"https:\/\/vaasanluonnonravinto.fi\/sv\/tuote\/solgar-turskanmaksaoljy\/","title":{"rendered":"Solgar Turskanmaksa\u00f6ljy"},"content":{"rendered":"<h4>Aktiiviset ainesosat (1 softgelkapseli)<\/h4>\n<p>&nbsp;<\/p>\n<p>Turskanmaksa\u00f6ljy 462 mg<br \/>\nA-vitamiini (turskanmaksa\u00f6ljy ja retinyylipalmitaatti) 375 \u00b5g, 47*<br \/>\nD3-vitamiini (turskanmaksa\u00f6ljy ja kolekalsiferoli) 3,4 ug, 68*<\/p>\n<p>* % vuorokautisen saannin vertailuarvosta<\/p>\n","protected":false},"excerpt":{"rendered":"<p>Korkealaatuinen turskanmaksa\u00f6ljy k\u00e4tev\u00e4ss\u00e4 softgel-kapselissa. Sis\u00e4lt\u00e4\u00e4 luontaisesti my\u00f6s A- ja D-vitamiinia.<\/p>\n<p>&nbsp;<\/p>\n<h4>Pakkauskoot<\/h4>\n<p>100 softgelkapselia \u2013 kala\u00f6ljy-vitamiinivalmiste<\/p>\n<p>&nbsp;<\/p>\n<h4>Suositeltu annostus<\/h4>\n<p>1 kapseli p\u00e4iv\u00e4ss\u00e4 aterian yhteydess\u00e4.<\/p>\n<p>&nbsp;<\/p>\n<h4>Muut ainesosat<\/h4>\n<p>Softgelkuorilo (gelatiini [nauta], glyseroli)<\/p>\n","protected":false},"featured_media":1880,"template":"","meta":{"_acf_changed":false,"rs_blank_template":"","rs_page_bg_color":"","slide_template_v7":""},"product_brand":[],"product_cat":[80,73,82,77],"product_tag":[],"class_list":{"0":"post-3676","1":"product","2":"type-product","3":"status-publish","4":"has-post-thumbnail","6":"product_cat-rasvahappo-ja-oljyvalmisteet-sv","7":"product_cat-lisaravinteet-sv","8":"product_cat-solgar-sv","9":"product_cat-vitamiinit-sv","11":"first","12":"outofstock","13":"taxable","14":"shipping-taxable","15":"purchasable","16":"product-type-simple"},"acf":[],"_links":{"self":[{"href":"https:\/\/vaasanluonnonravinto.fi\/sv\/wp-json\/wp\/v2\/product\/3676","targetHints":{"allow":["GET"]}}],"collection":[{"href":"https:\/\/vaasanluonnonravinto.fi\/sv\/wp-json\/wp\/v2\/product"}],"about":[{"href":"https:\/\/vaasanluonnonravinto.fi\/sv\/wp-json\/wp\/v2\/types\/product"}],"wp:featuredmedia":[{"embeddable":true,"href":"https:\/\/vaasanluonnonravinto.fi\/sv\/wp-json\/wp\/v2\/media\/1880"}],"wp:attachment":[{"href":"https:\/\/vaasanluonnonravinto.fi\/sv\/wp-json\/wp\/v2\/media?parent=3676"}],"wp:term":[{"taxonomy":"product_brand","embeddable":true,"href":"https:\/\/vaasanluonnonravinto.fi\/sv\/wp-json\/wp\/v2\/product_brand?post=3676"},{"taxonomy":"product_cat","embeddable":true,"href":"https:\/\/vaasanluonnonravinto.fi\/sv\/wp-json\/wp\/v2\/product_cat?post=3676"},{"taxonomy":"product_tag","embeddable":true,"href":"https:\/\/vaasanluonnonravinto.fi\/sv\/wp-json\/wp\/v2\/product_tag?post=3676"}],"curies":[{"name":"wp","href":"https:\/\/api.w.org\/{rel}","templated":true}]}}