{"id":3674,"date":"2019-03-21T10:04:54","date_gmt":"2019-03-21T08:04:54","guid":{"rendered":"https:\/\/vaasanluonnonravinto.fi\/?post_type=product&#038;p=3674"},"modified":"2026-02-09T15:25:18","modified_gmt":"2026-02-09T13:25:18","slug":"solgar-d3-vitamiini-55-%c2%b5g","status":"publish","type":"product","link":"https:\/\/vaasanluonnonravinto.fi\/sv\/tuote\/solgar-d3-vitamiini-55-%c2%b5g\/","title":{"rendered":"Solgar D3-vitamiini 55 mcg"},"content":{"rendered":"<h4>Aktiiviset ainesosat (1 kapseli):<\/h4>\n<p>D3-vitamiini (kolekalsiferoli, lampaan lanoliinista) 55 ug, 1100*<br \/>\n* % vuorokautisen saannin vertailuarvosta<\/p>\n<p>&nbsp;<\/p>\n<h4>Muut ainesosat<\/h4>\n<p>T\u00e4yteaineet (mikrokiteinen selluloosa, maltodekstriini)<br \/>\nkuorilo (hydroksipropyylimetyyliselluloosa), paakkuuntumisen estoaine (rasvahappojen magnesiumsuolat).<\/p>\n","protected":false},"excerpt":{"rendered":"<p>Vahva ja korkealaatuinen D3-vitamiini lampaan lanoliinista.<\/p>\n<p>&nbsp;<\/p>\n<h4>Pakkauskoot<\/h4>\n<p>100 kapselia \u2013 D-vitamiinivalmiste<\/p>\n<p>&nbsp;<\/p>\n<h4>Suositeltu annostus<\/h4>\n<p>1 kapseli p\u00e4iv\u00e4ss\u00e4 ruokailun yhteydess\u00e4<\/p>\n<p>&nbsp;<\/p>\n<p>D-vitamiinin hyv\u00e4kysytyt terveysv\u00e4itt\u00e4m\u00e4t:<\/p>\n<p>D-vitamiini edist\u00e4\u00e4 kalsiumin ja fosforin normaalia imeytymist\u00e4\/hy\u00f6dynt\u00e4mist\u00e4.<\/p>\n<p>D-vitamiini edist\u00e4\u00e4 veren normaalia kalsiumtasoa.<\/p>\n<p>D-vitamiini edist\u00e4\u00e4 luiden pysymist\u00e4 normaaleina.<\/p>\n<p>D-vitamiini edist\u00e4\u00e4 normaalin lihastoiminnan yll\u00e4pit\u00e4mist\u00e4.<\/p>\n<p>D-vitamiini edist\u00e4\u00e4 hampaiden pysymist\u00e4 normaaleina.<\/p>\n<p>D-vitamiini edist\u00e4\u00e4 immuunij\u00e4rjestelm\u00e4n normaalia toimintaa.<\/p>\n<p>D-vitamiini osallistuu solujen jakautumisprosessiin.<\/p>\n","protected":false},"featured_media":1882,"template":"","meta":{"_acf_changed":false},"product_brand":[],"product_cat":[73,82,77],"product_tag":[],"class_list":{"0":"post-3674","1":"product","2":"type-product","3":"status-publish","4":"has-post-thumbnail","6":"product_cat-lisaravinteet-sv","7":"product_cat-solgar-sv","8":"product_cat-vitamiinit-sv","10":"first","11":"instock","12":"taxable","13":"shipping-taxable","14":"purchasable","15":"product-type-simple"},"acf":[],"_links":{"self":[{"href":"https:\/\/vaasanluonnonravinto.fi\/sv\/wp-json\/wp\/v2\/product\/3674","targetHints":{"allow":["GET"]}}],"collection":[{"href":"https:\/\/vaasanluonnonravinto.fi\/sv\/wp-json\/wp\/v2\/product"}],"about":[{"href":"https:\/\/vaasanluonnonravinto.fi\/sv\/wp-json\/wp\/v2\/types\/product"}],"wp:featuredmedia":[{"embeddable":true,"href":"https:\/\/vaasanluonnonravinto.fi\/sv\/wp-json\/wp\/v2\/media\/1882"}],"wp:attachment":[{"href":"https:\/\/vaasanluonnonravinto.fi\/sv\/wp-json\/wp\/v2\/media?parent=3674"}],"wp:term":[{"taxonomy":"product_brand","embeddable":true,"href":"https:\/\/vaasanluonnonravinto.fi\/sv\/wp-json\/wp\/v2\/product_brand?post=3674"},{"taxonomy":"product_cat","embeddable":true,"href":"https:\/\/vaasanluonnonravinto.fi\/sv\/wp-json\/wp\/v2\/product_cat?post=3674"},{"taxonomy":"product_tag","embeddable":true,"href":"https:\/\/vaasanluonnonravinto.fi\/sv\/wp-json\/wp\/v2\/product_tag?post=3674"}],"curies":[{"name":"wp","href":"https:\/\/api.w.org\/{rel}","templated":true}]}}