{"id":3670,"date":"2019-03-21T10:34:46","date_gmt":"2019-03-21T08:34:46","guid":{"rendered":"https:\/\/vaasanluonnonravinto.fi\/?post_type=product&#038;p=3670"},"modified":"2022-03-04T16:26:33","modified_gmt":"2022-03-04T14:26:33","slug":"solgar-b12-vitamiini-1000-%c2%b5g","status":"publish","type":"product","link":"https:\/\/vaasanluonnonravinto.fi\/sv\/tuote\/solgar-b12-vitamiini-1000-%c2%b5g\/","title":{"rendered":"Solgar B12-vitamiini 1000 mcg"},"content":{"rendered":"","protected":false},"excerpt":{"rendered":"<h4>Pakkauskoot<\/h4>\n<p>100 imeskelytablettia \u2013 B-vitamiinivalmiste<\/p>\n<p>&nbsp;<\/p>\n<h4>Suositeltu annostus<\/h4>\n<p>1 imeskelytabletti p\u00e4iv\u00e4ss\u00e4 ruokailun yhteydess\u00e4.<\/p>\n<p>&nbsp;<\/p>\n<h4>Muut ainesosat<\/h4>\n<p>T\u00e4yteaineet (mannitoli, karboksimetyyliselluloosa), paakkuuntumisenestoaineet (steariinihappo, rasvahappojen magnesiumsuolat), makeutusaine (kirsikka-aromi).<\/p>\n","protected":false},"featured_media":1896,"template":"","meta":{"_acf_changed":false},"product_brand":[],"product_cat":[73,82,77],"product_tag":[],"class_list":{"0":"post-3670","1":"product","2":"type-product","3":"status-publish","4":"has-post-thumbnail","6":"product_cat-lisaravinteet-sv","7":"product_cat-solgar-sv","8":"product_cat-vitamiinit-sv","10":"first","11":"instock","12":"taxable","13":"shipping-taxable","14":"purchasable","15":"product-type-simple"},"acf":[],"_links":{"self":[{"href":"https:\/\/vaasanluonnonravinto.fi\/sv\/wp-json\/wp\/v2\/product\/3670","targetHints":{"allow":["GET"]}}],"collection":[{"href":"https:\/\/vaasanluonnonravinto.fi\/sv\/wp-json\/wp\/v2\/product"}],"about":[{"href":"https:\/\/vaasanluonnonravinto.fi\/sv\/wp-json\/wp\/v2\/types\/product"}],"wp:featuredmedia":[{"embeddable":true,"href":"https:\/\/vaasanluonnonravinto.fi\/sv\/wp-json\/wp\/v2\/media\/1896"}],"wp:attachment":[{"href":"https:\/\/vaasanluonnonravinto.fi\/sv\/wp-json\/wp\/v2\/media?parent=3670"}],"wp:term":[{"taxonomy":"product_brand","embeddable":true,"href":"https:\/\/vaasanluonnonravinto.fi\/sv\/wp-json\/wp\/v2\/product_brand?post=3670"},{"taxonomy":"product_cat","embeddable":true,"href":"https:\/\/vaasanluonnonravinto.fi\/sv\/wp-json\/wp\/v2\/product_cat?post=3670"},{"taxonomy":"product_tag","embeddable":true,"href":"https:\/\/vaasanluonnonravinto.fi\/sv\/wp-json\/wp\/v2\/product_tag?post=3670"}],"curies":[{"name":"wp","href":"https:\/\/api.w.org\/{rel}","templated":true}]}}