{"id":3663,"date":"2019-03-21T11:10:56","date_gmt":"2019-03-21T09:10:56","guid":{"rendered":"https:\/\/vaasanluonnonravinto.fi\/?post_type=product&#038;p=3663"},"modified":"2025-10-08T17:10:24","modified_gmt":"2025-10-08T14:10:24","slug":"solgar-no-flush-niasiini","status":"publish","type":"product","link":"https:\/\/vaasanluonnonravinto.fi\/sv\/tuote\/solgar-no-flush-niasiini\/","title":{"rendered":"Solgar No-Flush Niasiini"},"content":{"rendered":"<h4>Aktiiviset ainesosat (1 kapseli):<\/h4>\n<p>Inositoli heksanikotinaatti 500 mg<br \/>\nSis\u00e4lt\u00e4\u00e4:<br \/>\nNiasiini (B3-vitamiini) 455 mg, 2844*<br \/>\nInositoli 110 mg<br \/>\n* % vuorokautisen saannin vertailuarvosta<\/p>\n<p>&nbsp;<\/p>\n<h4>Muut ainesosat<\/h4>\n<p>Kuorilo (hydroksipropyylimetyyliselluloosa), paakkuuntumisenestoaineet (piidioksidi, rasvahappojen magnesiumsuolat).<\/p>\n","protected":false},"excerpt":{"rendered":"<h4>Pakkauskoko<\/h4>\n<p>50 kapselia \u2013 B-vitamiinivalmiste<\/p>\n<p>&nbsp;<\/p>\n<h4>Suositeltu annostus<\/h4>\n<p>1 kapseli p\u00e4iv\u00e4ss\u00e4 ruokailun yhteydess\u00e4.<\/p>\n<p>&nbsp;<\/p>\n<p>&nbsp;<\/p>\n","protected":false},"featured_media":1910,"template":"","meta":{"_acf_changed":false,"rs_blank_template":"","rs_page_bg_color":"","slide_template_v7":""},"product_brand":[],"product_cat":[73,82,77],"product_tag":[],"class_list":{"0":"post-3663","1":"product","2":"type-product","3":"status-publish","4":"has-post-thumbnail","6":"product_cat-lisaravinteet-sv","7":"product_cat-solgar-sv","8":"product_cat-vitamiinit-sv","10":"first","11":"outofstock","12":"taxable","13":"shipping-taxable","14":"purchasable","15":"product-type-simple"},"acf":[],"_links":{"self":[{"href":"https:\/\/vaasanluonnonravinto.fi\/sv\/wp-json\/wp\/v2\/product\/3663","targetHints":{"allow":["GET"]}}],"collection":[{"href":"https:\/\/vaasanluonnonravinto.fi\/sv\/wp-json\/wp\/v2\/product"}],"about":[{"href":"https:\/\/vaasanluonnonravinto.fi\/sv\/wp-json\/wp\/v2\/types\/product"}],"wp:featuredmedia":[{"embeddable":true,"href":"https:\/\/vaasanluonnonravinto.fi\/sv\/wp-json\/wp\/v2\/media\/1910"}],"wp:attachment":[{"href":"https:\/\/vaasanluonnonravinto.fi\/sv\/wp-json\/wp\/v2\/media?parent=3663"}],"wp:term":[{"taxonomy":"product_brand","embeddable":true,"href":"https:\/\/vaasanluonnonravinto.fi\/sv\/wp-json\/wp\/v2\/product_brand?post=3663"},{"taxonomy":"product_cat","embeddable":true,"href":"https:\/\/vaasanluonnonravinto.fi\/sv\/wp-json\/wp\/v2\/product_cat?post=3663"},{"taxonomy":"product_tag","embeddable":true,"href":"https:\/\/vaasanluonnonravinto.fi\/sv\/wp-json\/wp\/v2\/product_tag?post=3663"}],"curies":[{"name":"wp","href":"https:\/\/api.w.org\/{rel}","templated":true}]}}