{"id":3658,"date":"2019-03-21T12:43:51","date_gmt":"2019-03-21T10:43:51","guid":{"rendered":"https:\/\/vaasanluonnonravinto.fi\/?post_type=product&#038;p=3658"},"modified":"2025-10-08T17:10:10","modified_gmt":"2025-10-08T14:10:10","slug":"solgar-vitamin-b-complex-50-50-tabs","status":"publish","type":"product","link":"https:\/\/vaasanluonnonravinto.fi\/sv\/tuote\/solgar-vitamin-b-complex-50-50-tabs\/","title":{"rendered":"Solgar Vitamin B-Complex \u201c50\u201d 50 tabs."},"content":{"rendered":"<h4>Aktiiviset ainesosat (1 kapseli):<\/h4>\n<p>B1-vitamiini (tiamiinimononitraatti) 50 mg, 4545*<br \/>\nB2-vitamiini (riboflaviini) 50 mg, 3571*<br \/>\nB3-vitamiini NE (nikotiiniamidi) 50 mg, 313*<br \/>\nB5-vitamiini (d-pantotenaatti) 50 mg, 833*<br \/>\nB6-vitamiini (pyridoksiinihydrokloridi) 50 mg, 3571*<br \/>\nInositoli 50 mg<br \/>\nKoliini (bitartraatti) 21 mg<br \/>\nYrttisekoitus (sinimailanen, acerola, persilja, ruusunmarja, vesikrassi, kelp) 3,5 mg<br \/>\nFoolihappo (pteroyylimonoglutamiinihappo) 400 \u00b5g, 200*<br \/>\nB12-vitamiini (syanokobalamiini) 50 \u00b5g, 2000*<br \/>\nD-biotiini 50 \u00b5g, 100*<br \/>\n* % vuorokautisen saannin vertailuarvosta<\/p>\n<p>&nbsp;<\/p>\n<h4>Muut ainesosat<\/h4>\n<p>Kuorilo (hydroksipropyylimetyyliselluloosa), t\u00e4yteaine (dikalsiumfosfaatti, mikrokiteinen selluloosa, mannitoli), paakkuuntumisenestoaineet (rasvahappojen magnesiumsuolat, piidioksidi).<\/p>\n","protected":false},"excerpt":{"rendered":"<h4>\u2013 vahva B-vitamiinikompleksi jaksamisen tueksi<\/h4>\n<p>Solgar Vitamin B-Complex \u201c50\u201d on vahva b-vitamiini jaksamisen tueksi. Mukana my\u00f6s synerginen kelp-lev\u00e4\u00e4, sinimailasta, acerolaa, persiljaa, ruusunmarjaa ja vesikrassia sis\u00e4lt\u00e4v\u00e4 yrttisekoitus. B-vitamiinikompleksi tukee energia-aineenvaihduntaa ja auttaa v\u00e4hent\u00e4m\u00e4\u00e4n v\u00e4symyst\u00e4 ja uupumusta.<\/p>\n<p>&nbsp;<\/p>\n<p>Tiamiini (B1), riboflaviini (B2), niasiini (B3), B6-vitamiini ja B12-vitamiini osallistuvat my\u00f6s hermoston normaaliin toimintaan.<\/p>\n<p>&nbsp;<\/p>\n<h4>Pakkauskoko<\/h4>\n<p>50kapselia \u2013 B-vitamiinivalmiste<\/p>\n<p>&nbsp;<\/p>\n<h4>Suositeltu annostus<\/h4>\n<p>1 kapseli p\u00e4iv\u00e4ss\u00e4 ruokailun yhteydess\u00e4.<\/p>\n<p>&nbsp;<\/p>\n<h4>Muuta huomioitavaa<\/h4>\n<p>B6-vitamiini voi suurina pitoisuuksina aiheuttaa sormien ja varpaiden puutumista ja pistely\u00e4. Jos saat t\u00e4llaisia oireita, valmisteen k\u00e4ytt\u00f6 on syyt\u00e4 lopettaa.<\/p>\n","protected":false},"featured_media":1916,"template":"","meta":{"_acf_changed":false,"rs_blank_template":"","rs_page_bg_color":"","slide_template_v7":""},"product_brand":[],"product_cat":[73,82,77],"product_tag":[],"class_list":{"0":"post-3658","1":"product","2":"type-product","3":"status-publish","4":"has-post-thumbnail","6":"product_cat-lisaravinteet-sv","7":"product_cat-solgar-sv","8":"product_cat-vitamiinit-sv","10":"first","11":"instock","12":"taxable","13":"shipping-taxable","14":"purchasable","15":"product-type-simple"},"acf":[],"_links":{"self":[{"href":"https:\/\/vaasanluonnonravinto.fi\/sv\/wp-json\/wp\/v2\/product\/3658","targetHints":{"allow":["GET"]}}],"collection":[{"href":"https:\/\/vaasanluonnonravinto.fi\/sv\/wp-json\/wp\/v2\/product"}],"about":[{"href":"https:\/\/vaasanluonnonravinto.fi\/sv\/wp-json\/wp\/v2\/types\/product"}],"wp:featuredmedia":[{"embeddable":true,"href":"https:\/\/vaasanluonnonravinto.fi\/sv\/wp-json\/wp\/v2\/media\/1916"}],"wp:attachment":[{"href":"https:\/\/vaasanluonnonravinto.fi\/sv\/wp-json\/wp\/v2\/media?parent=3658"}],"wp:term":[{"taxonomy":"product_brand","embeddable":true,"href":"https:\/\/vaasanluonnonravinto.fi\/sv\/wp-json\/wp\/v2\/product_brand?post=3658"},{"taxonomy":"product_cat","embeddable":true,"href":"https:\/\/vaasanluonnonravinto.fi\/sv\/wp-json\/wp\/v2\/product_cat?post=3658"},{"taxonomy":"product_tag","embeddable":true,"href":"https:\/\/vaasanluonnonravinto.fi\/sv\/wp-json\/wp\/v2\/product_tag?post=3658"}],"curies":[{"name":"wp","href":"https:\/\/api.w.org\/{rel}","templated":true}]}}