{"id":3656,"date":"2019-03-21T12:50:48","date_gmt":"2019-03-21T10:50:48","guid":{"rendered":"https:\/\/vaasanluonnonravinto.fi\/?post_type=product&#038;p=3656"},"modified":"2022-03-04T16:24:16","modified_gmt":"2022-03-04T14:24:16","slug":"solgar-vitamin-b-complex-100-100-tabs","status":"publish","type":"product","link":"https:\/\/vaasanluonnonravinto.fi\/sv\/tuote\/solgar-vitamin-b-complex-100-100-tabs\/","title":{"rendered":"Solgar Vitamin B-complex \u201c100\u201d 100 tabs."},"content":{"rendered":"<h4>Aktiiviset ainesosat (1 kapseli)<\/h4>\n<p>B1-vitamiini (tiamiinimononitraatti) 100 mg, 9091*<br \/>\nB2-vitamiini (riboflaviini) 100 mg, 7143*<br \/>\nB3-vitamiini (nikotiiniamidi) 100 mg, 625*<br \/>\nB5-vitamiini (kalsium-d-pantotenaatti) 100 mg, 1667*<br \/>\nB6-vitamiini (pyridoksiinihydrokloridi) 100 mg, 7143*<br \/>\nInositoli 100 mg<br \/>\nKoliini (bitartraatti) 20 mg<br \/>\nFoolihappo (pteroyylimonoglutamiinihappo) 400 \u00b5g, 200*<br \/>\nD-biotiini 100 \u00b5g, 200*<br \/>\nB12-vitamiini (syanokobalamiini) 100 \u00b5g, 4000*<br \/>\n* % vuorokautisen saannin vertailuarvosta<\/p>\n<p>&nbsp;<\/p>\n<h4>Muut ainesosat<\/h4>\n<p>Kuorilo (hydroksipropyylimetyyliselluloosa), paakkuuntumisenestoaineet (rasvahappojen magnesiumsuolat, piidioksidi).<\/p>\n","protected":false},"excerpt":{"rendered":"<h4>\u2013 eritt\u00e4in vahva B-vitamiinikompleksi jaksamisen tueksi<\/h4>\n<p>Solgar Vitamin B-Complex \u201c100\u201d on eritt\u00e4in vahva b-vitamiinikompleksi jaksamisen tueksi, josta saat tarvittavat B-vitamiinit oikeassa suhteessa. B-vitamiinit tukevat energia-aineenvaihduntaa ja auttavat v\u00e4hent\u00e4m\u00e4\u00e4n v\u00e4symyst\u00e4 ja uupumusta.<\/p>\n<p>&nbsp;<\/p>\n<p>Tiamiini (B1), riboflaviini (B2), niasiini (B3), B6-vitamiini ja B12-vitamiini osallistuvat my\u00f6s hermoston normaaliin toimintaan.<\/p>\n<p>&nbsp;<\/p>\n<h4>Pakkauskoko<\/h4>\n<p>100 kapselia \u2013 B-vitamiinivalmiste<\/p>\n<p>&nbsp;<\/p>\n<h4>Suositeltu annostus<\/h4>\n<p>1 kapseli p\u00e4iv\u00e4ss\u00e4 ruokailun yhteydess\u00e4<\/p>\n<p>&nbsp;<\/p>\n<h4>Muuta huomioitavaa<\/h4>\n<p>B6-vitamiini voi suurina pitoisuuksina aiheuttaa sormien ja varpaiden puutumista ja pistely\u00e4. Jos saat t\u00e4llaisia oireita, valmisteen k\u00e4ytt\u00f6 on syyt\u00e4 lopettaa. Valmistetta ei suositella jatkuvaan k\u00e4ytt\u00f6\u00f6n.<\/p>\n","protected":false},"featured_media":1922,"template":"","meta":{"_acf_changed":false,"rs_blank_template":"","rs_page_bg_color":"","slide_template_v7":""},"product_brand":[],"product_cat":[73,82,77],"product_tag":[],"class_list":{"0":"post-3656","1":"product","2":"type-product","3":"status-publish","4":"has-post-thumbnail","6":"product_cat-lisaravinteet-sv","7":"product_cat-solgar-sv","8":"product_cat-vitamiinit-sv","10":"first","11":"instock","12":"taxable","13":"shipping-taxable","14":"purchasable","15":"product-type-simple"},"acf":[],"_links":{"self":[{"href":"https:\/\/vaasanluonnonravinto.fi\/sv\/wp-json\/wp\/v2\/product\/3656","targetHints":{"allow":["GET"]}}],"collection":[{"href":"https:\/\/vaasanluonnonravinto.fi\/sv\/wp-json\/wp\/v2\/product"}],"about":[{"href":"https:\/\/vaasanluonnonravinto.fi\/sv\/wp-json\/wp\/v2\/types\/product"}],"wp:featuredmedia":[{"embeddable":true,"href":"https:\/\/vaasanluonnonravinto.fi\/sv\/wp-json\/wp\/v2\/media\/1922"}],"wp:attachment":[{"href":"https:\/\/vaasanluonnonravinto.fi\/sv\/wp-json\/wp\/v2\/media?parent=3656"}],"wp:term":[{"taxonomy":"product_brand","embeddable":true,"href":"https:\/\/vaasanluonnonravinto.fi\/sv\/wp-json\/wp\/v2\/product_brand?post=3656"},{"taxonomy":"product_cat","embeddable":true,"href":"https:\/\/vaasanluonnonravinto.fi\/sv\/wp-json\/wp\/v2\/product_cat?post=3656"},{"taxonomy":"product_tag","embeddable":true,"href":"https:\/\/vaasanluonnonravinto.fi\/sv\/wp-json\/wp\/v2\/product_tag?post=3656"}],"curies":[{"name":"wp","href":"https:\/\/api.w.org\/{rel}","templated":true}]}}