{"id":3646,"date":"2019-03-21T14:23:11","date_gmt":"2019-03-21T12:23:11","guid":{"rendered":"https:\/\/vaasanluonnonravinto.fi\/?post_type=product&#038;p=3646"},"modified":"2023-01-26T14:39:15","modified_gmt":"2023-01-26T12:39:15","slug":"solgar-e-vitamiini-softgel-268-mg-50-softg","status":"publish","type":"product","link":"https:\/\/vaasanluonnonravinto.fi\/sv\/tuote\/solgar-e-vitamiini-softgel-268-mg-50-softg\/","title":{"rendered":"Solgar E-vitamiini softgel 268 mg 50 softg"},"content":{"rendered":"<h4>Aktiiviset ainesosat (1 softgelkapseli):<\/h4>\n<p>E-vitamiini (d-alfatokoferoli) 268 mg 2233*<br \/>\nTokoferolisekoitus (d-beta, d-gamma, d-delta, d-alfa) 18.5 mg<\/p>\n<p>* % vuorokautisen saannin vertailuarvosta<\/p>\n<p>&nbsp;<\/p>\n<h4>Muut ainesosat<\/h4>\n<p>Safflori\u00f6ljy, kuorilo (gelatiini [nauta], kasvisglyseroli).<\/p>\n","protected":false},"excerpt":{"rendered":"<p>Solgar E-vitamiini 268 mg sis\u00e4lt\u00e4\u00e4 luonnollista soijasta eristetty\u00e4 d-alfatokoferolia sek\u00e4 muita tokoferoleja, jotka toimivat synergiassa toistensa kanssa.<\/p>\n<p>D-alfatokoferoli on parhaiten imeytyv\u00e4 ja 100 % aktiivinen E-vitamiinin muoto.<\/p>\n<p>E-vitamiini auttaa suojaamaan soluja hapetusstressilt\u00e4.<\/p>\n<p>&nbsp;<\/p>\n<h4>Pakkauskoko<\/h4>\n<p>50 softgelkapselia \u2013 E-vitamiinivalmiste<\/p>\n<p>&nbsp;<\/p>\n<h4>Suositeltu annostus<\/h4>\n<p>1 softgelkapseli p\u00e4iv\u00e4ss\u00e4 ruokailun yhteydess\u00e4.<\/p>\n<p>&nbsp;<\/p>\n<p>&nbsp;<\/p>\n","protected":false},"featured_media":1942,"template":"","meta":{"_acf_changed":false,"rs_blank_template":"","rs_page_bg_color":"","slide_template_v7":""},"product_brand":[],"product_cat":[73,82,77],"product_tag":[],"class_list":{"0":"post-3646","1":"product","2":"type-product","3":"status-publish","4":"has-post-thumbnail","6":"product_cat-lisaravinteet-sv","7":"product_cat-solgar-sv","8":"product_cat-vitamiinit-sv","10":"first","11":"instock","12":"taxable","13":"shipping-taxable","14":"purchasable","15":"product-type-simple"},"acf":[],"_links":{"self":[{"href":"https:\/\/vaasanluonnonravinto.fi\/sv\/wp-json\/wp\/v2\/product\/3646","targetHints":{"allow":["GET"]}}],"collection":[{"href":"https:\/\/vaasanluonnonravinto.fi\/sv\/wp-json\/wp\/v2\/product"}],"about":[{"href":"https:\/\/vaasanluonnonravinto.fi\/sv\/wp-json\/wp\/v2\/types\/product"}],"wp:featuredmedia":[{"embeddable":true,"href":"https:\/\/vaasanluonnonravinto.fi\/sv\/wp-json\/wp\/v2\/media\/1942"}],"wp:attachment":[{"href":"https:\/\/vaasanluonnonravinto.fi\/sv\/wp-json\/wp\/v2\/media?parent=3646"}],"wp:term":[{"taxonomy":"product_brand","embeddable":true,"href":"https:\/\/vaasanluonnonravinto.fi\/sv\/wp-json\/wp\/v2\/product_brand?post=3646"},{"taxonomy":"product_cat","embeddable":true,"href":"https:\/\/vaasanluonnonravinto.fi\/sv\/wp-json\/wp\/v2\/product_cat?post=3646"},{"taxonomy":"product_tag","embeddable":true,"href":"https:\/\/vaasanluonnonravinto.fi\/sv\/wp-json\/wp\/v2\/product_tag?post=3646"}],"curies":[{"name":"wp","href":"https:\/\/api.w.org\/{rel}","templated":true}]}}