{"id":3644,"date":"2019-05-29T12:35:14","date_gmt":"2019-05-29T09:35:14","guid":{"rendered":"https:\/\/vaasanluonnonravinto.fi\/?post_type=product&#038;p=3644"},"modified":"2024-08-31T14:58:54","modified_gmt":"2024-08-31T11:58:54","slug":"solgar-e-vitamiini-nestemainen","status":"publish","type":"product","link":"https:\/\/vaasanluonnonravinto.fi\/sv\/tuote\/solgar-e-vitamiini-nestemainen\/","title":{"rendered":"Solgar E-vitamiini, nestem\u00e4inen"},"content":{"rendered":"<h4>Aktiiviset ainesosat (0,5 ml):<\/h4>\n<p>E-vitamiini (d-alfatokoferoli) 101 mg, 839*<br \/>\nTokoferolisekoitus (d-beta, d-gamma, d-delta, d-alfa)<\/p>\n<p>* % vuorokautisen saannin vertailuarvosta<\/p>\n<p>&nbsp;<\/p>\n<h4>Muut ainesosat<\/h4>\n<p>Safflori\u00f6ljy, auringonkukka\u00f6ljy.<\/p>\n","protected":false},"excerpt":{"rendered":"<p>Helppok\u00e4ytt\u00f6inen ja hyvin imeytyv\u00e4 E-vitamiini solujen suojaksi. Tuote sis\u00e4lt\u00e4\u00e4 tehokkaasti imeytyv\u00e4\u00e4 ja 100 % bioaktiivista d-alfatokoferolia sek\u00e4 muita synergisi\u00e4 tokoferoleja. Tuotetta on k\u00e4tev\u00e4 annostella tippapullon avulla.<\/p>\n<p>&nbsp;<\/p>\n<p>E-vitamiini auttaa suojaamaan soluja hapetusstressilt\u00e4.<\/p>\n<p>&nbsp;<\/p>\n<h4>Pakkauskoko<\/h4>\n<p>59,2 ml \u2013 E-vitamiinivalmiste<\/p>\n<p>&nbsp;<\/p>\n<h4>Suositeltu annostus<\/h4>\n<p>0,5 ml p\u00e4iv\u00e4ss\u00e4 ruokailun yhteydess\u00e4.<\/p>\n<p>&nbsp;<\/p>\n<p>&nbsp;<\/p>\n","protected":false},"featured_media":1946,"template":"","meta":{"_acf_changed":false,"rs_blank_template":"","rs_page_bg_color":"","slide_template_v7":""},"product_brand":[],"product_cat":[73,82,77],"product_tag":[],"class_list":{"0":"post-3644","1":"product","2":"type-product","3":"status-publish","4":"has-post-thumbnail","6":"product_cat-lisaravinteet-sv","7":"product_cat-solgar-sv","8":"product_cat-vitamiinit-sv","10":"first","11":"instock","12":"taxable","13":"shipping-taxable","14":"purchasable","15":"product-type-simple"},"acf":[],"_links":{"self":[{"href":"https:\/\/vaasanluonnonravinto.fi\/sv\/wp-json\/wp\/v2\/product\/3644","targetHints":{"allow":["GET"]}}],"collection":[{"href":"https:\/\/vaasanluonnonravinto.fi\/sv\/wp-json\/wp\/v2\/product"}],"about":[{"href":"https:\/\/vaasanluonnonravinto.fi\/sv\/wp-json\/wp\/v2\/types\/product"}],"wp:featuredmedia":[{"embeddable":true,"href":"https:\/\/vaasanluonnonravinto.fi\/sv\/wp-json\/wp\/v2\/media\/1946"}],"wp:attachment":[{"href":"https:\/\/vaasanluonnonravinto.fi\/sv\/wp-json\/wp\/v2\/media?parent=3644"}],"wp:term":[{"taxonomy":"product_brand","embeddable":true,"href":"https:\/\/vaasanluonnonravinto.fi\/sv\/wp-json\/wp\/v2\/product_brand?post=3644"},{"taxonomy":"product_cat","embeddable":true,"href":"https:\/\/vaasanluonnonravinto.fi\/sv\/wp-json\/wp\/v2\/product_cat?post=3644"},{"taxonomy":"product_tag","embeddable":true,"href":"https:\/\/vaasanluonnonravinto.fi\/sv\/wp-json\/wp\/v2\/product_tag?post=3644"}],"curies":[{"name":"wp","href":"https:\/\/api.w.org\/{rel}","templated":true}]}}