{"id":3642,"date":"2019-03-21T14:43:42","date_gmt":"2019-03-21T12:43:42","guid":{"rendered":"https:\/\/vaasanluonnonravinto.fi\/?post_type=product&#038;p=3642"},"modified":"2023-12-27T17:24:54","modified_gmt":"2023-12-27T15:24:54","slug":"solgar-kalsiumsitraatti-d3-240-tabs","status":"publish","type":"product","link":"https:\/\/vaasanluonnonravinto.fi\/sv\/tuote\/solgar-kalsiumsitraatti-d3-240-tabs\/","title":{"rendered":"Solgar Kalsiumsitraatti + D3 240 tabs."},"content":{"rendered":"","protected":false},"excerpt":{"rendered":"<h4>Pakkauskoko<\/h4>\n<p>240 tablettia \u2013 mineraali\/vitamiinivalmiste<\/p>\n<p>&nbsp;<\/p>\n<h4>Suositeltu annostus<\/h4>\n<p>1-4 tablettia p\u00e4iv\u00e4ss\u00e4 ruokailun yhteydess\u00e4<\/p>\n<p>&nbsp;<\/p>\n<h4>Aktiiviset ainesosat (1 tabletti):<\/h4>\n<p>Kalsium (sitraatti) 250 mg, 31*<br \/>\nD3-vitamiini (kolekalsiferoli) 3,75 \u00b5g, 75*<br \/>\n* % vuorokautisen saannin vertailuarvosta<\/p>\n<p>&nbsp;<\/p>\n<h4>Muut ainesosat<\/h4>\n<p>T\u00e4yteaineet (mikrokiteinen selluloosa, karboksimetyyliselluloosa),<br \/>\npaakkuuntumisenestoaineet (piidioksidi, rasvahappojen magnesiumsuolat),<br \/>\npintak\u00e4sittelyaineet (hydroksipropyylimetyyliselluloosa, kasvisglyseroli)<br \/>\ntitaanidioksidi (v\u00e4ri).<\/p>\n","protected":false},"featured_media":1950,"template":"","meta":{"_acf_changed":false,"rs_blank_template":"","rs_page_bg_color":"","slide_template_v7":""},"product_brand":[],"product_cat":[73,76,82],"product_tag":[],"class_list":{"0":"post-3642","1":"product","2":"type-product","3":"status-publish","4":"has-post-thumbnail","6":"product_cat-lisaravinteet-sv","7":"product_cat-kivennaisvalmisteet-sv","8":"product_cat-solgar-sv","10":"first","11":"instock","12":"taxable","13":"shipping-taxable","14":"purchasable","15":"product-type-simple"},"acf":[],"_links":{"self":[{"href":"https:\/\/vaasanluonnonravinto.fi\/sv\/wp-json\/wp\/v2\/product\/3642","targetHints":{"allow":["GET"]}}],"collection":[{"href":"https:\/\/vaasanluonnonravinto.fi\/sv\/wp-json\/wp\/v2\/product"}],"about":[{"href":"https:\/\/vaasanluonnonravinto.fi\/sv\/wp-json\/wp\/v2\/types\/product"}],"wp:featuredmedia":[{"embeddable":true,"href":"https:\/\/vaasanluonnonravinto.fi\/sv\/wp-json\/wp\/v2\/media\/1950"}],"wp:attachment":[{"href":"https:\/\/vaasanluonnonravinto.fi\/sv\/wp-json\/wp\/v2\/media?parent=3642"}],"wp:term":[{"taxonomy":"product_brand","embeddable":true,"href":"https:\/\/vaasanluonnonravinto.fi\/sv\/wp-json\/wp\/v2\/product_brand?post=3642"},{"taxonomy":"product_cat","embeddable":true,"href":"https:\/\/vaasanluonnonravinto.fi\/sv\/wp-json\/wp\/v2\/product_cat?post=3642"},{"taxonomy":"product_tag","embeddable":true,"href":"https:\/\/vaasanluonnonravinto.fi\/sv\/wp-json\/wp\/v2\/product_tag?post=3642"}],"curies":[{"name":"wp","href":"https:\/\/api.w.org\/{rel}","templated":true}]}}