{"id":3639,"date":"2019-03-21T15:05:43","date_gmt":"2019-03-21T13:05:43","guid":{"rendered":"https:\/\/vaasanluonnonravinto.fi\/?post_type=product&#038;p=3639"},"modified":"2022-03-04T16:20:03","modified_gmt":"2022-03-04T14:20:03","slug":"solgar-kalsium-magnesiumsitraatti-250-tabl","status":"publish","type":"product","link":"https:\/\/vaasanluonnonravinto.fi\/sv\/tuote\/solgar-kalsium-magnesiumsitraatti-250-tabl\/","title":{"rendered":"Solgar Kalsium-magnesiumsitraatti 250 tabl."},"content":{"rendered":"","protected":false},"excerpt":{"rendered":"<h4>Pakkauskokot<\/h4>\n<p>50, 100 ja 250 tablettia \u2013 mineraalivalmiste<\/p>\n<p>&nbsp;<\/p>\n<h4>Suositeltu annostus<\/h4>\n<p>2-5 tablettia p\u00e4iv\u00e4ss\u00e4 ruokailun yhteydess\u00e4.<\/p>\n<p>&nbsp;<\/p>\n<h4>Aktiiviset ainesosat (2 tablettia):<\/h4>\n<p>Kalsium (sitraatti) 400 mg, 50*<br \/>\nMagnesium (oksidi, sitraatti) 200 mg, 53*<\/p>\n<p>* % vuorokautisen saannin vertailuarvosta<\/p>\n<p>&nbsp;<\/p>\n<h4>Muut ainesosat<\/h4>\n<p>T\u00e4yteaineet (mikrokiteinen selluloosa, karboksimetyyliselluloosa),<br \/>\npintak\u00e4sittelyaineet (hydroksipropyylimetyyliselluloosa, kasvisglyseroli),<br \/>\npaakkuuntumisen estoaineet (piidioksidi, steariinihappo, rasvahappojen magnesiumsuolat),<br \/>\nv\u00e4ri (titaanidioksidi).<\/p>\n","protected":false},"featured_media":1956,"template":"","meta":{"_acf_changed":false,"rs_blank_template":"","rs_page_bg_color":"","slide_template_v7":""},"product_brand":[],"product_cat":[73,76,82],"product_tag":[],"class_list":{"0":"post-3639","1":"product","2":"type-product","3":"status-publish","4":"has-post-thumbnail","6":"product_cat-lisaravinteet-sv","7":"product_cat-kivennaisvalmisteet-sv","8":"product_cat-solgar-sv","10":"first","11":"instock","12":"taxable","13":"shipping-taxable","14":"purchasable","15":"product-type-simple"},"acf":[],"_links":{"self":[{"href":"https:\/\/vaasanluonnonravinto.fi\/sv\/wp-json\/wp\/v2\/product\/3639","targetHints":{"allow":["GET"]}}],"collection":[{"href":"https:\/\/vaasanluonnonravinto.fi\/sv\/wp-json\/wp\/v2\/product"}],"about":[{"href":"https:\/\/vaasanluonnonravinto.fi\/sv\/wp-json\/wp\/v2\/types\/product"}],"wp:featuredmedia":[{"embeddable":true,"href":"https:\/\/vaasanluonnonravinto.fi\/sv\/wp-json\/wp\/v2\/media\/1956"}],"wp:attachment":[{"href":"https:\/\/vaasanluonnonravinto.fi\/sv\/wp-json\/wp\/v2\/media?parent=3639"}],"wp:term":[{"taxonomy":"product_brand","embeddable":true,"href":"https:\/\/vaasanluonnonravinto.fi\/sv\/wp-json\/wp\/v2\/product_brand?post=3639"},{"taxonomy":"product_cat","embeddable":true,"href":"https:\/\/vaasanluonnonravinto.fi\/sv\/wp-json\/wp\/v2\/product_cat?post=3639"},{"taxonomy":"product_tag","embeddable":true,"href":"https:\/\/vaasanluonnonravinto.fi\/sv\/wp-json\/wp\/v2\/product_tag?post=3639"}],"curies":[{"name":"wp","href":"https:\/\/api.w.org\/{rel}","templated":true}]}}