{"id":3632,"date":"2019-03-21T15:30:34","date_gmt":"2019-03-21T13:30:34","guid":{"rendered":"https:\/\/vaasanluonnonravinto.fi\/?post_type=product&#038;p=3632"},"modified":"2024-12-25T00:37:04","modified_gmt":"2024-12-24T22:37:04","slug":"solgar-gentle-iron-180-kaps","status":"publish","type":"product","link":"https:\/\/vaasanluonnonravinto.fi\/sv\/tuote\/solgar-gentle-iron-180-kaps\/","title":{"rendered":"Solgar Gentle Iron\u2122 180 kaps"},"content":{"rendered":"<h4>Aktiiviset ainesosat (1 kapseli):<\/h4>\n<p>Rauta (bisglysinaatti\u2020) 20 mg, 143*<\/p>\n<p>* % vuorokautisen saannin vertailuarvosta<\/p>\n<p>\u2020 Albion International, Inc.<\/p>\n<p>&nbsp;<\/p>\n<h4>Muut ainesosat<\/h4>\n<p>T\u00e4yteaineet (mikrokiteinen selluloosa, sitruunahappo, maltodekstriini), kuorilo (hydroksipropyylimetyyliselluloosa), paakkuuntumisenestoaine (rasvahappojen magnesiumsuolat).<\/p>\n","protected":false},"excerpt":{"rendered":"<h4>\u2013 vatsayst\u00e4v\u00e4llinen ja hyvin imeytyv\u00e4 rauta<\/h4>\n<p>Solgar Gentle Iron\u2122 -rauta on hyvin imeytyv\u00e4ss\u00e4 ja vatsayst\u00e4v\u00e4llisess\u00e4 bisglysinaattimuodossa, eik\u00e4 se n\u00e4in rasita vatsaa tai aiheuta ummetusta. Tuote sopii my\u00f6s vegaaneille.<\/p>\n<p>&nbsp;<\/p>\n<p>Rauta osallistuu normaalien kognitiivisten toimintojen, energia-aineenvaihdunnan, hapenkuljetuksen ja vastustuskyvyn yll\u00e4pitoon.<\/p>\n<p>&nbsp;<\/p>\n<h4>Pakkauskoot<\/h4>\n<p>90 ja 180 kapselia \u2013 hivenainevalmiste<\/p>\n<p>&nbsp;<\/p>\n<h4>Suositeltu annostus<\/h4>\n<p>1 kapseli p\u00e4iv\u00e4ss\u00e4 ruokailun yhteydess\u00e4.<\/p>\n<p>&nbsp;<\/p>\n<h4>Raudan hyv\u00e4ksytyt terveysv\u00e4itteet<\/h4>\n<p>Rauta edist\u00e4\u00e4 normaalia kognitiivista toimintaa.<br \/>\nRauta edist\u00e4\u00e4 normaalia energia-aineenvaihduntaa.<br \/>\nRauta edist\u00e4\u00e4 normaalia punaisten verisolujen ja hemoglobiinin muodostumista.<br \/>\nRauta edist\u00e4\u00e4 normaalia hapen kuljetusta kehossa.<br \/>\nRauta edist\u00e4\u00e4 immuunij\u00e4rjestelm\u00e4n normaalia toimintaa.<br \/>\nRauta auttaa v\u00e4hent\u00e4m\u00e4\u00e4n v\u00e4symyst\u00e4 ja uupumusta.<br \/>\nRauta osallistuu solujen jakautumisprosessiin.<\/p>\n","protected":false},"featured_media":1970,"template":"","meta":{"_acf_changed":false,"rs_blank_template":"","rs_page_bg_color":"","slide_template_v7":""},"product_brand":[],"product_cat":[73,76,82],"product_tag":[],"class_list":{"0":"post-3632","1":"product","2":"type-product","3":"status-publish","4":"has-post-thumbnail","6":"product_cat-lisaravinteet-sv","7":"product_cat-kivennaisvalmisteet-sv","8":"product_cat-solgar-sv","10":"first","11":"instock","12":"taxable","13":"shipping-taxable","14":"purchasable","15":"product-type-simple"},"acf":[],"_links":{"self":[{"href":"https:\/\/vaasanluonnonravinto.fi\/sv\/wp-json\/wp\/v2\/product\/3632","targetHints":{"allow":["GET"]}}],"collection":[{"href":"https:\/\/vaasanluonnonravinto.fi\/sv\/wp-json\/wp\/v2\/product"}],"about":[{"href":"https:\/\/vaasanluonnonravinto.fi\/sv\/wp-json\/wp\/v2\/types\/product"}],"wp:featuredmedia":[{"embeddable":true,"href":"https:\/\/vaasanluonnonravinto.fi\/sv\/wp-json\/wp\/v2\/media\/1970"}],"wp:attachment":[{"href":"https:\/\/vaasanluonnonravinto.fi\/sv\/wp-json\/wp\/v2\/media?parent=3632"}],"wp:term":[{"taxonomy":"product_brand","embeddable":true,"href":"https:\/\/vaasanluonnonravinto.fi\/sv\/wp-json\/wp\/v2\/product_brand?post=3632"},{"taxonomy":"product_cat","embeddable":true,"href":"https:\/\/vaasanluonnonravinto.fi\/sv\/wp-json\/wp\/v2\/product_cat?post=3632"},{"taxonomy":"product_tag","embeddable":true,"href":"https:\/\/vaasanluonnonravinto.fi\/sv\/wp-json\/wp\/v2\/product_tag?post=3632"}],"curies":[{"name":"wp","href":"https:\/\/api.w.org\/{rel}","templated":true}]}}