{"id":3628,"date":"2019-03-22T09:08:06","date_gmt":"2019-03-22T07:08:06","guid":{"rendered":"https:\/\/vaasanluonnonravinto.fi\/?post_type=product&#038;p=3628"},"modified":"2022-03-04T16:17:38","modified_gmt":"2022-03-04T14:17:38","slug":"solgar-seleeni-200-%c2%b5g-hiivaton-50-tabl","status":"publish","type":"product","link":"https:\/\/vaasanluonnonravinto.fi\/sv\/tuote\/solgar-seleeni-200-%c2%b5g-hiivaton-50-tabl\/","title":{"rendered":"Solgar Seleeni 200 mcg (hiivaton) 50 tabl"},"content":{"rendered":"<h4>Aktiiviset ainesosat (1 tabletti):<\/h4>\n<p>Seleeni (l-selenometioniini) 200 \u00b5g, 364*<\/p>\n<p>* % vuorokautisen saannin vertailuarvosta<\/p>\n<p>&nbsp;<\/p>\n<h4>Muut ainesosat<\/h4>\n<p>T\u00e4yteaineet (dikalsiumfosfaatti, mikrokiteinen selluloosa, karboksimetyyliselluloosa), paakkuuntumisenestoaineet (piidioksidi, rasvahappojen magnesiumsuolat).<\/p>\n","protected":false},"excerpt":{"rendered":"<p>Solgar Seleeni 200 ug on korkealaatuinen ja hiivaton seleenivalmiste.<\/p>\n<p>&nbsp;<\/p>\n<h4>Pakkauskoot<\/h4>\n<p>50,100 ja 250 tablettia \u2013 hivenainevalmiste<\/p>\n<p>&nbsp;<\/p>\n<h4>Suositeltu annostus<\/h4>\n<p>1 tabletti p\u00e4iv\u00e4ss\u00e4 ruokailun yhteydess\u00e4.<\/p>\n<p>&nbsp;<\/p>\n<h4>Seleenin hyv\u00e4ksytyt terveysv\u00e4itt\u00e4m\u00e4t<\/h4>\n<p>Seleeni edist\u00e4\u00e4 normaalia siitti\u00f6iden muodostusta.<\/p>\n<p>Seleeni edist\u00e4\u00e4 hiusten pysymist\u00e4 normaaleina.<\/p>\n<p>Seleeni edist\u00e4\u00e4 kynsien pysymist\u00e4 normaaleina.<\/p>\n<p>Seleeni edist\u00e4\u00e4 immuunij\u00e4rjestelm\u00e4n normaalia toimintaa.<\/p>\n<p>Seleeni edist\u00e4\u00e4 kilpirauhasen normaalia toimintaa.<\/p>\n<p>Seleeni edist\u00e4\u00e4 solujen suojaamista hapettumisstressilt\u00e4.<\/p>\n","protected":false},"featured_media":1978,"template":"","meta":{"_acf_changed":false,"rs_blank_template":"","rs_page_bg_color":"","slide_template_v7":""},"product_brand":[],"product_cat":[73,76,82],"product_tag":[],"class_list":{"0":"post-3628","1":"product","2":"type-product","3":"status-publish","4":"has-post-thumbnail","6":"product_cat-lisaravinteet-sv","7":"product_cat-kivennaisvalmisteet-sv","8":"product_cat-solgar-sv","10":"first","11":"instock","12":"taxable","13":"shipping-taxable","14":"purchasable","15":"product-type-simple"},"acf":[],"_links":{"self":[{"href":"https:\/\/vaasanluonnonravinto.fi\/sv\/wp-json\/wp\/v2\/product\/3628","targetHints":{"allow":["GET"]}}],"collection":[{"href":"https:\/\/vaasanluonnonravinto.fi\/sv\/wp-json\/wp\/v2\/product"}],"about":[{"href":"https:\/\/vaasanluonnonravinto.fi\/sv\/wp-json\/wp\/v2\/types\/product"}],"wp:featuredmedia":[{"embeddable":true,"href":"https:\/\/vaasanluonnonravinto.fi\/sv\/wp-json\/wp\/v2\/media\/1978"}],"wp:attachment":[{"href":"https:\/\/vaasanluonnonravinto.fi\/sv\/wp-json\/wp\/v2\/media?parent=3628"}],"wp:term":[{"taxonomy":"product_brand","embeddable":true,"href":"https:\/\/vaasanluonnonravinto.fi\/sv\/wp-json\/wp\/v2\/product_brand?post=3628"},{"taxonomy":"product_cat","embeddable":true,"href":"https:\/\/vaasanluonnonravinto.fi\/sv\/wp-json\/wp\/v2\/product_cat?post=3628"},{"taxonomy":"product_tag","embeddable":true,"href":"https:\/\/vaasanluonnonravinto.fi\/sv\/wp-json\/wp\/v2\/product_tag?post=3628"}],"curies":[{"name":"wp","href":"https:\/\/api.w.org\/{rel}","templated":true}]}}