{"id":3624,"date":"2019-03-22T09:21:18","date_gmt":"2019-03-22T07:21:18","guid":{"rendered":"https:\/\/vaasanluonnonravinto.fi\/?post_type=product&#038;p=3624"},"modified":"2023-08-28T15:28:57","modified_gmt":"2023-08-28T12:28:57","slug":"solgar-female-multiple-monivitamiini-naisille-60-tabl","status":"publish","type":"product","link":"https:\/\/vaasanluonnonravinto.fi\/sv\/tuote\/solgar-female-multiple-monivitamiini-naisille-60-tabl\/","title":{"rendered":"Solgar Female Multiple \u2013 monivitamiini naisille 60 tabl."},"content":{"rendered":"<h4>Aktiiviset ainesosat (1 tabletti):<\/h4>\n<p>Kalsium (karbonaatti, bisglysinaatti\u2020, sitraatti) 133 mg<br \/>\nMagnesium (oksidi, bisglysinaatti\u2020, sitraatti) 133 mg, 36*<br \/>\nC-vitamiinia (l-askorbiinihappo) 133 mg, 222*<br \/>\nE-vitamiini (d-alfa-tokoferoli-sukkinaatti) 89 mg, 744*<br \/>\nKoliini (bitartraatti) 33 mg<br \/>\nInositoli 33 mg<br \/>\nB5-vitamiini (kalsiumpantotenaatti) 27 mg, 444*<br \/>\nB3-vitamiini (nikotiiniamidi) 20 mg, 125*<br \/>\nB1-vitamiini (tiamiinimononitraatti) 17 mg, 1515*<br \/>\nB6-vitamiini (pyridoksiinihydrokloridi) 17 mg, 1190*<br \/>\nB2-vitamiini (riboflaviini, riboflaviini-5-fosfaatti) 18 mg, 1285*<br \/>\nSitrusbioflavonoidieja 8 mg<br \/>\nRauta (bisglysinaatti\u2020) 6 mg, 43*<br \/>\nSinkki (bisglysinaatti\u2020) 5 mg, 50*<br \/>\nLuonnollinen betakaroteeni 1,8 mg<br \/>\nMangaani (bisglysinaatti\u2020) 667 \u00b5g, 33*<br \/>\nKupari (bisglysinaatti\u2020) 500 \u00b5g, 50*<br \/>\nFoolihappo (pteroyylimonoglutamiinihappo) 133 \u00b5g, 67*<br \/>\nD-biotiini 100 \u00b5g, 200*<br \/>\nBoori (boorihappo) 83 \u00b5g<br \/>\nSeleeni (L-selenometioniini) 67 \u00b5g, 121*<br \/>\nB12-vitamiini (syanokobalamiini) 67 \u00b5g, 2666*<br \/>\nKromi (pikolinaatti) 67 \u00b5g, 166*<br \/>\nJodi (kaliumjodidi) 50 \u00b5g, 33*<br \/>\nK1-vitamiini (fytonadioni) 6,6 \u00b5g<br \/>\nKarotenoideja 5 \u00b5g<br \/>\nD2-vitamiini (ergokalsiferoli) 3,3 \u00b5g, 67*<\/p>\n<p>* % vuorokautisen saannin vertailuarvosta<\/p>\n<p>&nbsp;<\/p>\n<p>\u2020 Albion International, Inc.<\/p>\n<p>&nbsp;<\/p>\n<h4>Muut ainesosat<\/h4>\n<p>T\u00e4yteaineet (maltodekstriini, mikrokiteinen selluloosa, dikalsiumfosfaatti, natriumalginaatti, hernet\u00e4rkkelys, mannitoli, hydroksipropyylimetyyliselluloosa, karboksimetyyliselluloosa, sitruunahappo), paakkuuntumisen estoaineet (steariinihappo, piidioksidi, rasvahappojen magnesiumsuolat), pintak\u00e4sittelyaineet (hydroksipropyylimetyyliselluloosa, glyseroli), v\u00e4rit (violettiporkkanajauhe, titaanidioksidi).<\/p>\n","protected":false},"excerpt":{"rendered":"<p>Female Multiple -monivitamiini on suunniteltu vastaamaan erityisesti naisten ravitsemuksellisia tarpeita eri ik\u00e4vaiheissa. Valmisteen rauta on erityisess\u00e4 bisglysinaattimuodossa, jonka asioista se on mahayst\u00e4v\u00e4llinen ja imeytyy hyvin.<\/p>\n<p>&nbsp;<\/p>\n<h4>Pakkauskoot<\/h4>\n<p>60 ja 120 tablettia \u2013 monivitamiini\/hivenainevalmiste<\/p>\n<p>&nbsp;<\/p>\n<h4>Suositeltu annostus<\/h4>\n<p>1 tabletti p\u00e4iv\u00e4ss\u00e4 ruokailun yhteydess\u00e4.<\/p>\n<p>&nbsp;<\/p>\n","protected":false},"featured_media":1986,"template":"","meta":{"_acf_changed":false,"rs_blank_template":"","rs_page_bg_color":"","slide_template_v7":""},"product_brand":[],"product_cat":[73,82,77],"product_tag":[],"class_list":{"0":"post-3624","1":"product","2":"type-product","3":"status-publish","4":"has-post-thumbnail","6":"product_cat-lisaravinteet-sv","7":"product_cat-solgar-sv","8":"product_cat-vitamiinit-sv","10":"first","11":"instock","12":"taxable","13":"shipping-taxable","14":"purchasable","15":"product-type-simple"},"acf":[],"_links":{"self":[{"href":"https:\/\/vaasanluonnonravinto.fi\/sv\/wp-json\/wp\/v2\/product\/3624","targetHints":{"allow":["GET"]}}],"collection":[{"href":"https:\/\/vaasanluonnonravinto.fi\/sv\/wp-json\/wp\/v2\/product"}],"about":[{"href":"https:\/\/vaasanluonnonravinto.fi\/sv\/wp-json\/wp\/v2\/types\/product"}],"wp:featuredmedia":[{"embeddable":true,"href":"https:\/\/vaasanluonnonravinto.fi\/sv\/wp-json\/wp\/v2\/media\/1986"}],"wp:attachment":[{"href":"https:\/\/vaasanluonnonravinto.fi\/sv\/wp-json\/wp\/v2\/media?parent=3624"}],"wp:term":[{"taxonomy":"product_brand","embeddable":true,"href":"https:\/\/vaasanluonnonravinto.fi\/sv\/wp-json\/wp\/v2\/product_brand?post=3624"},{"taxonomy":"product_cat","embeddable":true,"href":"https:\/\/vaasanluonnonravinto.fi\/sv\/wp-json\/wp\/v2\/product_cat?post=3624"},{"taxonomy":"product_tag","embeddable":true,"href":"https:\/\/vaasanluonnonravinto.fi\/sv\/wp-json\/wp\/v2\/product_tag?post=3624"}],"curies":[{"name":"wp","href":"https:\/\/api.w.org\/{rel}","templated":true}]}}