{"id":3622,"date":"2019-03-22T09:26:27","date_gmt":"2019-03-22T07:26:27","guid":{"rendered":"https:\/\/vaasanluonnonravinto.fi\/?post_type=product&#038;p=3622"},"modified":"2022-03-04T16:16:33","modified_gmt":"2022-03-04T14:16:33","slug":"solgar-male-multiple-monivitamiini-miehille-60-tabl","status":"publish","type":"product","link":"https:\/\/vaasanluonnonravinto.fi\/sv\/tuote\/solgar-male-multiple-monivitamiini-miehille-60-tabl\/","title":{"rendered":"Solgar Male Multiple \u2013 monivitamiini miehille 60 tabl"},"content":{"rendered":"<h4>Aktiiviset ainesosat (1 tabletti):<\/h4>\n<p>Kalsium (karbonaatti, bisglysinaatti\u2020, sitraatti) 133 mg<br \/>\nMagnesium (oksidi, sitraatti, bisglysinaatti\u2020) 133 mg, 36*<br \/>\nC-vitamiini (l-askorbiinihappo) 133 mg, 166*<br \/>\nE-vitamiinia (d-alfa-tokoferoli-sukkinaatti) 89 mg, 744*<br \/>\nKoliini (bitartraatti) 33 mg<br \/>\nInositoli 33 mg<br \/>\nB5-vitamiini (kalsiumpantotenaatti) 27 mg, 444*<br \/>\nB6-vitamiini (pyridoksiinihydrokloridi) 25 mg, 1785*<br \/>\nB3-vitamiini (nikotiiniamidi) 20 mg, 125*<br \/>\nB1-vitamiini (tiamiinimononitraatti) 17 mg, 1515*<br \/>\nB2-vitamiini (riboflaviini, riboflaviini-5-fosfaatti) 18 mg, 1285*<br \/>\nSitrusbioflavonoidieja 8,3 mg<br \/>\nSinkki (bisglysinaatti\u2020, oksidi) 5 mg, 50*<br \/>\nLuonnollinen betakaroteeni 1,8 mg<br \/>\nKarotenoideja 5 \u00b5g<br \/>\nMangaani (bisglysinaatti\u2020) 660 \u00b5g, 34*<br \/>\nKupari (bisglysinaatti\u2020) 500 \u00b5g, 50*<br \/>\nLykopeeni (tomaattiuute) 300 \u00b5g<br \/>\nB12-vitamiini (syanokobalamiini) 166 \u00b5g, 6666*<br \/>\nFoolihappo (pteroyylimonoglutamiinihappo) 133 \u00b5g, 66*<br \/>\nD-biotiini 100 \u00b5g, 200*<br \/>\nBoori (boorihappo) 83 \u00b5g<br \/>\nSeleeni (L-selenometioniini) 67 \u00b5g<br \/>\nKromi (pikolinaatti) 67 \u00b5g, 167*<br \/>\nJodi (kaliumjodidi) 50 \u00b5g, 33*<br \/>\nD2-vitamiini (ergokalsiferoli) 3,3 \u00b5g, 66*<\/p>\n<p>* % vuorokautisen saannin vertailuarvosta<\/p>\n<p>&nbsp;<\/p>\n<p>\u2020 Albion International, Inc.<\/p>\n<p>&nbsp;<\/p>\n<h4>Muut ainesosat<\/h4>\n<p>T\u00e4yteaineet (maltodekstriini, mikrokiteinen selluloosa, hydroksipropyyliselluloosa, dikalsiumfosfaatti, mannitoli, alginaatti, hernet\u00e4rkkelys, karboksimetyyliselluloosa, sitruunahappo), paakkuuntumisen estoaineet (piidioksidi, steariinihappo, rasvahappojen magnesiumsuolat), pintak\u00e4sittelyaineet (hydroksipropyylimetyyliselluloosa, glyseroli), v\u00e4rit (klorofylli, titaanidioksidi).<\/p>\n","protected":false},"excerpt":{"rendered":"<p>Male Multiple -monivitamiini on suunniteltu erityisesti miehen tarpeisiin eik\u00e4 se sis\u00e4ll\u00e4 rautaa. Tuote sis\u00e4lt\u00e4\u00e4 mm. C- ja E-vitamiineja, sinkki\u00e4 ja seleeni\u00e4, jotka ovat erityisen t\u00e4rkeit\u00e4 miehen terveydelle.<\/p>\n<p>&nbsp;<\/p>\n<h4>Pakkauskoot<\/h4>\n<p>60 ja 120 tablettia \u2013 monivitamiini\/hivenainevalmiste<\/p>\n<p>&nbsp;<\/p>\n<h4>Suositeltu annostus<\/h4>\n<p>1 tabletti p\u00e4iv\u00e4ss\u00e4 ruokailun yhteydess\u00e4.<\/p>\n","protected":false},"featured_media":1990,"template":"","meta":{"_acf_changed":false,"rs_blank_template":"","rs_page_bg_color":"","slide_template_v7":""},"product_brand":[],"product_cat":[73,82,77],"product_tag":[],"class_list":{"0":"post-3622","1":"product","2":"type-product","3":"status-publish","4":"has-post-thumbnail","6":"product_cat-lisaravinteet-sv","7":"product_cat-solgar-sv","8":"product_cat-vitamiinit-sv","10":"first","11":"instock","12":"taxable","13":"shipping-taxable","14":"purchasable","15":"product-type-simple"},"acf":[],"_links":{"self":[{"href":"https:\/\/vaasanluonnonravinto.fi\/sv\/wp-json\/wp\/v2\/product\/3622","targetHints":{"allow":["GET"]}}],"collection":[{"href":"https:\/\/vaasanluonnonravinto.fi\/sv\/wp-json\/wp\/v2\/product"}],"about":[{"href":"https:\/\/vaasanluonnonravinto.fi\/sv\/wp-json\/wp\/v2\/types\/product"}],"wp:featuredmedia":[{"embeddable":true,"href":"https:\/\/vaasanluonnonravinto.fi\/sv\/wp-json\/wp\/v2\/media\/1990"}],"wp:attachment":[{"href":"https:\/\/vaasanluonnonravinto.fi\/sv\/wp-json\/wp\/v2\/media?parent=3622"}],"wp:term":[{"taxonomy":"product_brand","embeddable":true,"href":"https:\/\/vaasanluonnonravinto.fi\/sv\/wp-json\/wp\/v2\/product_brand?post=3622"},{"taxonomy":"product_cat","embeddable":true,"href":"https:\/\/vaasanluonnonravinto.fi\/sv\/wp-json\/wp\/v2\/product_cat?post=3622"},{"taxonomy":"product_tag","embeddable":true,"href":"https:\/\/vaasanluonnonravinto.fi\/sv\/wp-json\/wp\/v2\/product_tag?post=3622"}],"curies":[{"name":"wp","href":"https:\/\/api.w.org\/{rel}","templated":true}]}}