{"id":3620,"date":"2019-03-22T09:31:54","date_gmt":"2019-03-22T07:31:54","guid":{"rendered":"https:\/\/vaasanluonnonravinto.fi\/?post_type=product&#038;p=3620"},"modified":"2022-03-04T16:16:11","modified_gmt":"2022-03-04T14:16:11","slug":"solgar-prenatal-nutrients-monivitamiini-raskaus-ja-imetysajalle-60-tabl","status":"publish","type":"product","link":"https:\/\/vaasanluonnonravinto.fi\/sv\/tuote\/solgar-prenatal-nutrients-monivitamiini-raskaus-ja-imetysajalle-60-tabl\/","title":{"rendered":"Solgar Prenatal Nutrients \u2013 monivitamiini raskaus- ja imetysajalle 60 tabl."},"content":{"rendered":"<h4>Aktiiviset ainesosat (2 tablettia):<\/h4>\n<p>Kalsium (karbonaatti, sitraatti) 652 mg, 82*<br \/>\nMagnesium (oksidi, sitraatti) 227 mg, 61*<br \/>\nSoijaproteiini-isolaatti 80 mg<br \/>\nC-vitamiinia (l-askorbiinihappo) 50 mg, 63*<br \/>\nRauta (bisglysinaatti\u2020) 14 mg, 100*<br \/>\nSinkki (oksidi, bisglysinaatti\u2020) 7,5 mg, 75*<br \/>\nB3-vitamiini (nikotiiniamidi) 10 mg, 63*<br \/>\nL-aspartiinihappo 10 mg<br \/>\nGlysiini 10 mg<br \/>\nE-vitamiinia (d-alfa-tokoferoli-sukkinaatti) 10 mg, 83*<br \/>\nB5-vitamiini (kalsiumpantotenaatti) 5 mg, 83*<br \/>\nInositoli 5 mg<br \/>\nKoliini (bitartraatti) 2 mg<br \/>\nBetakaroteeni 1,8 mg<br \/>\nB6-vitamiini (pyridoksiinihydrokloridi) 1,3 mg, 89*<br \/>\nKupari (glukonaatti, bisglysinaatti\u2020) 1 mg, 100*<br \/>\nB2-vitamiini (riboflaviini) 1 mg, 71*<br \/>\nB1-vitamiini (tiamiinimononitraatti) 0,85 mg, 77*<br \/>\nMangaani (bisglysinatti\u2020, glukonaatti) 0,5 mg, 25*<br \/>\nFoolihappo (pteroyylimonoglutamiinihappo) 400 \u00b5g, 200*<br \/>\nD-Biotiini 150 \u00b5g 300*<br \/>\nJodi (kaliumjodidi) 75 \u00b5g, 50*<br \/>\nSeleeni (L-selenometioniini) 12,5 \u00b5g, 23*<br \/>\nKromi (pikolinaatti) 12,5 \u00b5g, 31*<br \/>\nD2-vitamiini (ergokalsiferoli) 5 \u00b5g, 100*<br \/>\nMuita karoteinoideja 4,8 \u00b5g<br \/>\nB12-vitamiini (syanokobalamiini) 4 \u00b5g, 160*<\/p>\n<p>&nbsp;<\/p>\n<p>* % vuorokautisen saannin vertailuarvosta<\/p>\n<p>&nbsp;<\/p>\n<p>\u2020 Albion International, Inc.<\/p>\n<p>&nbsp;<\/p>\n<h4>Muut ainesosat<\/h4>\n<p>T\u00e4yteaineet (mikrokiteinen selluloosa, maltodekstriini, dikalsiumfosfaatti, karboksimetyyliselluloosa), paakkuuntumisenestoaineet (steariinihappo, rasvahappojen magnesiumsuolat, piidioksidi), pintak\u00e4sittelyaineet (hydroksipropyylimetyyliselluloosa, kasvisglyseroli).<\/p>\n","protected":false},"excerpt":{"rendered":"<p>Prenatal Nutrients on laadukas ja turvallinen monivitamiini raskauden ja imetyksen aikaisiin tarpeisiin , joka t\u00e4ydent\u00e4\u00e4 mm. foolihapon sek\u00e4 luonnollisten karotenoidien saantia. Tuote sopii my\u00f6s kasvissy\u00f6jille ja vegaaneille. Laktoositon ja gluteeniton.<\/p>\n<p>&nbsp;<\/p>\n<h4>Pakkauskoko<\/h4>\n<p>60 ja 120 tablettia \u2013 monivitamiini\/hivenainevalmiste<\/p>\n<p>&nbsp;<\/p>\n<h4>Suositeltu annostus<\/h4>\n<p>2 tablettia p\u00e4iv\u00e4ss\u00e4 ruokailun yhteydess\u00e4.<\/p>\n<p>&nbsp;<\/p>\n","protected":false},"featured_media":1994,"template":"","meta":{"_acf_changed":false,"rs_blank_template":"","rs_page_bg_color":"","slide_template_v7":""},"product_brand":[],"product_cat":[73,82,77],"product_tag":[],"class_list":{"0":"post-3620","1":"product","2":"type-product","3":"status-publish","4":"has-post-thumbnail","6":"product_cat-lisaravinteet-sv","7":"product_cat-solgar-sv","8":"product_cat-vitamiinit-sv","10":"first","11":"instock","12":"taxable","13":"shipping-taxable","14":"purchasable","15":"product-type-simple"},"acf":[],"_links":{"self":[{"href":"https:\/\/vaasanluonnonravinto.fi\/sv\/wp-json\/wp\/v2\/product\/3620","targetHints":{"allow":["GET"]}}],"collection":[{"href":"https:\/\/vaasanluonnonravinto.fi\/sv\/wp-json\/wp\/v2\/product"}],"about":[{"href":"https:\/\/vaasanluonnonravinto.fi\/sv\/wp-json\/wp\/v2\/types\/product"}],"wp:featuredmedia":[{"embeddable":true,"href":"https:\/\/vaasanluonnonravinto.fi\/sv\/wp-json\/wp\/v2\/media\/1994"}],"wp:attachment":[{"href":"https:\/\/vaasanluonnonravinto.fi\/sv\/wp-json\/wp\/v2\/media?parent=3620"}],"wp:term":[{"taxonomy":"product_brand","embeddable":true,"href":"https:\/\/vaasanluonnonravinto.fi\/sv\/wp-json\/wp\/v2\/product_brand?post=3620"},{"taxonomy":"product_cat","embeddable":true,"href":"https:\/\/vaasanluonnonravinto.fi\/sv\/wp-json\/wp\/v2\/product_cat?post=3620"},{"taxonomy":"product_tag","embeddable":true,"href":"https:\/\/vaasanluonnonravinto.fi\/sv\/wp-json\/wp\/v2\/product_tag?post=3620"}],"curies":[{"name":"wp","href":"https:\/\/api.w.org\/{rel}","templated":true}]}}