{"id":3616,"date":"2019-03-22T09:41:19","date_gmt":"2019-03-22T07:41:19","guid":{"rendered":"https:\/\/vaasanluonnonravinto.fi\/?post_type=product&#038;p=3616"},"modified":"2026-05-15T06:37:09","modified_gmt":"2026-05-15T03:37:09","slug":"solgar-kangavites-bouncing-berries-120-tabl","status":"publish","type":"product","link":"https:\/\/vaasanluonnonravinto.fi\/sv\/tuote\/solgar-kangavites-bouncing-berries-120-tabl\/","title":{"rendered":"Solgar Kangavites\u00ae Bouncing Berries  120 tabl."},"content":{"rendered":"<h4>Aktiiviset ainesosat (1 tabletti):<\/h4>\n<p>Kalsium (karbonaatti) 64 mg<br \/>\nC-vitamiinia (natriumaskorbaatti) 60 mg, 75*<br \/>\nMagnesium (oksidi) 32 mg<br \/>\nE-vitamiinia (d-alfa-tokoferoli-sukkinaatti) 12 mg, 100*<br \/>\nB3-vitamiini (nikotiiniamidi) 10 mg, 63*<br \/>\nHedelm\u00e4- ja kasvisjauhe (porkkana, punajuuri, mansikka,<br \/>\nomena, parsakaali, aprikoosi) 7 mg<br \/>\nB5-vitamiini (kalsium-d-pantotenaatti) 5 mg, 83*<br \/>\nSoijalesitiini 2,5 mg<br \/>\nRauta (fumaraatti) 2,5 mg, 18*<br \/>\nSinkki (oksidi) 1,5 mg<br \/>\nLuonnollinen betakaroteeni 1,4 mg<br \/>\nB6-vitamiini (pyridoksiinihydrokloridi) 1 mg, 71*<br \/>\nB2-vitamiini (riboflaviini) 0,85 mg, 61*<br \/>\nB1-vitamiini (tiamiinimononitraatti) 0,75 mg, 68*<br \/>\nInositoli 500 \u00b5g<br \/>\nKoliini (bitartraatti) 500 \u00b5g<br \/>\nRuusunmarjan uutejauhe (4:1) 500 \u00b5g<br \/>\nMangaani (sulfaatti) 250 \u00b5g, 12,5<br \/>\nA-vitamiini (retinyylipalmitaatti) 150 \u00b5g, 19*<br \/>\nSitrusbioflavonoidieja 150 \u00b5g<br \/>\nFoolihappo (pteroyyliglutamiinihappo) 100 \u00b5g, 50*<br \/>\nD-biotiini 50 \u00b5g, 100*<br \/>\nKupari (glukonaatti) 25 \u00b5g, 25*<br \/>\nJodi (kaliumjodidi) 22 \u00b5g, 15*<br \/>\nKromi (pikolinaatti) 5 \u00b5g<br \/>\nKarotenoideja 3,7 \u00b5g<br \/>\nB12-vitamiini (syanokobalamiini) 3 \u00b5g, 300*<br \/>\nSeleeni (L-selenometioniini) 2,5 \u00b5g<br \/>\nD2-vitamiinia (ergokalsiferoli) 2,5 \u00b5g, 50*<\/p>\n<p>&nbsp;<\/p>\n<p>* % vuorokautisen saannin vertailuarvosta<\/p>\n<p>&nbsp;<\/p>\n<h4>Muut ainesosat<\/h4>\n<p>T\u00e4yteaineet (sakkaroosi, fruktoosi, mannitoli, mikrokiteinen selluloosa, ksylitoli, karrageena, maltodekstriini, natriumalginaatti, karboksimetyyliselluloosa, ksantaanikumi, kaliumkloridi), paakkuuntumisenestoaineet (piidioksidi, kasvissteariinihappo, rasvahappojen magnesiumsuolat), aromit (marja, Prosweet [fruktoosi, dekstroosi, sakkaroosi] appelsiiniaromi), aromivahventeet (sitruunahappo, maliinihappo), v\u00e4ri (viiniryp\u00e4leen antosyanidiinit).<\/p>\n","protected":false},"excerpt":{"rendered":"<h4>-monivitamiini lapsille<\/h4>\n<p>Kangavites\u00ae Bouncing Berries on pureskeltava ja marjanmakuinen monivitamiinivalmiste yli 3-vuotiaille lapsille.<\/p>\n<p>&nbsp;<\/p>\n<h4>Pakkauskoot<\/h4>\n<p>60 ja 120 pureskelutablettia \u2013 monivitamiini\/hivenainevalmiste lapsille<\/p>\n<p>&nbsp;<\/p>\n<h4>Suositeltu annostus<\/h4>\n<p>1-3 pureskelutablettia p\u00e4iv\u00e4ss\u00e4 ruokailun yhteydess\u00e4.<\/p>\n<p>&nbsp;<\/p>\n","protected":false},"featured_media":2002,"template":"","meta":{"_acf_changed":false,"rs_blank_template":"","rs_page_bg_color":"","slide_template_v7":""},"product_brand":[],"product_cat":[73,82,77],"product_tag":[],"class_list":{"0":"post-3616","1":"product","2":"type-product","3":"status-publish","4":"has-post-thumbnail","6":"product_cat-lisaravinteet-sv","7":"product_cat-solgar-sv","8":"product_cat-vitamiinit-sv","10":"first","11":"instock","12":"taxable","13":"shipping-taxable","14":"purchasable","15":"product-type-simple"},"acf":[],"_links":{"self":[{"href":"https:\/\/vaasanluonnonravinto.fi\/sv\/wp-json\/wp\/v2\/product\/3616","targetHints":{"allow":["GET"]}}],"collection":[{"href":"https:\/\/vaasanluonnonravinto.fi\/sv\/wp-json\/wp\/v2\/product"}],"about":[{"href":"https:\/\/vaasanluonnonravinto.fi\/sv\/wp-json\/wp\/v2\/types\/product"}],"wp:featuredmedia":[{"embeddable":true,"href":"https:\/\/vaasanluonnonravinto.fi\/sv\/wp-json\/wp\/v2\/media\/2002"}],"wp:attachment":[{"href":"https:\/\/vaasanluonnonravinto.fi\/sv\/wp-json\/wp\/v2\/media?parent=3616"}],"wp:term":[{"taxonomy":"product_brand","embeddable":true,"href":"https:\/\/vaasanluonnonravinto.fi\/sv\/wp-json\/wp\/v2\/product_brand?post=3616"},{"taxonomy":"product_cat","embeddable":true,"href":"https:\/\/vaasanluonnonravinto.fi\/sv\/wp-json\/wp\/v2\/product_cat?post=3616"},{"taxonomy":"product_tag","embeddable":true,"href":"https:\/\/vaasanluonnonravinto.fi\/sv\/wp-json\/wp\/v2\/product_tag?post=3616"}],"curies":[{"name":"wp","href":"https:\/\/api.w.org\/{rel}","templated":true}]}}