{"id":3613,"date":"2019-03-22T10:30:52","date_gmt":"2019-03-22T08:30:52","guid":{"rendered":"https:\/\/vaasanluonnonravinto.fi\/?post_type=product&#038;p=3613"},"modified":"2023-04-01T01:24:04","modified_gmt":"2023-03-31T22:24:04","slug":"solgar-betaiinihydrokloridi-pepsiini-suolahappo","status":"publish","type":"product","link":"https:\/\/vaasanluonnonravinto.fi\/sv\/tuote\/solgar-betaiinihydrokloridi-pepsiini-suolahappo\/","title":{"rendered":"Solgar Betaiinihydrokloridi + pepsiini -suolahappo"},"content":{"rendered":"<h4>Aktiiviset ainesosat (1 kapseli):<\/h4>\n<p>Betaiinihydrokloridi 325 mg<br \/>\nPepsiini (sis\u00e4lt\u00e4\u00e4 maitoa) 59 mg<br \/>\nMuut ainesosat:<br \/>\nT\u00e4yteaineet (mikrokiteinen selluloosa, hydroksipropyyliselluloosa, karboksimetyyliselluloosa, laktoosi (maidosta), paakkuuntumisenestoaineet (kasvisteariinihappo, piidioksidi), piparminttuaromi.<\/p>\n<p>&nbsp;<\/p>\n<h4>Muuta huomioitavaa<\/h4>\n<p>Ei saa k\u00e4ytt\u00e4\u00e4 jos k\u00e4rsii pohjukaissuoli- tai mahahaavasta tai tulehtuneesta ruokatorvesta.<\/p>\n","protected":false},"excerpt":{"rendered":"<p>Solgar Betaiinihydrokloridi + pepsiini -suolahappovalmiste tukee v\u00e4h\u00e4happoisen vatsan hyvinvointia.<\/p>\n<p>&nbsp;<\/p>\n<h4>Pakkauskoko<\/h4>\n<p>100 tablettia \u2013 betaiinivalmiste<\/p>\n<p>&nbsp;<\/p>\n<h4>Suositeltu annostus<\/h4>\n<p>1 tabletti p\u00e4iv\u00e4ss\u00e4 ruokailun yhteydess\u00e4 runsaan nesteen kera.<\/p>\n<p>&nbsp;<\/p>\n","protected":false},"featured_media":2008,"template":"","meta":{"_acf_changed":false},"product_brand":[],"product_cat":[87,73,82],"product_tag":[],"class_list":{"0":"post-3613","1":"product","2":"type-product","3":"status-publish","4":"has-post-thumbnail","6":"product_cat-vatsan-hyvinvointivalmisteet-sv","7":"product_cat-lisaravinteet-sv","8":"product_cat-solgar-sv","10":"first","11":"instock","12":"taxable","13":"shipping-taxable","14":"purchasable","15":"product-type-simple"},"acf":[],"_links":{"self":[{"href":"https:\/\/vaasanluonnonravinto.fi\/sv\/wp-json\/wp\/v2\/product\/3613","targetHints":{"allow":["GET"]}}],"collection":[{"href":"https:\/\/vaasanluonnonravinto.fi\/sv\/wp-json\/wp\/v2\/product"}],"about":[{"href":"https:\/\/vaasanluonnonravinto.fi\/sv\/wp-json\/wp\/v2\/types\/product"}],"wp:featuredmedia":[{"embeddable":true,"href":"https:\/\/vaasanluonnonravinto.fi\/sv\/wp-json\/wp\/v2\/media\/2008"}],"wp:attachment":[{"href":"https:\/\/vaasanluonnonravinto.fi\/sv\/wp-json\/wp\/v2\/media?parent=3613"}],"wp:term":[{"taxonomy":"product_brand","embeddable":true,"href":"https:\/\/vaasanluonnonravinto.fi\/sv\/wp-json\/wp\/v2\/product_brand?post=3613"},{"taxonomy":"product_cat","embeddable":true,"href":"https:\/\/vaasanluonnonravinto.fi\/sv\/wp-json\/wp\/v2\/product_cat?post=3613"},{"taxonomy":"product_tag","embeddable":true,"href":"https:\/\/vaasanluonnonravinto.fi\/sv\/wp-json\/wp\/v2\/product_tag?post=3613"}],"curies":[{"name":"wp","href":"https:\/\/api.w.org\/{rel}","templated":true}]}}