{"id":3605,"date":"2019-03-22T12:29:26","date_gmt":"2019-03-22T10:29:26","guid":{"rendered":"https:\/\/vaasanluonnonravinto.fi\/?post_type=product&#038;p=3605"},"modified":"2024-08-31T15:12:12","modified_gmt":"2024-08-31T12:12:12","slug":"solgar-ginkgo-60","status":"publish","type":"product","link":"https:\/\/vaasanluonnonravinto.fi\/sv\/tuote\/solgar-ginkgo-60\/","title":{"rendered":"Solgar Ginkgo 60"},"content":{"rendered":"<h4>Aktiiviset ainesosat (1 kapseli):<\/h4>\n<p>Ginkgo biloba lehtiuute (50:1) 60 mg<br \/>\nGinkgo biloba lehtijauhe 30 mg<\/p>\n<p>&nbsp;<\/p>\n<h4>Muut ainesosat<\/h4>\n<p>T\u00e4yteaine (mikrokiteinen selluloosa), kuorilo (hydroksipropyylimetyyliselluloosa), paakkuuntumisenestoaineet (rasvahappojen magnesiumsuolat).<\/p>\n","protected":false},"excerpt":{"rendered":"<h4>Pakkauskoko<\/h4>\n<p>60 kapselia \u2013 yrttivalmiste<\/p>\n<p>&nbsp;<\/p>\n<h4>Suositeltu annostus<\/h4>\n<p>1 kapseli p\u00e4iv\u00e4ss\u00e4 ruokailun yhteydess\u00e4.<\/p>\n<p>&nbsp;<\/p>\n","protected":false},"featured_media":2044,"template":"","meta":{"_acf_changed":false},"product_brand":[],"product_cat":[73,72,82],"product_tag":[],"class_list":{"0":"post-3605","1":"product","2":"type-product","3":"status-publish","4":"has-post-thumbnail","6":"product_cat-lisaravinteet-sv","7":"product_cat-yrttivalmisteet-sv","8":"product_cat-solgar-sv","10":"first","11":"instock","12":"taxable","13":"shipping-taxable","14":"purchasable","15":"product-type-simple"},"acf":[],"_links":{"self":[{"href":"https:\/\/vaasanluonnonravinto.fi\/sv\/wp-json\/wp\/v2\/product\/3605","targetHints":{"allow":["GET"]}}],"collection":[{"href":"https:\/\/vaasanluonnonravinto.fi\/sv\/wp-json\/wp\/v2\/product"}],"about":[{"href":"https:\/\/vaasanluonnonravinto.fi\/sv\/wp-json\/wp\/v2\/types\/product"}],"wp:featuredmedia":[{"embeddable":true,"href":"https:\/\/vaasanluonnonravinto.fi\/sv\/wp-json\/wp\/v2\/media\/2044"}],"wp:attachment":[{"href":"https:\/\/vaasanluonnonravinto.fi\/sv\/wp-json\/wp\/v2\/media?parent=3605"}],"wp:term":[{"taxonomy":"product_brand","embeddable":true,"href":"https:\/\/vaasanluonnonravinto.fi\/sv\/wp-json\/wp\/v2\/product_brand?post=3605"},{"taxonomy":"product_cat","embeddable":true,"href":"https:\/\/vaasanluonnonravinto.fi\/sv\/wp-json\/wp\/v2\/product_cat?post=3605"},{"taxonomy":"product_tag","embeddable":true,"href":"https:\/\/vaasanluonnonravinto.fi\/sv\/wp-json\/wp\/v2\/product_tag?post=3605"}],"curies":[{"name":"wp","href":"https:\/\/api.w.org\/{rel}","templated":true}]}}