{"id":3599,"date":"2019-03-22T11:05:18","date_gmt":"2019-03-22T09:05:18","guid":{"rendered":"https:\/\/vaasanluonnonravinto.fi\/?post_type=product&#038;p=3599"},"modified":"2022-03-04T16:01:58","modified_gmt":"2022-03-04T14:01:58","slug":"solgar-msm-tabletit-120-tabl","status":"publish","type":"product","link":"https:\/\/vaasanluonnonravinto.fi\/sv\/tuote\/solgar-msm-tabletit-120-tabl\/","title":{"rendered":"Solgar MSM-tabletit 120 tabl."},"content":{"rendered":"<h4>Aktiiviset ainesosat (1 tabletti):<\/h4>\n<p>Metyylisulfonyylimetaani (OptiMSM\u2122) 1000 mg<\/p>\n<p>&nbsp;<\/p>\n<h4>Muut ainesosat<\/h4>\n<p>T\u00e4yteaineet (mikrokiteinen selluloosa, hydroksipropyyliselluloosa), paakkuuntumisenestoaineet (rasvahappojen magnesiumsuolat, piidioksidi, steariinihappo), pintak\u00e4sittelyaine (hydroksipropyylimetyyliselluloosa, kasvisglyseroli).<\/p>\n","protected":false},"excerpt":{"rendered":"<h4>Pakkauskoko<\/h4>\n<p>60 ja 120 tablettia \u2013 MSM-valmiste<\/p>\n<p>&nbsp;<\/p>\n<h4>Suositeltu annostus<\/h4>\n<p>1-2 tablettia p\u00e4iv\u00e4ss\u00e4 ruokailun yhteydess\u00e4.<\/p>\n<p>&nbsp;<\/p>\n<h4>Muuta huomioitavaa<\/h4>\n<p>Suositellaan varovaisuutta verenohennusl\u00e4\u00e4kkeiden kanssa (esim. Marevan).<\/p>\n","protected":false},"featured_media":2024,"template":"","meta":{"_acf_changed":false,"rs_blank_template":"","rs_page_bg_color":"","slide_template_v7":""},"product_brand":[],"product_cat":[78,73,82],"product_tag":[],"class_list":{"0":"post-3599","1":"product","2":"type-product","3":"status-publish","4":"has-post-thumbnail","6":"product_cat-muut-ravintolisat-sv","7":"product_cat-lisaravinteet-sv","8":"product_cat-solgar-sv","10":"first","11":"instock","12":"taxable","13":"shipping-taxable","14":"purchasable","15":"product-type-simple"},"acf":[],"_links":{"self":[{"href":"https:\/\/vaasanluonnonravinto.fi\/sv\/wp-json\/wp\/v2\/product\/3599","targetHints":{"allow":["GET"]}}],"collection":[{"href":"https:\/\/vaasanluonnonravinto.fi\/sv\/wp-json\/wp\/v2\/product"}],"about":[{"href":"https:\/\/vaasanluonnonravinto.fi\/sv\/wp-json\/wp\/v2\/types\/product"}],"wp:featuredmedia":[{"embeddable":true,"href":"https:\/\/vaasanluonnonravinto.fi\/sv\/wp-json\/wp\/v2\/media\/2024"}],"wp:attachment":[{"href":"https:\/\/vaasanluonnonravinto.fi\/sv\/wp-json\/wp\/v2\/media?parent=3599"}],"wp:term":[{"taxonomy":"product_brand","embeddable":true,"href":"https:\/\/vaasanluonnonravinto.fi\/sv\/wp-json\/wp\/v2\/product_brand?post=3599"},{"taxonomy":"product_cat","embeddable":true,"href":"https:\/\/vaasanluonnonravinto.fi\/sv\/wp-json\/wp\/v2\/product_cat?post=3599"},{"taxonomy":"product_tag","embeddable":true,"href":"https:\/\/vaasanluonnonravinto.fi\/sv\/wp-json\/wp\/v2\/product_tag?post=3599"}],"curies":[{"name":"wp","href":"https:\/\/api.w.org\/{rel}","templated":true}]}}