{"id":3598,"date":"2019-03-22T11:10:07","date_gmt":"2019-03-22T09:10:07","guid":{"rendered":"https:\/\/vaasanluonnonravinto.fi\/?post_type=product&#038;p=3598"},"modified":"2026-05-15T06:37:10","modified_gmt":"2026-05-15T03:37:10","slug":"solgar-kversetiini-complex","status":"publish","type":"product","link":"https:\/\/vaasanluonnonravinto.fi\/sv\/tuote\/solgar-kversetiini-complex\/","title":{"rendered":"Solgar Kversetiini Complex"},"content":{"rendered":"<h4>Aktiiviset ainesosat (2 kapselia):<\/h4>\n<p>C-vitamiini (Ester-C\u00ae, kalsiumaskorbaatti, trenonaatti) 500 mg, 625*<br \/>\nKversetiini 500 mg<br \/>\nBromelaiini (2000 GDU\/g) 50 mg<br \/>\nAcerolauute (4:1) 50 mg<br \/>\nRuusunmarjajauhe 50 mg<br \/>\nRutiini 10 mg<br \/>\nSitrusbioflavonoideja 5 mg<\/p>\n<p>* % vuorokautisen saannin vertailuarvosta<\/p>\n<p>&nbsp;<\/p>\n<h4>Muut ainesosat<\/h4>\n<p>Kuorilo (hydroksipropyylimetyyliselluloosa), t\u00e4yteaine (mikrokiteinen selluloosa), paakkuuntumisenestoaineet (kasvissteariinihappo, piidioksidi, rasvahappojen magnesiumsuolat).<\/p>\n","protected":false},"excerpt":{"rendered":"<h4>Pakkauskoko<\/h4>\n<p>50 kapselia \u2013 bioflavonoidi\/ kasvivalmiste<\/p>\n<p>&nbsp;<\/p>\n<h4>Suositeltu annostus<\/h4>\n<p>2 kapselia p\u00e4iv\u00e4ss\u00e4 ruokailun yhteydess\u00e4.<\/p>\n","protected":false},"featured_media":2028,"template":"","meta":{"_acf_changed":false,"rs_blank_template":"","rs_page_bg_color":"","slide_template_v7":""},"product_brand":[],"product_cat":[78,73,82],"product_tag":[],"class_list":{"0":"post-3598","1":"product","2":"type-product","3":"status-publish","4":"has-post-thumbnail","6":"product_cat-muut-ravintolisat-sv","7":"product_cat-lisaravinteet-sv","8":"product_cat-solgar-sv","10":"first","11":"instock","12":"taxable","13":"shipping-taxable","14":"purchasable","15":"product-type-simple"},"acf":[],"_links":{"self":[{"href":"https:\/\/vaasanluonnonravinto.fi\/sv\/wp-json\/wp\/v2\/product\/3598","targetHints":{"allow":["GET"]}}],"collection":[{"href":"https:\/\/vaasanluonnonravinto.fi\/sv\/wp-json\/wp\/v2\/product"}],"about":[{"href":"https:\/\/vaasanluonnonravinto.fi\/sv\/wp-json\/wp\/v2\/types\/product"}],"wp:featuredmedia":[{"embeddable":true,"href":"https:\/\/vaasanluonnonravinto.fi\/sv\/wp-json\/wp\/v2\/media\/2028"}],"wp:attachment":[{"href":"https:\/\/vaasanluonnonravinto.fi\/sv\/wp-json\/wp\/v2\/media?parent=3598"}],"wp:term":[{"taxonomy":"product_brand","embeddable":true,"href":"https:\/\/vaasanluonnonravinto.fi\/sv\/wp-json\/wp\/v2\/product_brand?post=3598"},{"taxonomy":"product_cat","embeddable":true,"href":"https:\/\/vaasanluonnonravinto.fi\/sv\/wp-json\/wp\/v2\/product_cat?post=3598"},{"taxonomy":"product_tag","embeddable":true,"href":"https:\/\/vaasanluonnonravinto.fi\/sv\/wp-json\/wp\/v2\/product_tag?post=3598"}],"curies":[{"name":"wp","href":"https:\/\/api.w.org\/{rel}","templated":true}]}}