{"id":3594,"date":"2019-03-22T11:16:21","date_gmt":"2019-03-22T09:16:21","guid":{"rendered":"https:\/\/vaasanluonnonravinto.fi\/?post_type=product&#038;p=3594"},"modified":"2024-11-12T09:58:47","modified_gmt":"2024-11-12T07:58:47","slug":"solgar-skin-nails-hair-formula-120-tabs","status":"publish","type":"product","link":"https:\/\/vaasanluonnonravinto.fi\/sv\/tuote\/solgar-skin-nails-hair-formula-120-tabs\/","title":{"rendered":"Solgar Skin, Nails &#038; Hair Formula 120 tabs."},"content":{"rendered":"<h4>Aktiiviset ainesosat (2 tablettia):<\/h4>\n<p>Metyylisulfonyylimetaani (OptiMSM\u2122) 1000 mg<br \/>\nL. calcareum-lev\u00e4jauhe 150 mg<br \/>\nC-vitamiini (l-askorbiinihappo) 120 mg, 150*<br \/>\nProliini 50 mg<br \/>\nL-lysiini (lysiinihydrokloridi) 50 mg<br \/>\nSinkki (sitraatti) 15 mg, 150*<br \/>\nKupari (bisglysinaatti) 2 mg, 200*<\/p>\n<p>&nbsp;<\/p>\n<p>* % vuorokautisen saannin vertailuarvosta<\/p>\n<p>&nbsp;<\/p>\n<h4>Muut ainesosat<\/h4>\n<p>T\u00e4yteaineet (mikrokiteinen selluloosa, karboksimetyyliselluloosa), paakkuuntumisen estoaineet (piidioksidi, steariinihappo, rasvahappojen magnesiumsuolat), pintak\u00e4sittelyaine hydroksipropyylimetyyliselluloosa, kasvisglyseroli).<\/p>\n","protected":false},"excerpt":{"rendered":"<h4>Pakkauskoot<\/h4>\n<p>60 ja 120 tablettia \u2013 vitamiini\/aminohappo\/hivenaine\/MSM-valmiste<\/p>\n<p>&nbsp;<\/p>\n<h4>Suositeltu annostus<\/h4>\n<p>2 tablettia p\u00e4iv\u00e4ss\u00e4 ruokailun yhteydess\u00e4.<\/p>\n","protected":false},"featured_media":2034,"template":"","meta":{"_acf_changed":false,"rs_blank_template":"","rs_page_bg_color":"","slide_template_v7":""},"product_brand":[],"product_cat":[78,73,82],"product_tag":[],"class_list":{"0":"post-3594","1":"product","2":"type-product","3":"status-publish","4":"has-post-thumbnail","6":"product_cat-muut-ravintolisat-sv","7":"product_cat-lisaravinteet-sv","8":"product_cat-solgar-sv","10":"first","11":"instock","12":"taxable","13":"shipping-taxable","14":"purchasable","15":"product-type-simple"},"acf":[],"_links":{"self":[{"href":"https:\/\/vaasanluonnonravinto.fi\/sv\/wp-json\/wp\/v2\/product\/3594","targetHints":{"allow":["GET"]}}],"collection":[{"href":"https:\/\/vaasanluonnonravinto.fi\/sv\/wp-json\/wp\/v2\/product"}],"about":[{"href":"https:\/\/vaasanluonnonravinto.fi\/sv\/wp-json\/wp\/v2\/types\/product"}],"wp:featuredmedia":[{"embeddable":true,"href":"https:\/\/vaasanluonnonravinto.fi\/sv\/wp-json\/wp\/v2\/media\/2034"}],"wp:attachment":[{"href":"https:\/\/vaasanluonnonravinto.fi\/sv\/wp-json\/wp\/v2\/media?parent=3594"}],"wp:term":[{"taxonomy":"product_brand","embeddable":true,"href":"https:\/\/vaasanluonnonravinto.fi\/sv\/wp-json\/wp\/v2\/product_brand?post=3594"},{"taxonomy":"product_cat","embeddable":true,"href":"https:\/\/vaasanluonnonravinto.fi\/sv\/wp-json\/wp\/v2\/product_cat?post=3594"},{"taxonomy":"product_tag","embeddable":true,"href":"https:\/\/vaasanluonnonravinto.fi\/sv\/wp-json\/wp\/v2\/product_tag?post=3594"}],"curies":[{"name":"wp","href":"https:\/\/api.w.org\/{rel}","templated":true}]}}