{"id":3585,"date":"2019-03-22T13:06:22","date_gmt":"2019-03-22T11:06:22","guid":{"rendered":"https:\/\/vaasanluonnonravinto.fi\/?post_type=product&#038;p=3585"},"modified":"2024-11-21T12:06:19","modified_gmt":"2024-11-21T10:06:19","slug":"terranova-b-complex-c-100-kaps","status":"publish","type":"product","link":"https:\/\/vaasanluonnonravinto.fi\/sv\/tuote\/terranova-b-complex-c-100-kaps\/","title":{"rendered":"TERRANOVA B-COMPLEX + C 100 kaps."},"content":{"rendered":"","protected":false},"excerpt":{"rendered":"<h4>B-VITAMIINIT JA C-VITAMIINI YHDESS\u00c4<\/h4>\n<p>B-vitamiinit ovat v\u00e4ltt\u00e4m\u00e4tt\u00f6mi\u00e4 solujen energia-aineenvaihdunnalle ja hermostolle ja siksi niit\u00e4 suositellaan mm. erilaisissa uupumustiloissa ja henkisess\u00e4 v\u00e4symyksess\u00e4. My\u00f6s stressi kuluttaa B-vitamiinivarastoja. My\u00f6s riitt\u00e4v\u00e4 C-vitamiinin saanti on elint\u00e4rke\u00e4 hermoston toiminnalle erityisesti stressin aikana ja se auttaa v\u00e4hent\u00e4m\u00e4\u00e4n v\u00e4symyst\u00e4 ja uupumusta. C-vitamiini on tehokas antioksidantti, joka suojelee solukalvoja ja solujen DNA:ta. C-vitamiini tukee my\u00f6s immuunij\u00e4rjestelm\u00e4n normaalia toimintaa ja edist\u00e4\u00e4 normaalia energia-aineenvaihduntaa. Lis\u00e4ksi C-vitamiini tehostaa B-vitamiinien hyv\u00e4ksik\u00e4ytt\u00f6\u00e4 kehossa.<\/p>\n<p>&nbsp;<\/p>\n<p>Terranova B-Complex+C sis\u00e4lt\u00e4\u00e4 kaikkia v\u00e4ltt\u00e4m\u00e4tt\u00f6mi\u00e4 B-vitamiineja C-vitamiinia ja lis\u00e4ksi inositolia ja koliinia, jotka ovat t\u00e4rkeit\u00e4 solukalvojen rakenneosasia.<\/p>\n<p>&nbsp;<\/p>\n<p>Magnifood Complexin sis\u00e4lt\u00e4m\u00e4t kasvikset muodostavat synergistisen ymp\u00e4rist\u00f6n, jossa vitamiinien ja hivenaineiden toiminta tehostuu. T\u00e4ydent\u00e4vill\u00e4 yrteill\u00e4, kuten ruusujuurella, ven\u00e4j\u00e4njuurella ja ashwagandhalla voi olla hermostoa ja kehoa stressitilanteissa ja uupumuksessa tukevia vaikutuksia.<\/p>\n","protected":false},"featured_media":2076,"template":"","meta":{"_acf_changed":false},"product_brand":[],"product_cat":[73,94,77],"product_tag":[],"class_list":{"0":"post-3585","1":"product","2":"type-product","3":"status-publish","4":"has-post-thumbnail","6":"product_cat-lisaravinteet-sv","7":"product_cat-terranova-sv","8":"product_cat-vitamiinit-sv","10":"first","11":"instock","12":"taxable","13":"shipping-taxable","14":"purchasable","15":"product-type-simple"},"acf":[],"_links":{"self":[{"href":"https:\/\/vaasanluonnonravinto.fi\/sv\/wp-json\/wp\/v2\/product\/3585","targetHints":{"allow":["GET"]}}],"collection":[{"href":"https:\/\/vaasanluonnonravinto.fi\/sv\/wp-json\/wp\/v2\/product"}],"about":[{"href":"https:\/\/vaasanluonnonravinto.fi\/sv\/wp-json\/wp\/v2\/types\/product"}],"wp:featuredmedia":[{"embeddable":true,"href":"https:\/\/vaasanluonnonravinto.fi\/sv\/wp-json\/wp\/v2\/media\/2076"}],"wp:attachment":[{"href":"https:\/\/vaasanluonnonravinto.fi\/sv\/wp-json\/wp\/v2\/media?parent=3585"}],"wp:term":[{"taxonomy":"product_brand","embeddable":true,"href":"https:\/\/vaasanluonnonravinto.fi\/sv\/wp-json\/wp\/v2\/product_brand?post=3585"},{"taxonomy":"product_cat","embeddable":true,"href":"https:\/\/vaasanluonnonravinto.fi\/sv\/wp-json\/wp\/v2\/product_cat?post=3585"},{"taxonomy":"product_tag","embeddable":true,"href":"https:\/\/vaasanluonnonravinto.fi\/sv\/wp-json\/wp\/v2\/product_tag?post=3585"}],"curies":[{"name":"wp","href":"https:\/\/api.w.org\/{rel}","templated":true}]}}