{"id":3584,"date":"2019-03-22T13:10:41","date_gmt":"2019-03-22T11:10:41","guid":{"rendered":"https:\/\/vaasanluonnonravinto.fi\/?post_type=product&#038;p=3584"},"modified":"2025-01-13T14:36:41","modified_gmt":"2025-01-13T12:36:41","slug":"terranova-coq10-30-mg-complex-ubikinoni","status":"publish","type":"product","link":"https:\/\/vaasanluonnonravinto.fi\/sv\/tuote\/terranova-coq10-30-mg-complex-ubikinoni\/","title":{"rendered":"TERRANOVA COQ10 30 MG COMPLEX UBIKINONI"},"content":{"rendered":"","protected":false},"excerpt":{"rendered":"<h4>Synergistinen Ubikinoni<\/h4>\n<p>Elimist\u00f6 valmistaa ubikinonia itse, mutta tietyiss\u00e4 elimist\u00f6n rasitustilanteissa ja vanhemmiten sen tuotanto v\u00e4henee. Terranova CoQ10 3o mg Complexin tuoreet kasvikset ja yrtit t\u00e4ydent\u00e4v\u00e4t varsinaista ubikinonilis\u00e4\u00e4 ja edist\u00e4v\u00e4t sen imeytymist\u00e4.<\/p>\n<p>Magnifood Complexin tuoreet kasvikset ja yrtit t\u00e4ydent\u00e4v\u00e4t varsinaista ubikinonilis\u00e4\u00e4 ja edi<\/p>\n<p>st\u00e4v\u00e4t sen imeytymist\u00e4.<\/p>\n","protected":false},"featured_media":2072,"template":"","meta":{"_acf_changed":false},"product_brand":[],"product_cat":[78,73,94],"product_tag":[],"class_list":{"0":"post-3584","1":"product","2":"type-product","3":"status-publish","4":"has-post-thumbnail","6":"product_cat-muut-ravintolisat-sv","7":"product_cat-lisaravinteet-sv","8":"product_cat-terranova-sv","10":"first","11":"outofstock","12":"taxable","13":"shipping-taxable","14":"purchasable","15":"product-type-simple"},"acf":[],"_links":{"self":[{"href":"https:\/\/vaasanluonnonravinto.fi\/sv\/wp-json\/wp\/v2\/product\/3584","targetHints":{"allow":["GET"]}}],"collection":[{"href":"https:\/\/vaasanluonnonravinto.fi\/sv\/wp-json\/wp\/v2\/product"}],"about":[{"href":"https:\/\/vaasanluonnonravinto.fi\/sv\/wp-json\/wp\/v2\/types\/product"}],"wp:featuredmedia":[{"embeddable":true,"href":"https:\/\/vaasanluonnonravinto.fi\/sv\/wp-json\/wp\/v2\/media\/2072"}],"wp:attachment":[{"href":"https:\/\/vaasanluonnonravinto.fi\/sv\/wp-json\/wp\/v2\/media?parent=3584"}],"wp:term":[{"taxonomy":"product_brand","embeddable":true,"href":"https:\/\/vaasanluonnonravinto.fi\/sv\/wp-json\/wp\/v2\/product_brand?post=3584"},{"taxonomy":"product_cat","embeddable":true,"href":"https:\/\/vaasanluonnonravinto.fi\/sv\/wp-json\/wp\/v2\/product_cat?post=3584"},{"taxonomy":"product_tag","embeddable":true,"href":"https:\/\/vaasanluonnonravinto.fi\/sv\/wp-json\/wp\/v2\/product_tag?post=3584"}],"curies":[{"name":"wp","href":"https:\/\/api.w.org\/{rel}","templated":true}]}}