{"id":3583,"date":"2019-03-22T13:13:24","date_gmt":"2019-03-22T11:13:24","guid":{"rendered":"https:\/\/vaasanluonnonravinto.fi\/?post_type=product&#038;p=3583"},"modified":"2022-03-04T16:54:57","modified_gmt":"2022-03-04T14:54:57","slug":"terranova-multi-c-vitamiini-250-mg-complex","status":"publish","type":"product","link":"https:\/\/vaasanluonnonravinto.fi\/sv\/tuote\/terranova-multi-c-vitamiini-250-mg-complex\/","title":{"rendered":"TERRANOVA MULTI-C-VITAMIINI 250 MG COMPLEX"},"content":{"rendered":"","protected":false},"excerpt":{"rendered":"<h4>Vatsayst\u00e4v\u00e4llinen C-vitamiini<\/h4>\n<p>C-vitamiini on yksi t\u00e4rkeimmist\u00e4 el\u00e4m\u00e4\u00e4 yll\u00e4pit\u00e4vist\u00e4 vitamiineista. Se edist\u00e4\u00e4 muun muassa immuunij\u00e4rjestelm\u00e4n normaalia toimintaa sek\u00e4 v\u00e4hent\u00e4\u00e4 v\u00e4symyst\u00e4 ja uupumusta. Erityisen t\u00e4rke\u00e4 C-vitamiini on terveen ja riitt\u00e4v\u00e4n kollageenin valmistukseen iholla, verisuonistossa, luustossa, rustoissa ja ikeniss\u00e4. Terranova Multi-C-vitamiinissa C-vitamiini on happoneutraalissa muodossa ja se on siten hell\u00e4varainen ja vatsayst\u00e4v\u00e4llinen.<\/p>\n<p>&nbsp;<\/p>\n<p>Magnifood Complexissa on monia C-vitamiinia ja sen apuaineita sis\u00e4lt\u00e4vi\u00e4 marjoja, kuten ruusunmarjaa, acai-marjaa ja acerolamarjaa. Stabiloidun riisinleseen sis\u00e4lt\u00e4m\u00e4 E-vitamiini pystyy uudelleen kierr\u00e4tt\u00e4m\u00e4\u00e4n C-vitamiinin aktiiviseen muotoon.<\/p>\n","protected":false},"featured_media":2080,"template":"","meta":{"_acf_changed":false},"product_brand":[],"product_cat":[73,94,77],"product_tag":[],"class_list":{"0":"post-3583","1":"product","2":"type-product","3":"status-publish","4":"has-post-thumbnail","6":"product_cat-lisaravinteet-sv","7":"product_cat-terranova-sv","8":"product_cat-vitamiinit-sv","10":"first","11":"instock","12":"taxable","13":"shipping-taxable","14":"purchasable","15":"product-type-simple"},"acf":[],"_links":{"self":[{"href":"https:\/\/vaasanluonnonravinto.fi\/sv\/wp-json\/wp\/v2\/product\/3583","targetHints":{"allow":["GET"]}}],"collection":[{"href":"https:\/\/vaasanluonnonravinto.fi\/sv\/wp-json\/wp\/v2\/product"}],"about":[{"href":"https:\/\/vaasanluonnonravinto.fi\/sv\/wp-json\/wp\/v2\/types\/product"}],"wp:featuredmedia":[{"embeddable":true,"href":"https:\/\/vaasanluonnonravinto.fi\/sv\/wp-json\/wp\/v2\/media\/2080"}],"wp:attachment":[{"href":"https:\/\/vaasanluonnonravinto.fi\/sv\/wp-json\/wp\/v2\/media?parent=3583"}],"wp:term":[{"taxonomy":"product_brand","embeddable":true,"href":"https:\/\/vaasanluonnonravinto.fi\/sv\/wp-json\/wp\/v2\/product_brand?post=3583"},{"taxonomy":"product_cat","embeddable":true,"href":"https:\/\/vaasanluonnonravinto.fi\/sv\/wp-json\/wp\/v2\/product_cat?post=3583"},{"taxonomy":"product_tag","embeddable":true,"href":"https:\/\/vaasanluonnonravinto.fi\/sv\/wp-json\/wp\/v2\/product_tag?post=3583"}],"curies":[{"name":"wp","href":"https:\/\/api.w.org\/{rel}","templated":true}]}}