{"id":3582,"date":"2019-03-22T13:16:15","date_gmt":"2019-03-22T11:16:15","guid":{"rendered":"https:\/\/vaasanluonnonravinto.fi\/?post_type=product&#038;p=3582"},"modified":"2022-03-04T16:54:47","modified_gmt":"2022-03-04T14:54:47","slug":"terranova-d3-vitamiini-complex","status":"publish","type":"product","link":"https:\/\/vaasanluonnonravinto.fi\/sv\/tuote\/terranova-d3-vitamiini-complex\/","title":{"rendered":"TERRANOVA D3-VITAMIINI COMPLEX"},"content":{"rendered":"","protected":false},"excerpt":{"rendered":"<h4>Veganiinen D-vitamiini<\/h4>\n<p>Terranova D-vitamiini on puhtaasti kasviper\u00e4inen D3-vitamiini (kolekalsiferoli). Valmisteissa k\u00e4ytetty raaka-aine valmistetaan luonnollisella uuttomenetelm\u00e4ll\u00e4 j\u00e4k\u00e4l\u00e4-lajikkeesta, jonka D3-vitamiinipitoisuus on mahdollisimman korkea.<\/p>\n<p>&nbsp;<\/p>\n<p>D-vitamiini s\u00e4\u00e4telee kalsium- ja fosforiaineenvaihduntaa osallistuen siten luuston, nivelten ja terveiden hampaiden rakentumiseen, sit\u00e4 tarvitaan my\u00f6s normaalin lihastoiminnan yll\u00e4pit\u00e4miseksi. D-vitamiini edist\u00e4\u00e4 immuunij\u00e4rjestelm\u00e4n normaalia toimintaa ja osallistuu solujen jakautumisprosessiin. D-vitamiini toimii elimist\u00f6ss\u00e4 l\u00e4heisess\u00e4 yhteisty\u00f6ss\u00e4 A-vitamiinin, magnesiumin, sinkin, K-vitamiinin ja boorin kanssa.<\/p>\n","protected":false},"featured_media":2082,"template":"","meta":{"_acf_changed":false,"rs_blank_template":"","rs_page_bg_color":"","slide_template_v7":""},"product_brand":[],"product_cat":[73,94,77],"product_tag":[],"class_list":{"0":"post-3582","1":"product","2":"type-product","3":"status-publish","4":"has-post-thumbnail","6":"product_cat-lisaravinteet-sv","7":"product_cat-terranova-sv","8":"product_cat-vitamiinit-sv","10":"first","11":"instock","12":"taxable","13":"shipping-taxable","14":"purchasable","15":"product-type-simple"},"acf":[],"_links":{"self":[{"href":"https:\/\/vaasanluonnonravinto.fi\/sv\/wp-json\/wp\/v2\/product\/3582","targetHints":{"allow":["GET"]}}],"collection":[{"href":"https:\/\/vaasanluonnonravinto.fi\/sv\/wp-json\/wp\/v2\/product"}],"about":[{"href":"https:\/\/vaasanluonnonravinto.fi\/sv\/wp-json\/wp\/v2\/types\/product"}],"wp:featuredmedia":[{"embeddable":true,"href":"https:\/\/vaasanluonnonravinto.fi\/sv\/wp-json\/wp\/v2\/media\/2082"}],"wp:attachment":[{"href":"https:\/\/vaasanluonnonravinto.fi\/sv\/wp-json\/wp\/v2\/media?parent=3582"}],"wp:term":[{"taxonomy":"product_brand","embeddable":true,"href":"https:\/\/vaasanluonnonravinto.fi\/sv\/wp-json\/wp\/v2\/product_brand?post=3582"},{"taxonomy":"product_cat","embeddable":true,"href":"https:\/\/vaasanluonnonravinto.fi\/sv\/wp-json\/wp\/v2\/product_cat?post=3582"},{"taxonomy":"product_tag","embeddable":true,"href":"https:\/\/vaasanluonnonravinto.fi\/sv\/wp-json\/wp\/v2\/product_tag?post=3582"}],"curies":[{"name":"wp","href":"https:\/\/api.w.org\/{rel}","templated":true}]}}