{"id":3580,"date":"2019-03-22T13:18:59","date_gmt":"2019-03-22T11:18:59","guid":{"rendered":"https:\/\/vaasanluonnonravinto.fi\/?post_type=product&#038;p=3580"},"modified":"2024-10-01T00:37:15","modified_gmt":"2024-09-30T21:37:15","slug":"terranova-ruuansulatusentsyymi-complex","status":"publish","type":"product","link":"https:\/\/vaasanluonnonravinto.fi\/sv\/tuote\/terranova-ruuansulatusentsyymi-complex\/","title":{"rendered":"TERRANOVA RUUANSULATUSENTSYYMI COMPLEX"},"content":{"rendered":"","protected":false},"excerpt":{"rendered":"<h4>Helpota ruuansulatustasi<\/h4>\n<p>Terranova Ruuansulatusentsyymi Complexissa k\u00e4ytetyt kasvientsyymit ovat stabiileja ja toimivia laajalla pH-alueella koko ruoansulatuskanavassa. Entsyymiyhdistelm\u00e4\u00e4 ei ole suunniteltu pilkkomaan pelk\u00e4st\u00e4\u00e4n proteiineja, t\u00e4rkkelyst\u00e4 ja rasvoja vaan my\u00f6s vaikeasti sulavia oligosakkarideja (esim. raffinoosi) ja disakkarideja, kuten laktoosia ja sakkaroosia.<\/p>\n<p>&nbsp;<\/p>\n<p>Magnifood Complexin kasvis\/yrttiyhdistelm\u00e4 vahvistaa entsyymien ruuansulatusta tehostavaa vaikutusta.<\/p>\n","protected":false},"featured_media":2084,"template":"","meta":{"_acf_changed":false,"rs_blank_template":"","rs_page_bg_color":"","slide_template_v7":""},"product_brand":[],"product_cat":[73,94,77],"product_tag":[],"class_list":{"0":"post-3580","1":"product","2":"type-product","3":"status-publish","4":"has-post-thumbnail","6":"product_cat-lisaravinteet-sv","7":"product_cat-terranova-sv","8":"product_cat-vitamiinit-sv","10":"first","11":"instock","12":"taxable","13":"shipping-taxable","14":"purchasable","15":"product-type-simple"},"acf":[],"_links":{"self":[{"href":"https:\/\/vaasanluonnonravinto.fi\/sv\/wp-json\/wp\/v2\/product\/3580","targetHints":{"allow":["GET"]}}],"collection":[{"href":"https:\/\/vaasanluonnonravinto.fi\/sv\/wp-json\/wp\/v2\/product"}],"about":[{"href":"https:\/\/vaasanluonnonravinto.fi\/sv\/wp-json\/wp\/v2\/types\/product"}],"wp:featuredmedia":[{"embeddable":true,"href":"https:\/\/vaasanluonnonravinto.fi\/sv\/wp-json\/wp\/v2\/media\/2084"}],"wp:attachment":[{"href":"https:\/\/vaasanluonnonravinto.fi\/sv\/wp-json\/wp\/v2\/media?parent=3580"}],"wp:term":[{"taxonomy":"product_brand","embeddable":true,"href":"https:\/\/vaasanluonnonravinto.fi\/sv\/wp-json\/wp\/v2\/product_brand?post=3580"},{"taxonomy":"product_cat","embeddable":true,"href":"https:\/\/vaasanluonnonravinto.fi\/sv\/wp-json\/wp\/v2\/product_cat?post=3580"},{"taxonomy":"product_tag","embeddable":true,"href":"https:\/\/vaasanluonnonravinto.fi\/sv\/wp-json\/wp\/v2\/product_tag?post=3580"}],"curies":[{"name":"wp","href":"https:\/\/api.w.org\/{rel}","templated":true}]}}