{"id":3579,"date":"2019-03-22T13:21:35","date_gmt":"2019-03-22T11:21:35","guid":{"rendered":"https:\/\/vaasanluonnonravinto.fi\/?post_type=product&#038;p=3579"},"modified":"2023-05-24T15:14:58","modified_gmt":"2023-05-24T12:14:58","slug":"terranova-maitohappobakteeri-complex","status":"publish","type":"product","link":"https:\/\/vaasanluonnonravinto.fi\/sv\/tuote\/terranova-maitohappobakteeri-complex\/","title":{"rendered":"TERRANOVA MAITOHAPPOBAKTEERI COMPLEX"},"content":{"rendered":"","protected":false},"excerpt":{"rendered":"<h4>Probiootit ja Prebiootit yhdess\u00e4<\/h4>\n<p>Suoliston terve bakteerikanta ja limakalvojen terveys vaikuttavat koko kehoon yll\u00e4pit\u00e4en tervett\u00e4 immuniteettia ja vastustuskyky\u00e4. Terranova Maitohappobakteeri Complex sis\u00e4lt\u00e4\u00e4 viitt\u00e4 erilaista maitohappobakteerikantaa, joiden tiedet\u00e4\u00e4n olevan tehokkaita ja turvallisia.<\/p>\n<p>&nbsp;<\/p>\n<p>Tuotteen vaikutusta tehostaa ainutlaatuinen kasveja ja yrttej\u00e4 sis\u00e4lt\u00e4v\u00e4 Magnifood Complex yhdistelm\u00e4, joka toimii prebioottina tuotteen maitohappobakteereille auttaen niit\u00e4 kiinnittym\u00e4\u00e4n ja lis\u00e4\u00e4ntym\u00e4\u00e4n suolistossa.<\/p>\n","protected":false},"featured_media":2086,"template":"","meta":{"_acf_changed":false},"product_brand":[],"product_cat":[78,87,73,94],"product_tag":[],"class_list":{"0":"post-3579","1":"product","2":"type-product","3":"status-publish","4":"has-post-thumbnail","6":"product_cat-muut-ravintolisat-sv","7":"product_cat-vatsan-hyvinvointivalmisteet-sv","8":"product_cat-lisaravinteet-sv","9":"product_cat-terranova-sv","11":"first","12":"instock","13":"taxable","14":"shipping-taxable","15":"purchasable","16":"product-type-simple"},"acf":[],"_links":{"self":[{"href":"https:\/\/vaasanluonnonravinto.fi\/sv\/wp-json\/wp\/v2\/product\/3579","targetHints":{"allow":["GET"]}}],"collection":[{"href":"https:\/\/vaasanluonnonravinto.fi\/sv\/wp-json\/wp\/v2\/product"}],"about":[{"href":"https:\/\/vaasanluonnonravinto.fi\/sv\/wp-json\/wp\/v2\/types\/product"}],"wp:featuredmedia":[{"embeddable":true,"href":"https:\/\/vaasanluonnonravinto.fi\/sv\/wp-json\/wp\/v2\/media\/2086"}],"wp:attachment":[{"href":"https:\/\/vaasanluonnonravinto.fi\/sv\/wp-json\/wp\/v2\/media?parent=3579"}],"wp:term":[{"taxonomy":"product_brand","embeddable":true,"href":"https:\/\/vaasanluonnonravinto.fi\/sv\/wp-json\/wp\/v2\/product_brand?post=3579"},{"taxonomy":"product_cat","embeddable":true,"href":"https:\/\/vaasanluonnonravinto.fi\/sv\/wp-json\/wp\/v2\/product_cat?post=3579"},{"taxonomy":"product_tag","embeddable":true,"href":"https:\/\/vaasanluonnonravinto.fi\/sv\/wp-json\/wp\/v2\/product_tag?post=3579"}],"curies":[{"name":"wp","href":"https:\/\/api.w.org\/{rel}","templated":true}]}}