{"id":3578,"date":"2019-03-25T13:44:52","date_gmt":"2019-03-25T11:44:52","guid":{"rendered":"https:\/\/vaasanluonnonravinto.fi\/?post_type=product&#038;p=3578"},"modified":"2024-04-01T01:37:04","modified_gmt":"2024-03-31T22:37:04","slug":"terranova-living-multinutrient-complex-50-kaps","status":"publish","type":"product","link":"https:\/\/vaasanluonnonravinto.fi\/sv\/tuote\/terranova-living-multinutrient-complex-50-kaps\/","title":{"rendered":"TERRANOVA LIVING MULTINUTRIENT COMPLEX 50 kaps."},"content":{"rendered":"<h4>Pakkauskoko<\/h4>\n<p>50 kaplselia<\/p>\n<p>&nbsp;<\/p>\n<h4>Annostus<\/h4>\n<p>1-3 kapselia p\u00e4iv\u00e4ss\u00e4 aterian yhteydess\u00e4.<\/p>\n<p>&nbsp;<\/p>\n<h4>Ravintosis\u00e4lt\u00f6, 3 kapselia:<\/h4>\n<p>MAGNIFOOD COMPLEX 900 mg<br \/>\nSpirulina 200 mg<br \/>\nOhranorasjauhe 150 mg<br \/>\nStabiloitu riisinlese 100 mg<br \/>\nTyrnin marja ja lehti (tuorepakastekuivattu) 50 mg<br \/>\nAcaimarja (luomu, tuorepakastekuivattu) 50 mg<br \/>\nSinimailanen (luomu, tuorepakastekuivattu) 50 mg<br \/>\nVoikukanlehti (luomu, tuorepakastekuivattu) 50 mg<br \/>\nNokkosenlehti (luomu, tuorepakastekuivattu) 50 mg<br \/>\nKurkumajuuri (luomu, tuorepakastekuivattu) 25 mg<br \/>\nVehn\u00e4norasmehu (luomu, tuorepakastekuivattu) 25 mg<br \/>\nVihre\u00e4 teelehti 25 mg<br \/>\nVesikrassi (luomu, tuorepakastekuivattu) 25 mg<br \/>\nLehtikaali (luomu, tuorepakastekuivattu) 25 mg<br \/>\nGranaattiomenan siemen 25 mg<br \/>\nKarhunvatukka (tuorepakastekuivattu) 25 mg<br \/>\nMustavadelma (tuorepakastekuivattu) 25 mg<br \/>\nC-vitamiini (kalsium-magnesium-sinkkiaskorbaatti) 250 mg<br \/>\nE-vitamiini (d-alfa tokoferolisukkinaatti) 101 \u00b5g<br \/>\nKalsium (karbonaatti, sitraatti, askorbaatti) 50 mg<br \/>\nMagnesium (oksidi, sitraatti, askorbaatti) 25 mg<br \/>\nB6-vitamiini (pyridoksiinihydrokloridi) 25 mg<br \/>\nB5-vitamiini (kalsiumpantotenaatti) 25 mg<br \/>\nB1-vitamiini (tiamiinimononitraatti) 20 mg<br \/>\nB2-vitamiini (riboflaviini) 20 mg<br \/>\nB3-vitamiini (nikotiiniamidi) 20 mg<br \/>\nInositoli 15 mg<br \/>\nKoliini (bitartraatti) 15 mg<br \/>\nSitrusbioflavonoideja 15 mg<br \/>\nSinkki (askorbaatti) 10 mg<br \/>\nLehtikuusen arabinogalaktaani 5,5 mg<br \/>\nLuonnon betakaroteeni 4 mg<br \/>\nAlfalipoiinihappo 2 mg<br \/>\nMangaani (bisglysinaatti) 1,5 mg<br \/>\nRauta (bisglysinaatti) 1,5 mg<br \/>\nKupari (glukonaatti) 1,25 mg<br \/>\nBoori (natriumboraatti) 1 mg<br \/>\nLuteiini 1 mg<br \/>\nLykopeeni (tomaatti) 1 mg<br \/>\nA-vitamiini (palmitaatti) 751 \u00b5g<br \/>\nFolaatti (kalsium L-metyylifolaatti) 200 \u00b5g<br \/>\nJodi (kaliumjodidi) 150 \u00b5g<br \/>\nBiotiini 100 \u00b5g<br \/>\nKromi (pikolinaatti) 50 \u00b5g<br \/>\nSeleeni (selenometioniini) 50 \u00b5g<br \/>\nB12-vitamiini (metyylikobalamiini) 50 \u00b5g<br \/>\nK1-vitamiini (fytonafioni) 10 \u00b5g<br \/>\nD3-vitamiini (Vitashine kasviper\u00e4inen kolekalsiferoli) 5 \u00b5g<\/p>\n<p>&nbsp;<\/p>\n<p>EI SIS\u00c4LL\u00c4 LIS\u00c4AINEITA TAI S\u00c4IL\u00d6NT\u00c4AINEITA, VEHN\u00c4\u00c4, GLUTEENIA, SOIJAA, HIIVAA, MAIDON AINESOSIA TAI SOKERIA. SOPII KASVISSY\u00d6JILLE JA VEGAANEILLE.<\/p>\n","protected":false},"excerpt":{"rendered":"<h4>Lis\u00e4aineeton monivitamiini<\/h4>\n<p>Terranova Living Multinutrient Complex on huippulaadukas ja hyvin imeytyv\u00e4 monivitamiiniravintolis\u00e4 sinulle, jolle kelpaa vain paras. Se sis\u00e4lt\u00e4\u00e4 vitamiinien lis\u00e4ksi my\u00f6s kaikkia v\u00e4ltt\u00e4m\u00e4tt\u00f6mi\u00e4 hivenaineita ja mineraaleja, kuten sinkki\u00e4, seleeni\u00e4, kuparia, kromia, rautaa ja magnesiumia hyvin imeytyv\u00e4ss\u00e4 muodossa.<\/p>\n<p>&nbsp;<\/p>\n<p>Magnifood Complexin yrttien, kasvien ja marjojen tehoaineet yhdistettyn\u00e4 vitamiineihin ja hivenaineisiin tehostaa vitamiinien ja hivenaineiden imeytymist\u00e4 ja toimintaa elimist\u00f6ss\u00e4. Suurin osa Magnifoodin ainesosista ovat luomulaatuisia ja PhytoFRESH-tuorepakastekuivaus takaa sen, ett\u00e4 kaikki kasvien ravintoaineet ovat tallessa.<\/p>\n<p>&nbsp;<\/p>\n<p>Suunnitteletko raskautta, oletko jo raskaana tai imet\u00e4tk\u00f6? Siin\u00e4 tapauksessa suosittelemme Terranova Prenatal Multivitamin -ravintolis\u00e4\u00e4, joka on varta vasten suunniteltu raskausaikaa tukemaan.<\/p>\n","protected":false},"featured_media":2096,"template":"","meta":{"_acf_changed":false,"rs_blank_template":"","rs_page_bg_color":"","slide_template_v7":""},"product_brand":[],"product_cat":[73,94,77],"product_tag":[],"class_list":{"0":"post-3578","1":"product","2":"type-product","3":"status-publish","4":"has-post-thumbnail","6":"product_cat-lisaravinteet-sv","7":"product_cat-terranova-sv","8":"product_cat-vitamiinit-sv","10":"first","11":"instock","12":"taxable","13":"shipping-taxable","14":"purchasable","15":"product-type-simple"},"acf":[],"_links":{"self":[{"href":"https:\/\/vaasanluonnonravinto.fi\/sv\/wp-json\/wp\/v2\/product\/3578","targetHints":{"allow":["GET"]}}],"collection":[{"href":"https:\/\/vaasanluonnonravinto.fi\/sv\/wp-json\/wp\/v2\/product"}],"about":[{"href":"https:\/\/vaasanluonnonravinto.fi\/sv\/wp-json\/wp\/v2\/types\/product"}],"wp:featuredmedia":[{"embeddable":true,"href":"https:\/\/vaasanluonnonravinto.fi\/sv\/wp-json\/wp\/v2\/media\/2096"}],"wp:attachment":[{"href":"https:\/\/vaasanluonnonravinto.fi\/sv\/wp-json\/wp\/v2\/media?parent=3578"}],"wp:term":[{"taxonomy":"product_brand","embeddable":true,"href":"https:\/\/vaasanluonnonravinto.fi\/sv\/wp-json\/wp\/v2\/product_brand?post=3578"},{"taxonomy":"product_cat","embeddable":true,"href":"https:\/\/vaasanluonnonravinto.fi\/sv\/wp-json\/wp\/v2\/product_cat?post=3578"},{"taxonomy":"product_tag","embeddable":true,"href":"https:\/\/vaasanluonnonravinto.fi\/sv\/wp-json\/wp\/v2\/product_tag?post=3578"}],"curies":[{"name":"wp","href":"https:\/\/api.w.org\/{rel}","templated":true}]}}