{"id":3576,"date":"2019-03-25T13:25:46","date_gmt":"2019-03-25T11:25:46","guid":{"rendered":"https:\/\/vaasanluonnonravinto.fi\/?post_type=product&#038;p=3576"},"modified":"2022-03-04T16:35:29","modified_gmt":"2022-03-04T14:35:29","slug":"terranova-easy-iron-20-mg-complex","status":"publish","type":"product","link":"https:\/\/vaasanluonnonravinto.fi\/sv\/tuote\/terranova-easy-iron-20-mg-complex\/","title":{"rendered":"TERRANOVA EASY IRON 20 MG COMPLEX"},"content":{"rendered":"<h4>Pakkauskoko<\/h4>\n<p>50 tablettia<\/p>\n<p>&nbsp;<\/p>\n<h4>Annostus<\/h4>\n<p>1 kapseli p\u00e4iv\u00e4ss\u00e4 aterian yhteydess\u00e4.<\/p>\n<p>&nbsp;<\/p>\n<h4>Ravintosis\u00e4lt\u00f6, 1 kapseli:<\/h4>\n<p>MAGNIFOOD COMPLEX 275 mg<br \/>\nRuusunmarjajauhe 100 mg<br \/>\nStabiloitu riisinlese 100 mg<br \/>\nOhranorasjauhe 50 mg<br \/>\nAcaimarja (luomu, tuorepakastekuivattu) 25 mg<br \/>\nRauta (bisglysinaatti) 20 mg<\/p>\n<p>EI SIS\u00c4LL\u00c4 LIS\u00c4AINEITA TAI S\u00c4IL\u00d6NT\u00c4AINEITA, VEHN\u00c4\u00c4, GLUTEENIA, SOIJAA, HIIVAA, MAIDON AINESOSIA TAI SOKERIA. SOPII KASVISSY\u00d6JILLE JA VEGAANEILLE.<\/p>\n","protected":false},"excerpt":{"rendered":"<h4>Hyvin imeytyv\u00e4 rauta<\/h4>\n<p>Rauta on ihmiselle v\u00e4ltt\u00e4m\u00e4t\u00f6n hivenaine. Rauta edist\u00e4\u00e4 esimerkiksi immuunij\u00e4rjestelm\u00e4n normaalia toiminta, kognitiivisia toimintoja ja auttaa v\u00e4hent\u00e4m\u00e4\u00e4n v\u00e4symyst\u00e4 ja uupumusta. Erityisesti naisilla voi esiinty\u00e4 piilev\u00e4\u00e4 raudanpuutosta. My\u00f6s kasvissy\u00f6j\u00e4t voivat tarvita lis\u00e4rautaa.<\/p>\n<p>&nbsp;<\/p>\n<p>Terranova Easy Iron on saanut poikkeuksellisen hyv\u00e4\u00e4 palautetta monelta tyytyv\u00e4isilt\u00e4 k\u00e4ytt\u00e4jilt\u00e4. Rauta on vatsayst\u00e4v\u00e4llisess\u00e4, aminohappokelatoidussa ja hyvin imeytyv\u00e4ss\u00e4 bisglysinaattimuodossa, joka ei aiheuta ummetusta.<\/p>\n<p>&nbsp;<\/p>\n<p>Tuotteen Magnifood Complex sis\u00e4lt\u00e4\u00e4 merkitt\u00e4vi\u00e4 m\u00e4\u00e4ri\u00e4 C-vitamiinia, jota tarvitaan raudan imeytymiseen. Sen sis\u00e4lt\u00e4m\u00e4t E-vitamiinijohdannaiset taas suojelevat rautaa hapettumiselta ja lehtivihre\u00e4n (klorofyllin) ainesosat auttavat rautaa punasolujen muodostuksessa.<\/p>\n<p>&nbsp;<\/p>\n<p>Sopii k\u00e4ytett\u00e4v\u00e4ksi yhdess\u00e4 Terranova Multi C-vitamiini 250 mg Complex -tuotteen kanssa.<\/p>\n<p>&nbsp;<\/p>\n","protected":false},"featured_media":2088,"template":"","meta":{"_acf_changed":false},"product_brand":[],"product_cat":[73,76,94],"product_tag":[],"class_list":{"0":"post-3576","1":"product","2":"type-product","3":"status-publish","4":"has-post-thumbnail","6":"product_cat-lisaravinteet-sv","7":"product_cat-kivennaisvalmisteet-sv","8":"product_cat-terranova-sv","10":"first","11":"instock","12":"taxable","13":"shipping-taxable","14":"purchasable","15":"product-type-simple"},"acf":[],"_links":{"self":[{"href":"https:\/\/vaasanluonnonravinto.fi\/sv\/wp-json\/wp\/v2\/product\/3576","targetHints":{"allow":["GET"]}}],"collection":[{"href":"https:\/\/vaasanluonnonravinto.fi\/sv\/wp-json\/wp\/v2\/product"}],"about":[{"href":"https:\/\/vaasanluonnonravinto.fi\/sv\/wp-json\/wp\/v2\/types\/product"}],"wp:featuredmedia":[{"embeddable":true,"href":"https:\/\/vaasanluonnonravinto.fi\/sv\/wp-json\/wp\/v2\/media\/2088"}],"wp:attachment":[{"href":"https:\/\/vaasanluonnonravinto.fi\/sv\/wp-json\/wp\/v2\/media?parent=3576"}],"wp:term":[{"taxonomy":"product_brand","embeddable":true,"href":"https:\/\/vaasanluonnonravinto.fi\/sv\/wp-json\/wp\/v2\/product_brand?post=3576"},{"taxonomy":"product_cat","embeddable":true,"href":"https:\/\/vaasanluonnonravinto.fi\/sv\/wp-json\/wp\/v2\/product_cat?post=3576"},{"taxonomy":"product_tag","embeddable":true,"href":"https:\/\/vaasanluonnonravinto.fi\/sv\/wp-json\/wp\/v2\/product_tag?post=3576"}],"curies":[{"name":"wp","href":"https:\/\/api.w.org\/{rel}","templated":true}]}}