{"id":3574,"date":"2019-03-25T13:30:42","date_gmt":"2019-03-25T11:30:42","guid":{"rendered":"https:\/\/vaasanluonnonravinto.fi\/?post_type=product&#038;p=3574"},"modified":"2022-03-04T16:35:17","modified_gmt":"2022-03-04T14:35:17","slug":"terranova-sinkki-15-mg-complex","status":"publish","type":"product","link":"https:\/\/vaasanluonnonravinto.fi\/sv\/tuote\/terranova-sinkki-15-mg-complex\/","title":{"rendered":"TERRANOVA SINKKI 15 MG COMPLEX"},"content":{"rendered":"<h4>Pakkauskoko<\/h4>\n<p>50 kapselia<\/p>\n<p>&nbsp;<\/p>\n<h4>Annostus<\/h4>\n<p>1 kapseli aterian yhteydess\u00e4<\/p>\n<p>&nbsp;<\/p>\n<h4>Ravintosis\u00e4lt\u00f6, 1 kapseli:<\/h4>\n<p>MAGNIFOOD COMPLEX 400 mg<br \/>\nStabiloitu riisinlese 250 mg<br \/>\nSpirulina 75 mg<br \/>\nKurpitsansiemen 50 mg<br \/>\nAcaimarja (luomu, tuorepakastekuivattu) 25 mg<br \/>\nSinkki (bisglysinaatti) 15 mg<\/p>\n<p>&nbsp;<\/p>\n<p>EI SIS\u00c4LL\u00c4 LIS\u00c4AINEITA TAI S\u00c4IL\u00d6NT\u00c4AINEITA, VEHN\u00c4\u00c4, GLUTEENIA, SOIJAA, HIIVAA, MAIDON AINESOSIA TAI SOKERIA. SOPII KASVISSY\u00d6JILLE JA VEGAANEILLE.<\/p>\n","protected":false},"excerpt":{"rendered":"<p>Sinkki on yksi t\u00e4rkeimmist\u00e4 hivenaineista ja esimerkiksi hyv\u00e4n vastustuskyvyn kannalta v\u00e4ltt\u00e4m\u00e4t\u00f6n. My\u00f6s ihon, hiusten, kynsien ja silmien terveys on riippuvainen riitt\u00e4v\u00e4st\u00e4 sinkin saannista. Jokaisen ihmisen olisi t\u00e4rke\u00e4\u00e4 saada sinkki\u00e4 p\u00e4ivitt\u00e4in, sill\u00e4 elimist\u00f6mme ei toimi kunnolla ilman sit\u00e4. Raskausaikana, imett\u00e4ess\u00e4, kovaa fyysist\u00e4 ty\u00f6t\u00e4 tai harjoittelua teht\u00e4ess\u00e4 tai vegaanisen ruokavalion yhteydess\u00e4 sinkin tarve vain kasvaa. T\u00e4ll\u00f6in riitt\u00e4v\u00e4 sinkin saaminen on helpointa varmistaa laadukkailla, lis\u00e4- ja t\u00e4yteaineettomilla Terranova Sinkki -ravintolis\u00e4kapseleilla.<\/p>\n<p>&nbsp;<\/p>\n<p>Mm. spirulinaa ja acai-marjaa sis\u00e4lt\u00e4v\u00e4 Magnifood Complex parantaa sinkin toimintaa ja hyv\u00e4ksik\u00e4ytt\u00f6\u00e4 elimist\u00f6ss\u00e4.<\/p>\n","protected":false},"featured_media":2090,"template":"","meta":{"_acf_changed":false,"rs_blank_template":"","rs_page_bg_color":"","slide_template_v7":""},"product_brand":[],"product_cat":[73,76,94],"product_tag":[],"class_list":{"0":"post-3574","1":"product","2":"type-product","3":"status-publish","4":"has-post-thumbnail","6":"product_cat-lisaravinteet-sv","7":"product_cat-kivennaisvalmisteet-sv","8":"product_cat-terranova-sv","10":"first","11":"instock","12":"taxable","13":"shipping-taxable","14":"purchasable","15":"product-type-simple"},"acf":[],"_links":{"self":[{"href":"https:\/\/vaasanluonnonravinto.fi\/sv\/wp-json\/wp\/v2\/product\/3574","targetHints":{"allow":["GET"]}}],"collection":[{"href":"https:\/\/vaasanluonnonravinto.fi\/sv\/wp-json\/wp\/v2\/product"}],"about":[{"href":"https:\/\/vaasanluonnonravinto.fi\/sv\/wp-json\/wp\/v2\/types\/product"}],"wp:featuredmedia":[{"embeddable":true,"href":"https:\/\/vaasanluonnonravinto.fi\/sv\/wp-json\/wp\/v2\/media\/2090"}],"wp:attachment":[{"href":"https:\/\/vaasanluonnonravinto.fi\/sv\/wp-json\/wp\/v2\/media?parent=3574"}],"wp:term":[{"taxonomy":"product_brand","embeddable":true,"href":"https:\/\/vaasanluonnonravinto.fi\/sv\/wp-json\/wp\/v2\/product_brand?post=3574"},{"taxonomy":"product_cat","embeddable":true,"href":"https:\/\/vaasanluonnonravinto.fi\/sv\/wp-json\/wp\/v2\/product_cat?post=3574"},{"taxonomy":"product_tag","embeddable":true,"href":"https:\/\/vaasanluonnonravinto.fi\/sv\/wp-json\/wp\/v2\/product_tag?post=3574"}],"curies":[{"name":"wp","href":"https:\/\/api.w.org\/{rel}","templated":true}]}}