{"id":3572,"date":"2019-03-25T14:16:48","date_gmt":"2019-03-25T12:16:48","guid":{"rendered":"https:\/\/vaasanluonnonravinto.fi\/?post_type=product&#038;p=3572"},"modified":"2026-02-09T15:12:30","modified_gmt":"2026-02-09T13:12:30","slug":"terranova-prenatal-multivitamin-complex-100-kaps","status":"publish","type":"product","link":"https:\/\/vaasanluonnonravinto.fi\/sv\/tuote\/terranova-prenatal-multivitamin-complex-100-kaps\/","title":{"rendered":"TERRANOVA PRENATAL MULTIVITAMIN COMPLEX 100 kaps."},"content":{"rendered":"<h4>Pakkauskoko<\/h4>\n<p>100 kapselia<\/p>\n<p>&nbsp;<\/p>\n<h4>Annostus<\/h4>\n<p>2 kapselia p\u00e4iv\u00e4ss\u00e4 aterian yhteydess\u00e4.<\/p>\n<p>&nbsp;<\/p>\n<h4>Ravintosis\u00e4lt\u00f6, 2 kapselia:<\/h4>\n<p>MAGNIFOOD COMPLEX 350 mg<br \/>\nLehtikaali (luomu, tuorepakastekuivattu) 100 mg<br \/>\nKarhunvatukka (tuorepakastekuivattu) 50 mg<br \/>\nKurpitsansiemen 50 mg<br \/>\nStabiloitu riisinlese 50 mg<br \/>\nPunajuuren mehu ja lehdet (luomu, tuorepakastekuivattu) 25 mg<br \/>\nPinaatti (luomu, tuorepakastekuivattu) 25 mg<br \/>\nKalsium (karbonaatti, sitraatti, askorbaatti) 100 mg<br \/>\nC-vitamiini (kalsium-magnesium-sinkkiaskorbaatti) 60 mg<br \/>\nMagnesium (oksidi, sitraatti, askorbaatti) 50 mg<br \/>\nE-vitamiini (d-alfa tokoferolisukkinaatti) 20 mg<br \/>\nRauta (bisglysinaatti) 15 mg<br \/>\nSitrusbioflavonoideja 15 mg<br \/>\nDHA (dokosaheksaeenihappo) 15 mg<br \/>\nB3-vitamiini (nikotiiniamidi) 15 mg<br \/>\nSinkki (askorbaatti) 10 mg<br \/>\nB6-vitamiini (pyridoksiinihydrokloridi) 5 mg<br \/>\nInositoli 5 mg<br \/>\nKoliini (bitartraatti) 5 mg<br \/>\nB1-vitamiini (tiamiinimononitraatti) 3 mg<br \/>\nB2-vitamiini (riboflaviini) 3 mg<br \/>\nLuonnon betakaroteeni 2 mg<br \/>\nKupari (glukonaatti) 1 mg<br \/>\nMangaani (bisglysinaatti) 0,5 mg<br \/>\nFolaatti (kalsium L-metyylifolaatti) 400 \u00b5g<br \/>\nD-biotiini 150 \u00b5g<br \/>\nJodi (kaliumjodidi) 100 \u00b5g<br \/>\nSeleeni (selenometioniini) 25 \u00b5g<br \/>\nKromi (pikolinaatti) 20 \u00b5g<br \/>\nD3-vitamiini (Vitashine kasviper\u00e4inen kolekalsiferoli) 10 \u00b5g<br \/>\nB12-vitamiini (metyylikobalamiini) 5 \u00b5g<\/p>\n<p>&nbsp;<\/p>\n<p>EI SIS\u00c4LL\u00c4 LIS\u00c4AINEITA TAI S\u00c4IL\u00d6NT\u00c4AINEITA, VEHN\u00c4\u00c4, GLUTEENIA, SOIJAA, HIIVAA, MAIDON AINESOSIA TAI SOKERIA. SOPII KASVISSY\u00d6JILLE JA VEGAANEILLE.<\/p>\n","protected":false},"excerpt":{"rendered":"<p>Terranovan Prenatal Multivitamin Complex on 100 % puhdas ja turvallinen monivitamiini raskaus- ja imetysajan tarpeisiin.<\/p>\n<p>&nbsp;<\/p>\n<p>Terranova Prenatal Multivitamin Complex on tarkoitettu raskautta suunnitteleville, raskaana oleville ja imett\u00e4ville. Raskauden aikana kaikkien t\u00e4rkeiden pienravintotekij\u00f6iden kuten vitamiinien ja hivenaineiden tarve korostuu, koska \u00e4idin tulee ruokkia itsens\u00e4 lis\u00e4ksi my\u00f6s kohdussa oleva siki\u00f6. Raskauden aikana tapahtuu my\u00f6s muutoksia \u00e4idin hormonitoiminnassa ja aineenvaihdunnassa, jotka vaativat lis\u00e4energiaa. Eritt\u00e4in t\u00e4rkeit\u00e4 raskaana oleville ovat B-ryhm\u00e4n vitamiinit, erityisesti foolihappo. Hivenaineista muun muassa rauta ja sinkki ovat t\u00e4rkeit\u00e4 siki\u00f6n nopean kasvun takaamiseksi. My\u00f6s D-vitamiinilla on t\u00e4rke\u00e4 teht\u00e4v\u00e4 immuniteetin suojaamiseksi ja luuston kasvulle.<\/p>\n<p>&nbsp;<\/p>\n<p>Magnifood Complexin vihre\u00e4t kasvikset ja marjat sis\u00e4lt\u00e4v\u00e4t runsaasti B-ryhm\u00e4n vitamiineja ja muita elimist\u00f6n aineenvaihduntaa tukevia pienravintotekij\u00f6it\u00e4, joita tarvitaan raskauden aikana.<\/p>\n","protected":false},"featured_media":2102,"template":"","meta":{"_acf_changed":false},"product_brand":[],"product_cat":[73,94,77],"product_tag":[],"class_list":{"0":"post-3572","1":"product","2":"type-product","3":"status-publish","4":"has-post-thumbnail","6":"product_cat-lisaravinteet-sv","7":"product_cat-terranova-sv","8":"product_cat-vitamiinit-sv","10":"first","11":"instock","12":"taxable","13":"shipping-taxable","14":"purchasable","15":"product-type-simple"},"acf":[],"_links":{"self":[{"href":"https:\/\/vaasanluonnonravinto.fi\/sv\/wp-json\/wp\/v2\/product\/3572","targetHints":{"allow":["GET"]}}],"collection":[{"href":"https:\/\/vaasanluonnonravinto.fi\/sv\/wp-json\/wp\/v2\/product"}],"about":[{"href":"https:\/\/vaasanluonnonravinto.fi\/sv\/wp-json\/wp\/v2\/types\/product"}],"wp:featuredmedia":[{"embeddable":true,"href":"https:\/\/vaasanluonnonravinto.fi\/sv\/wp-json\/wp\/v2\/media\/2102"}],"wp:attachment":[{"href":"https:\/\/vaasanluonnonravinto.fi\/sv\/wp-json\/wp\/v2\/media?parent=3572"}],"wp:term":[{"taxonomy":"product_brand","embeddable":true,"href":"https:\/\/vaasanluonnonravinto.fi\/sv\/wp-json\/wp\/v2\/product_brand?post=3572"},{"taxonomy":"product_cat","embeddable":true,"href":"https:\/\/vaasanluonnonravinto.fi\/sv\/wp-json\/wp\/v2\/product_cat?post=3572"},{"taxonomy":"product_tag","embeddable":true,"href":"https:\/\/vaasanluonnonravinto.fi\/sv\/wp-json\/wp\/v2\/product_tag?post=3572"}],"curies":[{"name":"wp","href":"https:\/\/api.w.org\/{rel}","templated":true}]}}