{"id":3569,"date":"2019-03-25T14:34:43","date_gmt":"2019-03-25T12:34:43","guid":{"rendered":"https:\/\/vaasanluonnonravinto.fi\/?post_type=product&#038;p=3569"},"modified":"2025-10-01T00:37:07","modified_gmt":"2025-09-30T21:37:07","slug":"terranova-life-drink-ravintojauhe","status":"publish","type":"product","link":"https:\/\/vaasanluonnonravinto.fi\/sv\/tuote\/terranova-life-drink-ravintojauhe\/","title":{"rendered":"TERRANOVA LIFE DRINK -RAVINTOJAUHE"},"content":{"rendered":"<h4>Pakkauskoko<\/h4>\n<p>227 g<\/p>\n<p>&nbsp;<\/p>\n<h4>Annostus<\/h4>\n<p>sekoita annoskauhallinen p\u00e4iv\u00e4ss\u00e4 esimerkiksi smoothieen, veteen tai mehuun.<\/p>\n<p>&nbsp;<\/p>\n<h4>Ravintosis\u00e4lt\u00f6, 1 annoskauhallinen (n. 12 G):<\/h4>\n<p>PROTEIINISEKOITUS 6,25 g<br \/>\nHerneproteiini (proteiinipitoisuus 2,5 g) 3,13 g<br \/>\nRiisiproteiini (proteiinipitoisuus 2,5 g) 3,13 g<br \/>\nRIISINLESE 4,25 g<br \/>\nStabiloitu liukoinen riisinlese 4,25 g<br \/>\nLEV\u00c4JAUHE 600 mg<br \/>\nSpirulina 500 mg<br \/>\nKlorella (pilkottu solusein\u00e4) 100 mg<br \/>\nTUOREPAKASTEKUIVATUT LUOMUVIHERJAUHEET 300 mg<br \/>\nVehn\u00e4norasmehu (luomu, tuorepakastekuivattu) 50 mg<br \/>\nNokkosenlehti (luomu, tuorepakastekuivattu) 50 mg<br \/>\nLehtikaali (luomu, tuorepakastekuivattu) 25 mg<br \/>\nVesikrassi (luomu, tuorepakastekuivattu) 25 mg<br \/>\nVoikukanlehti (luomu, tuorepakastekuivattu) 25 mg<br \/>\nPinaatti (luomu, tuorepakastekuivattu) 25 mg<br \/>\nPersiljan lehti (luomu, tuorepakastekuivattu) 25 mg<br \/>\nKorianterin lehti (luomu, tuorepakastekuivattu) 25 mg<br \/>\nParsakaalin idut (luomu, tuorepakastekuivattu) 25 mg<br \/>\nPunajuuren mehu ja lehdet (luomu, tuorepakastekuivattu) 25 mg<br \/>\nTUOREPAKASTEKUIVATUT MARJAT 300 mg<br \/>\nAronian marja (luomu, tuorepakastekuivattu) 50 mg<br \/>\nTyrnin marja ja lehti (tuorepakastekuivattu) 50 mg<br \/>\nAcaimarja (luomu, tuorepakastekuivattu) 25 mg<br \/>\nMustikka (tuorepakastekuivattu) 25 mg<br \/>\nKarhunvatukka (tuorepakastekuivattu) 25 mg<br \/>\nMustavadelma (tuorepakastekuivattu) 25 mg<br \/>\nKarpalo (luomu, tuorepakastekuivattu) 25 mg<br \/>\nMustaselja (tuorepakastekuivattu) 25 mg<br \/>\nMontmorency kirsikka (tuorepakastekuivattu) 25 mg<br \/>\nMansikka (luomu, tuorepakastekuivattu) 25 mg<br \/>\nOMEGA 3,6,9 \u00d6LJYSEKOITUS 2:1:1 150 mg<br \/>\nPellavansiemen \u00f6ljyjauhe 65,4 mg<br \/>\nPurasruohon \u00f6ljyjauhe 49,2 mg<br \/>\nOliivi\u00f6ljyjauhe 35,4 mg<br \/>\nTUOREPAKASTEKUIVATUT LUOMUSIENIJAUHEET 75 mg<br \/>\nShiitake (luomu, tuorepakastekuivattu) 25 mg<br \/>\nReishi (luomu, tuorepakastekuivattu) 50 mg<br \/>\nLIFE DRINK RUOANSULATUSSEKOITUS 75 mg<br \/>\nMAITOHAPPOBAKTEEREJA 20 mg<br \/>\nLactobacillus plantarum 106,3 milj.<br \/>\nLactobasillus casei 85,1 milj.<br \/>\nLactobacillus rhamnosus 74,5 milj.<br \/>\nLactobacillus acidophilus 53,2 milj.<br \/>\nBifidobacterium lactis 53,2 milj.<br \/>\nPREBIOOTTEJA 20 mg<br \/>\nLehtikuusen arabinogalaktaani 20 mg<br \/>\nRUOANSULATUSENTSYYMEJ\u00c4 20 mg<br \/>\nProteaasi (A. oryzae) 6,9 mg<br \/>\nAmylaasi(A.oryzae) 4,23 mg<br \/>\nLaktaasi (A.oryzae) 1,83 mg<br \/>\nGlukoamylaasi (A.niger) 1,83 mg<br \/>\nAlfagalaktosidaasi(A. Niger) 1,71 mg<br \/>\nProteaasi (A. niger) 1,71 mg<br \/>\nInvertaasi (S. Cerevisiae) 0,83 mg<br \/>\nLipaasi (C.ugosa) 0,48 mg<br \/>\nGlukoamylaasi (R.oryzae) 0,28 mg<br \/>\nLipaasi (A.nigerI 0,04 mg<br \/>\nLipaasi (R.oryzae) 0,04 mg<br \/>\nInkiv\u00e4\u00e4rin juuri (luomu, tuorepakastekuivattu) 15 mg<\/p>\n<p>&nbsp;<\/p>\n<p>EI SIS\u00c4LL\u00c4 LIS\u00c4AINEITA TAI S\u00c4IL\u00d6NT\u00c4AINEITA, VEHN\u00c4\u00c4, GLUTEENIA, HIIVAA, MAIDON AINESOSIA TAI SOKERIA. SOPII KASVISSY\u00d6JILLE JA VEGAANEILLE. SIS\u00c4LT\u00c4\u00c4 J\u00c4\u00c4MI\u00c4 SOIJASTA.<\/p>\n","protected":false},"excerpt":{"rendered":"<h4>Enemm\u00e4n kuin viherjauhe<\/h4>\n<p>Terranovan asiantuntijatiimi k\u00e4vi l\u00e4pi satoja tieteellisi\u00e4 tutkimuksia ja kokemusper\u00e4ist\u00e4 tietoa kasvien ainesosien yksitt\u00e4isist\u00e4 ja yhteisvaikutuksista ihmisen aineenvaihdunnassa. Pitk\u00e4n suunnitteluty\u00f6n tuloksena syntyi Terranova Life Drink, Terranova-ravintolis\u00e4sarjan lippulaiva.<\/p>\n<p>&nbsp;<\/p>\n<p>Terranova Life Drink on eritt\u00e4in ravitseva ja kokonaisvaltainen ravintojauhe; superfoodia sanan varsinaisessa merkityksess\u00e4! Se on kehitetty sinulle, joka haluat valita luonnollisen ja kokonaisvaltaisen tavan yll\u00e4pit\u00e4\u00e4 terveytt\u00e4si. Life Drink on my\u00f6s helppok\u00e4ytt\u00f6inen: et tarvitse sheikkeri\u00e4 tai mixeri\u00e4 sekoittamiseen vaan muutama py\u00f6r\u00e4ytys tavallisella lusikalla riitt\u00e4\u00e4. Kokeile my\u00f6s Life Drinkin k\u00e4ytt\u00e4mist\u00e4 esimerkiksi aamupuurossa! Katso resepti blogistamme.<\/p>\n<p>&nbsp;<\/p>\n<p>Life Drink sis\u00e4lt\u00e4\u00e4 mm. runsaasti kasviproteiinia, luomulaatuisia tuorepakastekuivattuja kasvi-, marja- ja sienijauheita, tiivistetty\u00e4 t\u00e4ysruokaa ja muita luonnollisia ruuan aktiivisia ainesosia sek\u00e4 ruuansulatusentsyymej\u00e4, maitohappobakteereja, rasvahappoja ja kuituja \u2013 100 % lis\u00e4aineettomasti.<\/p>\n","protected":false},"featured_media":2108,"template":"","meta":{"_acf_changed":false,"rs_blank_template":"","rs_page_bg_color":"","slide_template_v7":""},"product_brand":[],"product_cat":[78,73,94],"product_tag":[],"class_list":{"0":"post-3569","1":"product","2":"type-product","3":"status-publish","4":"has-post-thumbnail","6":"product_cat-muut-ravintolisat-sv","7":"product_cat-lisaravinteet-sv","8":"product_cat-terranova-sv","10":"first","11":"instock","12":"taxable","13":"shipping-taxable","14":"purchasable","15":"product-type-simple"},"acf":[],"_links":{"self":[{"href":"https:\/\/vaasanluonnonravinto.fi\/sv\/wp-json\/wp\/v2\/product\/3569","targetHints":{"allow":["GET"]}}],"collection":[{"href":"https:\/\/vaasanluonnonravinto.fi\/sv\/wp-json\/wp\/v2\/product"}],"about":[{"href":"https:\/\/vaasanluonnonravinto.fi\/sv\/wp-json\/wp\/v2\/types\/product"}],"wp:featuredmedia":[{"embeddable":true,"href":"https:\/\/vaasanluonnonravinto.fi\/sv\/wp-json\/wp\/v2\/media\/2108"}],"wp:attachment":[{"href":"https:\/\/vaasanluonnonravinto.fi\/sv\/wp-json\/wp\/v2\/media?parent=3569"}],"wp:term":[{"taxonomy":"product_brand","embeddable":true,"href":"https:\/\/vaasanluonnonravinto.fi\/sv\/wp-json\/wp\/v2\/product_brand?post=3569"},{"taxonomy":"product_cat","embeddable":true,"href":"https:\/\/vaasanluonnonravinto.fi\/sv\/wp-json\/wp\/v2\/product_cat?post=3569"},{"taxonomy":"product_tag","embeddable":true,"href":"https:\/\/vaasanluonnonravinto.fi\/sv\/wp-json\/wp\/v2\/product_tag?post=3569"}],"curies":[{"name":"wp","href":"https:\/\/api.w.org\/{rel}","templated":true}]}}