{"id":3568,"date":"2019-03-25T14:46:17","date_gmt":"2019-03-25T12:46:17","guid":{"rendered":"https:\/\/vaasanluonnonravinto.fi\/?post_type=product&#038;p=3568"},"modified":"2023-11-22T10:28:58","modified_gmt":"2023-11-22T08:28:58","slug":"terranova-kurkumajuuri-350-mg","status":"publish","type":"product","link":"https:\/\/vaasanluonnonravinto.fi\/sv\/tuote\/terranova-kurkumajuuri-350-mg\/","title":{"rendered":"TERRANOVA KURKUMAJUURI 350 MG"},"content":{"rendered":"<h4>Pakkauskoko<\/h4>\n<p>50 kapselia<\/p>\n<p>&nbsp;<\/p>\n<h4>Annostus<\/h4>\n<p>1-3 kapselia p\u00e4iv\u00e4ss\u00e4 aterian yhteydess\u00e4.<\/p>\n<p>&nbsp;<\/p>\n<h4>Ravintosis\u00e4lt\u00f6, 1-3 kapselia:<\/h4>\n<p>Kurkumajuurijauhe (luomu, tuorepakastekuivattu) 350-1050 mg<\/p>\n","protected":false},"excerpt":{"rendered":"<h4>Luomu kurkumajuuri<\/h4>\n<p>Kurkumajuurta ja sen aineosia (etenkin kurkumiinia ja muita kurkuminoideja) on tutkittu paljon sen mahdollisten antioksidanttisten ja antimikrobisten ominaisuuksiensa osalta. Lis\u00e4ksi sill\u00e4 voi olla my\u00f6s lukuisia muita edullisia vaikutuksia terveyteen.<\/p>\n","protected":false},"featured_media":2110,"template":"","meta":{"_acf_changed":false,"rs_blank_template":"","rs_page_bg_color":"","slide_template_v7":""},"product_brand":[],"product_cat":[78,73,94],"product_tag":[],"class_list":{"0":"post-3568","1":"product","2":"type-product","3":"status-publish","4":"has-post-thumbnail","6":"product_cat-muut-ravintolisat-sv","7":"product_cat-lisaravinteet-sv","8":"product_cat-terranova-sv","10":"first","11":"outofstock","12":"taxable","13":"shipping-taxable","14":"purchasable","15":"product-type-simple"},"acf":[],"_links":{"self":[{"href":"https:\/\/vaasanluonnonravinto.fi\/sv\/wp-json\/wp\/v2\/product\/3568","targetHints":{"allow":["GET"]}}],"collection":[{"href":"https:\/\/vaasanluonnonravinto.fi\/sv\/wp-json\/wp\/v2\/product"}],"about":[{"href":"https:\/\/vaasanluonnonravinto.fi\/sv\/wp-json\/wp\/v2\/types\/product"}],"wp:featuredmedia":[{"embeddable":true,"href":"https:\/\/vaasanluonnonravinto.fi\/sv\/wp-json\/wp\/v2\/media\/2110"}],"wp:attachment":[{"href":"https:\/\/vaasanluonnonravinto.fi\/sv\/wp-json\/wp\/v2\/media?parent=3568"}],"wp:term":[{"taxonomy":"product_brand","embeddable":true,"href":"https:\/\/vaasanluonnonravinto.fi\/sv\/wp-json\/wp\/v2\/product_brand?post=3568"},{"taxonomy":"product_cat","embeddable":true,"href":"https:\/\/vaasanluonnonravinto.fi\/sv\/wp-json\/wp\/v2\/product_cat?post=3568"},{"taxonomy":"product_tag","embeddable":true,"href":"https:\/\/vaasanluonnonravinto.fi\/sv\/wp-json\/wp\/v2\/product_tag?post=3568"}],"curies":[{"name":"wp","href":"https:\/\/api.w.org\/{rel}","templated":true}]}}