{"id":3567,"date":"2019-03-25T14:52:23","date_gmt":"2019-03-25T12:52:23","guid":{"rendered":"https:\/\/vaasanluonnonravinto.fi\/?post_type=product&#038;p=3567"},"modified":"2026-02-09T15:11:37","modified_gmt":"2026-02-09T13:11:37","slug":"terranova-inkivaari-350-mg","status":"publish","type":"product","link":"https:\/\/vaasanluonnonravinto.fi\/sv\/tuote\/terranova-inkivaari-350-mg\/","title":{"rendered":"TERRANOVA INKIV\u00c4\u00c4RI 350 MG"},"content":{"rendered":"<h4>Pakkauskoko<\/h4>\n<p>50 kapselia<\/p>\n<p>&nbsp;<\/p>\n<h4>Annostus<\/h4>\n<p>1-2 kapselia p\u00e4iv\u00e4ss\u00e4 aterian yhteydess\u00e4.<\/p>\n<p>&nbsp;<\/p>\n<h4>Ravintosis\u00e4lt\u00f6, 1-2 kapselia<\/h4>\n<p>Inkiv\u00e4\u00e4rinjuurijauhe (luomu, tuorepakastekuivattu) 350-700 mg<\/p>\n<p>EI SIS\u00c4LL\u00c4 LIS\u00c4AINEITA TAI S\u00c4IL\u00d6NT\u00c4AINEITA, VEHN\u00c4\u00c4, GLUTEENIA, SOIJAA, HIIVAA, MAIDON AINESOSIA TAI SOKERIA. SOPII KASVISSY\u00d6JILLE JA VEGAANEILLE. EI SUOSITELLA RASKAANA OLEVILLE.<\/p>\n","protected":false},"excerpt":{"rendered":"<h4>Tuorepakastekuivattu inkiv\u00e4\u00e4rijuuri<\/h4>\n<p>Inkiv\u00e4\u00e4ri\u00e4 (Zingiber officinalis) on k\u00e4ytetty tuhansia vuosia Aasiassa ja Intiassa mm. ruuanlaiton yhteydess\u00e4 ja terveytt\u00e4 edist\u00e4v\u00e4n\u00e4 kasvina sen mahdollisten pahoinvointia lievitt\u00e4vien ja ruuansulatusta edist\u00e4vien ominaisuuksiensa ansiosta. Terranova Inkiv\u00e4\u00e4ri 350 mg on luomulaatuista, tuorepakastekuivatua inkiv\u00e4\u00e4ri\u00e4 kapselimuodossa. Kapselin voi helposti avata ja sirotella juomaan tai ruokaan.<\/p>\n","protected":false},"featured_media":2112,"template":"","meta":{"_acf_changed":false,"rs_blank_template":"","rs_page_bg_color":"","slide_template_v7":""},"product_brand":[],"product_cat":[78,73,94],"product_tag":[],"class_list":{"0":"post-3567","1":"product","2":"type-product","3":"status-publish","4":"has-post-thumbnail","6":"product_cat-muut-ravintolisat-sv","7":"product_cat-lisaravinteet-sv","8":"product_cat-terranova-sv","10":"first","11":"instock","12":"taxable","13":"shipping-taxable","14":"purchasable","15":"product-type-simple"},"acf":[],"_links":{"self":[{"href":"https:\/\/vaasanluonnonravinto.fi\/sv\/wp-json\/wp\/v2\/product\/3567","targetHints":{"allow":["GET"]}}],"collection":[{"href":"https:\/\/vaasanluonnonravinto.fi\/sv\/wp-json\/wp\/v2\/product"}],"about":[{"href":"https:\/\/vaasanluonnonravinto.fi\/sv\/wp-json\/wp\/v2\/types\/product"}],"wp:featuredmedia":[{"embeddable":true,"href":"https:\/\/vaasanluonnonravinto.fi\/sv\/wp-json\/wp\/v2\/media\/2112"}],"wp:attachment":[{"href":"https:\/\/vaasanluonnonravinto.fi\/sv\/wp-json\/wp\/v2\/media?parent=3567"}],"wp:term":[{"taxonomy":"product_brand","embeddable":true,"href":"https:\/\/vaasanluonnonravinto.fi\/sv\/wp-json\/wp\/v2\/product_brand?post=3567"},{"taxonomy":"product_cat","embeddable":true,"href":"https:\/\/vaasanluonnonravinto.fi\/sv\/wp-json\/wp\/v2\/product_cat?post=3567"},{"taxonomy":"product_tag","embeddable":true,"href":"https:\/\/vaasanluonnonravinto.fi\/sv\/wp-json\/wp\/v2\/product_tag?post=3567"}],"curies":[{"name":"wp","href":"https:\/\/api.w.org\/{rel}","templated":true}]}}