{"id":3560,"date":"2019-03-26T09:03:51","date_gmt":"2019-03-26T07:03:51","guid":{"rendered":"https:\/\/vaasanluonnonravinto.fi\/?post_type=product&#038;p=3560"},"modified":"2024-02-20T10:14:26","modified_gmt":"2024-02-20T08:14:26","slug":"puhdistamo-instant-pakuri","status":"publish","type":"product","link":"https:\/\/vaasanluonnonravinto.fi\/sv\/tuote\/puhdistamo-instant-pakuri\/","title":{"rendered":"Puhdistamo INSTANT-PAKURI"},"content":{"rendered":"<h4>Pakkauskoko<\/h4>\n<p>28 g<\/p>\n<p>&nbsp;<\/p>\n<h4>Annostus<\/h4>\n<p>P\u00e4iv\u00e4annos on \u00bd tl. Lis\u00e4\u00e4 jauhetta kupin pohjalle ja kaada kuumaa vett\u00e4 p\u00e4\u00e4lle. Sekoita hetki ja juoma on valmis!<\/p>\n<p>&nbsp;<\/p>\n<p>Instant-Pakuri on k\u00e4ytt\u00f6valmis, kuivattu kuumavesiuutejauhe suomalaisesta pakurik\u00e4\u00e4v\u00e4st\u00e4. Pakuri on yksi suomalaisen luonnon klassikoista ja arvostetuimmista raaka-aineista. Instant-pakurin maku on miellytt\u00e4v\u00e4n mieto, hieman koivuinen. Tuote sis\u00e4lt\u00e4\u00e4 pelk\u00e4st\u00e4\u00e4n liukoisia ja 100% imeytyvi\u00e4 ainesosia, ja on uutejauhemuotonsa ansiosta eritt\u00e4in riittoisa ja helppok\u00e4ytt\u00f6inen! Yhdest\u00e4 purkista tekee per\u00e4ti 16 litraa (65 kupillista) valmista pakuriteet\u00e4.<\/p>\n<p>&nbsp;<\/p>\n<p>Puhdistamon Instant-Pakuri valittiin vuoden 2013 Superruoaksi! Palkinnon luovuttaa vuosittain ansioituneille tuotteille Suomen Terveystuotekauppiaiden Liitto. Vuoden terveystuotealan valinnoilla terveystuotealan ammattilaiset haluavat osoittaa arvostusta tutkittuja ja laadukkaita tuotteita kohtaan, jotka lis\u00e4ksi ovat saaneet kuluttajilta erinomaista palautetta. Olemme iloisia ja ylpeit\u00e4 t\u00e4st\u00e4 Instant-Pakurin saamasta tunnustuksesta!<\/p>\n<p>&nbsp;<\/p>\n<h4>Ainesosat<\/h4>\n<p>Pakurik\u00e4\u00e4p\u00e4uute, dekstriini<\/p>\n<p>&nbsp;<\/p>\n<h4>S\u00e4ilytys<\/h4>\n<p>S\u00e4ilytys huoneenl\u00e4mm\u00f6ss\u00e4, kuivassa ja valolta suojattuna.<\/p>\n<p>&nbsp;<\/p>\n<h4>Ravintolis\u00e4<\/h4>\n<p>Suositeltua annostusta ei saa ylitt\u00e4\u00e4. Tuote on s\u00e4ilytett\u00e4v\u00e4 lasten ulottumattomissa. Ravintolis\u00e4 ei korvaa monipuolista ja tasapainoista ruokavaliota eik\u00e4 terveit\u00e4 el\u00e4m\u00e4ntapoja. Ei suositella henkil\u00f6ille, jotka ovat allergisia sienille tai penisiliinille. Varovaisuutta tulee noudattaa my\u00f6s verenohennus- ja insuliinil\u00e4\u00e4kityksen kanssa. Ei antibioottikuurin yhteydess\u00e4 tai jos k\u00e4yt\u00f6ss\u00e4 on suonensis\u00e4inen glukoosi. Mik\u00e4li olet raskaana tai imet\u00e4t, keskustele tuotteen k\u00e4yt\u00f6st\u00e4 asiantuntevan terveydenhuollon ammattilaisen kanssa.<\/p>\n","protected":false},"excerpt":{"rendered":"<ul>\n<li>Valmistettu suomalaisesta, omien ker\u00e4\u00e4jiemme pakurik\u00e4\u00e4v\u00e4st\u00e4<\/li>\n<li>Riittoisa ja vahva uute<\/li>\n<li>T\u00e4ysin suomalainen tuote<\/li>\n<\/ul>\n<p>&nbsp;<\/p>\n<p>Instant-Pakuri on\u00a0valmistettu suomalaisesta pakurik\u00e4\u00e4v\u00e4st\u00e4. Pakuri on yksi suomalaisen luonnon klassikoista ja arvostetuimmista raaka-aineista. Alkuper\u00e4maa: Suomi.<\/p>\n","protected":false},"featured_media":2409,"template":"","meta":{"_acf_changed":false,"rs_blank_template":"","rs_page_bg_color":"","slide_template_v7":""},"product_brand":[],"product_cat":[78,73,91],"product_tag":[],"class_list":{"0":"post-3560","1":"product","2":"type-product","3":"status-publish","4":"has-post-thumbnail","6":"product_cat-muut-ravintolisat-sv","7":"product_cat-lisaravinteet-sv","8":"product_cat-puhdistamo-sv","10":"first","11":"instock","12":"taxable","13":"shipping-taxable","14":"purchasable","15":"product-type-simple"},"acf":[],"_links":{"self":[{"href":"https:\/\/vaasanluonnonravinto.fi\/sv\/wp-json\/wp\/v2\/product\/3560","targetHints":{"allow":["GET"]}}],"collection":[{"href":"https:\/\/vaasanluonnonravinto.fi\/sv\/wp-json\/wp\/v2\/product"}],"about":[{"href":"https:\/\/vaasanluonnonravinto.fi\/sv\/wp-json\/wp\/v2\/types\/product"}],"wp:featuredmedia":[{"embeddable":true,"href":"https:\/\/vaasanluonnonravinto.fi\/sv\/wp-json\/wp\/v2\/media\/2409"}],"wp:attachment":[{"href":"https:\/\/vaasanluonnonravinto.fi\/sv\/wp-json\/wp\/v2\/media?parent=3560"}],"wp:term":[{"taxonomy":"product_brand","embeddable":true,"href":"https:\/\/vaasanluonnonravinto.fi\/sv\/wp-json\/wp\/v2\/product_brand?post=3560"},{"taxonomy":"product_cat","embeddable":true,"href":"https:\/\/vaasanluonnonravinto.fi\/sv\/wp-json\/wp\/v2\/product_cat?post=3560"},{"taxonomy":"product_tag","embeddable":true,"href":"https:\/\/vaasanluonnonravinto.fi\/sv\/wp-json\/wp\/v2\/product_tag?post=3560"}],"curies":[{"name":"wp","href":"https:\/\/api.w.org\/{rel}","templated":true}]}}