{"id":3558,"date":"2019-03-26T13:58:07","date_gmt":"2019-03-26T11:58:07","guid":{"rendered":"https:\/\/vaasanluonnonravinto.fi\/?post_type=product&#038;p=3558"},"modified":"2020-09-14T16:37:37","modified_gmt":"2020-09-14T13:37:37","slug":"puhdistamo-pakurikaapauute","status":"publish","type":"product","link":"https:\/\/vaasanluonnonravinto.fi\/sv\/tuote\/puhdistamo-pakurikaapauute\/","title":{"rendered":"Puhdistamo PAKURIK\u00c4\u00c4P\u00c4UUTE"},"content":{"rendered":"<p>Puhdistamon Pakurik\u00e4\u00e4p\u00e4uute on Suomen ensimm\u00e4inen tuplauute pakurista! Pakurik\u00e4\u00e4p\u00e4uute on t\u00e4h\u00e4n menness\u00e4 eniten kehitysty\u00f6t\u00e4 ja huolellisuutta vaatinut Puhdistamon tuote. Pakuri on yksi suomalaisen luonnon klassikoista ja arvostetuimmista raaka-aineista, ja n\u00e4in uutemuotoisena \u00e4\u00e4rimm\u00e4isen helppok\u00e4ytt\u00f6inen ja k\u00e4tev\u00e4 lis\u00e4t\u00e4 nesteen joukkoon. Tuote on eritt\u00e4in riittoisa ja tiivis: tavanomaiseen verrattuna se on per\u00e4ti kuusinkertaisesti tiivistetty tuplauute suomalaisesta pohjoisen pakurista.<\/p>\n<p>&nbsp;<\/p>\n<h4>Pakkauskoko<\/h4>\n<p>50 ml<\/p>\n<p>&nbsp;<\/p>\n<h4>Annostus<\/h4>\n<p>Yksi pipetillinen (1 ml) kaksi kertaa p\u00e4iv\u00e4ss\u00e4 nesteen joukkoon.<\/p>\n<p>&nbsp;<\/p>\n<h4>Ainesosat<\/h4>\n<p>Vesi, alkoholi (20%), pakurik\u00e4\u00e4p\u00e4<\/p>\n<p>Tuote sis\u00e4lt\u00e4\u00e4 alkoholia. Lis\u00e4\u00e4m\u00e4ll\u00e4 uutetta kiehuvan kuuman veden joukkoon alkoholi tarvittaessa haihtuu.<\/p>\n<p>P\u00e4iv\u00e4annos (2 ml) sis\u00e4lt\u00e4\u00e4 200 mg pakuriuutetta, josta beetaglukaania 50 mg<\/p>\n<p>&nbsp;<\/p>\n<h4>S\u00e4ilytys<\/h4>\n<p>S\u00e4ilytys huoneenl\u00e4mm\u00f6ss\u00e4, kuivassa ja valolta suojattuna<\/p>\n<p>&nbsp;<\/p>\n<h4>Ravintolis\u00e4<\/h4>\n<p>Suositeltua annostusta ei saa ylitt\u00e4\u00e4. Tuote on s\u00e4ilytett\u00e4v\u00e4 lasten ulottumattomissa. Ravintolis\u00e4 ei korvaa monipuolista ruokavaliota eik\u00e4 terveit\u00e4 el\u00e4m\u00e4ntapoja. Ei k\u00e4ytett\u00e4v\u00e4ksi verenohennusl\u00e4\u00e4kityksen kanssa. Ei antibioottikuurin yhteydess\u00e4 tai jos k\u00e4yt\u00f6ss\u00e4 on suonensis\u00e4inen glukoosi. Mik\u00e4li olet raskaana tai imet\u00e4t, keskustele tuotteen k\u00e4yt\u00f6st\u00e4 asiantuntevan terveydenhuollon ammattilaisen kanssa.<\/p>\n","protected":false},"excerpt":{"rendered":"<ul>\n<li>100% suomalaisesta pakurik\u00e4\u00e4v\u00e4st\u00e4<\/li>\n<li>Helppok\u00e4ytt\u00f6inen<\/li>\n<li>Riittoisa ja vahva uute<\/li>\n<li>T\u00e4ysin suomalainen tuote<\/li>\n<\/ul>\n","protected":false},"featured_media":2419,"template":"","meta":{"_acf_changed":false,"rs_blank_template":"","rs_page_bg_color":"","slide_template_v7":""},"product_brand":[],"product_cat":[78,73,91],"product_tag":[],"class_list":{"0":"post-3558","1":"product","2":"type-product","3":"status-publish","4":"has-post-thumbnail","6":"product_cat-muut-ravintolisat-sv","7":"product_cat-lisaravinteet-sv","8":"product_cat-puhdistamo-sv","10":"first","11":"instock","12":"taxable","13":"shipping-taxable","14":"purchasable","15":"product-type-simple"},"acf":[],"_links":{"self":[{"href":"https:\/\/vaasanluonnonravinto.fi\/sv\/wp-json\/wp\/v2\/product\/3558","targetHints":{"allow":["GET"]}}],"collection":[{"href":"https:\/\/vaasanluonnonravinto.fi\/sv\/wp-json\/wp\/v2\/product"}],"about":[{"href":"https:\/\/vaasanluonnonravinto.fi\/sv\/wp-json\/wp\/v2\/types\/product"}],"wp:featuredmedia":[{"embeddable":true,"href":"https:\/\/vaasanluonnonravinto.fi\/sv\/wp-json\/wp\/v2\/media\/2419"}],"wp:attachment":[{"href":"https:\/\/vaasanluonnonravinto.fi\/sv\/wp-json\/wp\/v2\/media?parent=3558"}],"wp:term":[{"taxonomy":"product_brand","embeddable":true,"href":"https:\/\/vaasanluonnonravinto.fi\/sv\/wp-json\/wp\/v2\/product_brand?post=3558"},{"taxonomy":"product_cat","embeddable":true,"href":"https:\/\/vaasanluonnonravinto.fi\/sv\/wp-json\/wp\/v2\/product_cat?post=3558"},{"taxonomy":"product_tag","embeddable":true,"href":"https:\/\/vaasanluonnonravinto.fi\/sv\/wp-json\/wp\/v2\/product_tag?post=3558"}],"curies":[{"name":"wp","href":"https:\/\/api.w.org\/{rel}","templated":true}]}}