{"id":3550,"date":"2019-03-27T12:33:05","date_gmt":"2019-03-27T10:33:05","guid":{"rendered":"https:\/\/vaasanluonnonravinto.fi\/?post_type=product&#038;p=3550"},"modified":"2024-08-31T15:10:09","modified_gmt":"2024-08-31T12:10:09","slug":"aboa-medica-aloe-vera-geeli-200-ml","status":"publish","type":"product","link":"https:\/\/vaasanluonnonravinto.fi\/sv\/tuote\/aboa-medica-aloe-vera-geeli-200-ml\/","title":{"rendered":"Aboa Medica Aloe Vera -geeli 200 ml"},"content":{"rendered":"<p>L\u00e4\u00e4keaaloe, eli Aloe Vera barbadensis, on kasvi, jolla on t\u00e4rkeit\u00e4 ominaisuuksia ulkoisesti k\u00e4ytettyn\u00e4. Sen antiinflammatorisen eli tulehduksia est\u00e4v\u00e4n ominaisuutensa ansiosta se soveltuu rauhoittamaan auringonpolttamaa ihoa, palovammoja tai mit\u00e4 tahansa iho\u00e4rsytyst\u00e4. Se elvytt\u00e4\u00e4\u00e4 kudoksia ja nopeuttaa paranemista (pienet haavat, hiertym\u00e4t, hy\u00f6nteisten pistokset, puremat jne.).<\/p>\n<p>&nbsp;<\/p>\n<p>Tieteelliset tutkimukset ovat vahvistaneet, ett\u00e4 l\u00e4\u00e4keaaloe on hyv\u00e4 lis\u00e4 my\u00f6s psoriasiksen hoitoon. L\u00e4\u00e4keaaloe on siis tarkoitettu kaikille lievitt\u00e4m\u00e4\u00e4n ihoallergioita ja sopii koko perheelle. Allergiatestattu, dermatologisesti ja mikrobiologisesti tutkittu. Hypoallergeninen &#8211; ei sis\u00e4ll\u00e4 keinotekoisia v\u00e4riaineita eik\u00e4 hajusteita.<\/p>\n<p>&nbsp;<\/p>\n<h4>Ainesosat<\/h4>\n<p>Water, Aloe Barbadensis Leaf, Acrylates \/ C10-30 Alkyl Acrylate Crosspolymer, Panthenol, Disodium EDTA, Sodium Hydroxide, Phenoxyethanol, Potassium Sorbate.<\/p>\n","protected":false},"excerpt":{"rendered":"<h4>Hypoallergeeninen geelivoide<\/h4>\n<p>Levit\u00e4 hell\u00e4varaisesti. Imeytyy hyvin. K\u00e4yt\u00e4 tarpeen mukaan, p\u00e4ivitt\u00e4in tai tarvittaessa jopa useita kertoja p\u00e4iv\u00e4ss\u00e4.<\/p>\n<p>&nbsp;<\/p>\n<h4>Muut ainesosat<\/h4>\n<p>Aqua<br \/>\nAcrylates\/C10-30 alkyl acrylate crosspolymer<br \/>\nPanthenol<br \/>\nDisodium EDTA<br \/>\nSodium hydroxide<br \/>\nPhenoxyethanol<br \/>\nPotassium sorbate<\/p>\n","protected":false},"featured_media":2853,"template":"","meta":{"_acf_changed":false,"rs_blank_template":"","rs_page_bg_color":"","slide_template_v7":""},"product_brand":[],"product_cat":[88,70],"product_tag":[],"class_list":{"0":"post-3550","1":"product","2":"type-product","3":"status-publish","4":"has-post-thumbnail","6":"product_cat-aboa-medica-sv","7":"product_cat-erikoiselintarvikkeet-sv","9":"first","10":"instock","11":"taxable","12":"shipping-taxable","13":"purchasable","14":"product-type-simple"},"acf":[],"_links":{"self":[{"href":"https:\/\/vaasanluonnonravinto.fi\/sv\/wp-json\/wp\/v2\/product\/3550","targetHints":{"allow":["GET"]}}],"collection":[{"href":"https:\/\/vaasanluonnonravinto.fi\/sv\/wp-json\/wp\/v2\/product"}],"about":[{"href":"https:\/\/vaasanluonnonravinto.fi\/sv\/wp-json\/wp\/v2\/types\/product"}],"wp:featuredmedia":[{"embeddable":true,"href":"https:\/\/vaasanluonnonravinto.fi\/sv\/wp-json\/wp\/v2\/media\/2853"}],"wp:attachment":[{"href":"https:\/\/vaasanluonnonravinto.fi\/sv\/wp-json\/wp\/v2\/media?parent=3550"}],"wp:term":[{"taxonomy":"product_brand","embeddable":true,"href":"https:\/\/vaasanluonnonravinto.fi\/sv\/wp-json\/wp\/v2\/product_brand?post=3550"},{"taxonomy":"product_cat","embeddable":true,"href":"https:\/\/vaasanluonnonravinto.fi\/sv\/wp-json\/wp\/v2\/product_cat?post=3550"},{"taxonomy":"product_tag","embeddable":true,"href":"https:\/\/vaasanluonnonravinto.fi\/sv\/wp-json\/wp\/v2\/product_tag?post=3550"}],"curies":[{"name":"wp","href":"https:\/\/api.w.org\/{rel}","templated":true}]}}