{"id":3548,"date":"2019-03-26T15:54:30","date_gmt":"2019-03-26T13:54:30","guid":{"rendered":"https:\/\/vaasanluonnonravinto.fi\/?post_type=product&#038;p=3548"},"modified":"2026-02-09T15:11:12","modified_gmt":"2026-02-09T13:11:12","slug":"puhdistamo-kookosoljy-500ml","status":"publish","type":"product","link":"https:\/\/vaasanluonnonravinto.fi\/sv\/tuote\/puhdistamo-kookosoljy-500ml\/","title":{"rendered":"Puhdistamo KOOKOS\u00d6LJY &#8211; 500ML"},"content":{"rendered":"<p>Puhdistamon luomukookos\u00f6ljyss\u00e4 taatusti maistat laadun! Poikkeuksellisen raikas maku saavutetaan, kun filippiinil\u00e4ist\u00e4 neitsytkookosp\u00e4hkin\u00e4n hedelm\u00e4lihaa puristetaan hell\u00e4varaisesti mekaanisella kylm\u00e4menetelm\u00e4ll\u00e4.<\/p>\n<p>&nbsp;<\/p>\n<p>Hell\u00e4varainen valmistusmenetelm\u00e4 takaa my\u00f6s sen, ett\u00e4 kookos\u00f6ljyn luonnolliset ravintoaineet sek\u00e4 aromit s\u00e4ilyv\u00e4t parhaalla mahdollisella tavalla. Kylm\u00e4puristettu neitsytkookos\u00f6ljy sis\u00e4lt\u00e4\u00e4 jopa yli 90% raakoja, saturoituja rasvahappoja.<\/p>\n<p>&nbsp;<\/p>\n<p>K\u00e4yt\u00e4 kuten voita ruoanlaitossa ja leivonnassa tai lis\u00e4\u00e4 kahvin joukkoon. Soveltuu erinomaisesti my\u00f6s ihonhoitoon. Kokeile ja ihastu!<\/p>\n<p>&nbsp;<\/p>\n<h4>Ravintoarvo 100 ml<\/h4>\n<p>Energia 900 kcal \/ 3702 kJ<br \/>\nRasva\u00a0 100 g\u00a0&#8211; josta tyydyttynytt\u00e4\u00a0 90,4 g<br \/>\nHiilihydraatit\u00a0 0 g\u00a0&#8211; josta sokereita\u00a0 0 g<br \/>\nProteiini\u00a0 0,1 g<br \/>\nSuola\u00a0 0,03 g<\/p>\n<p>&nbsp;<\/p>\n<h4>Ainesosat<\/h4>\n<p>Kylm\u00e4puristettu luomu kookos\u00f6ljy<\/p>\n<p>&nbsp;<\/p>\n<h4>S\u00e4ilytys<\/h4>\n<p>S\u00e4ilytys huoneenl\u00e4mm\u00f6ss\u00e4, kuivassa ja valolta suojattuna. Kookos\u00f6ljyn saa parhaiten juoksevaksi, kun purkin laittaa l\u00e4mpim\u00e4\u00e4n vesihauteeseen ja se palautuu takaisin kiinte\u00e4\u00e4n muotoon alle 25 asteen l\u00e4mp\u00f6tilassa. Tuote pysyy t\u00e4ysin k\u00e4ytt\u00f6kelpoisena, vaikka olomuoto muuttuisi useitakin kertoja.<\/p>\n<p>&nbsp;<\/p>\n<h4>Alkuper\u00e4maa<\/h4>\n<p>Filippiinit<\/p>\n","protected":false},"excerpt":{"rendered":"<ul>\n<li>Suomen suosituin kookos\u00f6ljy<\/li>\n<li>Luomulaatuinen kylm\u00e4puristettu neitsytkookos\u00f6ljy Filippiineilt\u00e4<\/li>\n<li>Paistamiseen, ruoanlaittoon, smoothieen, iholle, mihin vain<\/li>\n<\/ul>\n","protected":false},"featured_media":2415,"template":"","meta":{"_acf_changed":false},"product_brand":[],"product_cat":[78,80,91,70],"product_tag":[],"class_list":{"0":"post-3548","1":"product","2":"type-product","3":"status-publish","4":"has-post-thumbnail","6":"product_cat-muut-ravintolisat-sv","7":"product_cat-rasvahappo-ja-oljyvalmisteet-sv","8":"product_cat-puhdistamo-sv","9":"product_cat-erikoiselintarvikkeet-sv","11":"first","12":"instock","13":"taxable","14":"shipping-taxable","15":"purchasable","16":"product-type-simple"},"acf":[],"_links":{"self":[{"href":"https:\/\/vaasanluonnonravinto.fi\/sv\/wp-json\/wp\/v2\/product\/3548","targetHints":{"allow":["GET"]}}],"collection":[{"href":"https:\/\/vaasanluonnonravinto.fi\/sv\/wp-json\/wp\/v2\/product"}],"about":[{"href":"https:\/\/vaasanluonnonravinto.fi\/sv\/wp-json\/wp\/v2\/types\/product"}],"wp:featuredmedia":[{"embeddable":true,"href":"https:\/\/vaasanluonnonravinto.fi\/sv\/wp-json\/wp\/v2\/media\/2415"}],"wp:attachment":[{"href":"https:\/\/vaasanluonnonravinto.fi\/sv\/wp-json\/wp\/v2\/media?parent=3548"}],"wp:term":[{"taxonomy":"product_brand","embeddable":true,"href":"https:\/\/vaasanluonnonravinto.fi\/sv\/wp-json\/wp\/v2\/product_brand?post=3548"},{"taxonomy":"product_cat","embeddable":true,"href":"https:\/\/vaasanluonnonravinto.fi\/sv\/wp-json\/wp\/v2\/product_cat?post=3548"},{"taxonomy":"product_tag","embeddable":true,"href":"https:\/\/vaasanluonnonravinto.fi\/sv\/wp-json\/wp\/v2\/product_tag?post=3548"}],"curies":[{"name":"wp","href":"https:\/\/api.w.org\/{rel}","templated":true}]}}