{"id":3547,"date":"2019-03-27T09:46:10","date_gmt":"2019-03-27T07:46:10","guid":{"rendered":"https:\/\/vaasanluonnonravinto.fi\/?post_type=product&#038;p=3547"},"modified":"2025-10-08T17:03:31","modified_gmt":"2025-10-08T14:03:31","slug":"puhdistamo-tripla-magnesium-jauhe-90g","status":"publish","type":"product","link":"https:\/\/vaasanluonnonravinto.fi\/sv\/tuote\/puhdistamo-tripla-magnesium-jauhe-90g\/","title":{"rendered":"Puhdistamo TRIPLA MAGNESIUM-JAUHE &#8211; 90G"},"content":{"rendered":"<p>Yleis\u00f6n pyynn\u00f6st\u00e4 huippusuosion saavuttanut Tripla Magnesium nyt my\u00f6s jauheena! Puhdistamon Tripla Magnesium sis\u00e4lt\u00e4\u00e4 kolme tuttua huippulaadukasta magnesiumin muotoa: magnesiummalaattia, -glysinaattia ja -tauraattia. T\u00e4ysin sama huippulaadukas sis\u00e4lt\u00f6, mutta ilman kapselia! Tripla Magnesium on tavanomaista magnesiumia hell\u00e4varaisempaa vatsalle ja imeytyy erinomaisesti. Magnesium edist\u00e4\u00e4 muun muassa lihasten toimintaa, proteiinisynteesi\u00e4 ja vahvistaa luustoa.<\/p>\n<p>&nbsp;<\/p>\n<p>Sekoita jauhe k\u00e4tev\u00e4sti esimerkiksi smoothien, puuron tai haluamasi nesteen joukkoon. Purkissa mukana my\u00f6s s\u00f6p\u00f6 mittalusikka.<br \/>\nM\u00e4\u00e4r\u00e4llisesti t\u00e4m\u00e4 90 gramman purkki Tripla Magnesium-jauhetta vastaa 180 kapselia.<\/p>\n<p>&nbsp;<\/p>\n<p>T\u00e4ysin laktoositon, maidoton, gluteeniton, lis\u00e4- ja t\u00e4yteaineeton.<br \/>\nEi sis\u00e4ll\u00e4 liivatetta eik\u00e4 el\u00e4inper\u00e4isi\u00e4 ainesosia.<\/p>\n<p>&nbsp;<\/p>\n<h4>Pakkauskoko<\/h4>\n<p>90 gr<\/p>\n<p>&nbsp;<\/p>\n<h4>Annostus<\/h4>\n<p>0,5 &#8211; 3 mittalusikkaa p\u00e4iv\u00e4ss\u00e4 sekoitettuna esimerkiksi veden, smoothien tai puuron joukkoon. Yksi mittalusikka sis\u00e4lt\u00e4\u00e4 125 mg magnesiumia.<\/p>\n<p>&nbsp;<\/p>\n<p>Vuorokausiannos sis\u00e4lt\u00e4\u00e4 62,5 mg &#8211; 375 mg magnesiumia, joka vastaa 16 % &#8211; 100 % p\u00e4ivitt\u00e4isest\u00e4 saantisuosituksesta.<\/p>\n<p>&nbsp;<\/p>\n<h4>Ainesosat<\/h4>\n<p>Magnesiummalaatti, magnesiumglysinaatti, magnesiumtauraatti<\/p>\n<p>&nbsp;<\/p>\n<h4>S\u00e4ilytys<\/h4>\n<p>S\u00e4ilytys huoneenl\u00e4mm\u00f6ss\u00e4, kuivassa ja valolta suojattuna<\/p>\n<p>&nbsp;<\/p>\n<h4>Valmistettu<\/h4>\n<p>Suomi<\/p>\n<p>&nbsp;<\/p>\n<h4>Alkuper\u00e4maa<\/h4>\n<p>USA<\/p>\n<p>&nbsp;<\/p>\n<h4>Ravintolis\u00e4<\/h4>\n<p>Ravintolis\u00e4 ei korvaa monipuolista ja tasapainoista ruokavaliota eik\u00e4 terveit\u00e4 el\u00e4m\u00e4ntapoja. P\u00e4ivitt\u00e4ist\u00e4 annossuositusta ei tule ylitt\u00e4\u00e4. S\u00e4ilytett\u00e4v\u00e4 lasten ulottumattomissa. Pakkaus sis\u00e4lt\u00e4\u00e4 kosteudenimupussin (ei sy\u00f6t\u00e4v\u00e4ksi)<\/p>\n","protected":false},"excerpt":{"rendered":"<ul>\n<li>Sis\u00e4lt\u00e4\u00e4 kolmea huippulaadukasta magnesiumin muotoa:<br \/>\nmagnesiummalaattia, -glysinaattia ja -tauraattia<\/li>\n<li>Erinomainen imeytyvyys<\/li>\n<li>Vatsayst\u00e4v\u00e4llinen<\/li>\n<li>T\u00e4yteaineeton<\/li>\n<\/ul>\n","protected":false},"featured_media":2435,"template":"","meta":{"_acf_changed":false},"product_brand":[],"product_cat":[73,76,91],"product_tag":[],"class_list":{"0":"post-3547","1":"product","2":"type-product","3":"status-publish","4":"has-post-thumbnail","6":"product_cat-lisaravinteet-sv","7":"product_cat-kivennaisvalmisteet-sv","8":"product_cat-puhdistamo-sv","10":"first","11":"instock","12":"taxable","13":"shipping-taxable","14":"purchasable","15":"product-type-simple"},"acf":[],"_links":{"self":[{"href":"https:\/\/vaasanluonnonravinto.fi\/sv\/wp-json\/wp\/v2\/product\/3547","targetHints":{"allow":["GET"]}}],"collection":[{"href":"https:\/\/vaasanluonnonravinto.fi\/sv\/wp-json\/wp\/v2\/product"}],"about":[{"href":"https:\/\/vaasanluonnonravinto.fi\/sv\/wp-json\/wp\/v2\/types\/product"}],"wp:featuredmedia":[{"embeddable":true,"href":"https:\/\/vaasanluonnonravinto.fi\/sv\/wp-json\/wp\/v2\/media\/2435"}],"wp:attachment":[{"href":"https:\/\/vaasanluonnonravinto.fi\/sv\/wp-json\/wp\/v2\/media?parent=3547"}],"wp:term":[{"taxonomy":"product_brand","embeddable":true,"href":"https:\/\/vaasanluonnonravinto.fi\/sv\/wp-json\/wp\/v2\/product_brand?post=3547"},{"taxonomy":"product_cat","embeddable":true,"href":"https:\/\/vaasanluonnonravinto.fi\/sv\/wp-json\/wp\/v2\/product_cat?post=3547"},{"taxonomy":"product_tag","embeddable":true,"href":"https:\/\/vaasanluonnonravinto.fi\/sv\/wp-json\/wp\/v2\/product_tag?post=3547"}],"curies":[{"name":"wp","href":"https:\/\/api.w.org\/{rel}","templated":true}]}}