{"id":3545,"date":"2019-03-27T10:02:44","date_gmt":"2019-03-27T08:02:44","guid":{"rendered":"https:\/\/vaasanluonnonravinto.fi\/?post_type=product&#038;p=3545"},"modified":"2021-10-22T10:34:55","modified_gmt":"2021-10-22T07:34:55","slug":"puhdistamo-suolahappo-60-kaps","status":"publish","type":"product","link":"https:\/\/vaasanluonnonravinto.fi\/sv\/tuote\/puhdistamo-suolahappo-60-kaps\/","title":{"rendered":"Puhdistamo SUOLAHAPPO &#8211; 60 KAPS"},"content":{"rendered":"<p>Mahalaukku tarvitsee riitt\u00e4v\u00e4sti suolahappoa ruoan sulattamiseen, ravinteiden imeytt\u00e4miseen sek\u00e4 pepsiinientsyymi\u00e4 proteiinien pilkkomiseen. Puhdistamon Suolahappokapseli on kehon omaa suolahappotuotantoa tehostava lis\u00e4ravinne, joka keltakatkeron ansiosta tulee my\u00f6s ruoansulatusta. Jos kehon oma suolahappotuotanto ei ole riitt\u00e4v\u00e4\u00e4 ja vatsan happamuustaso liian matala, se n\u00e4kyy ruoansulatus- ja vatsaongelmina, esimerkiksi n\u00e4r\u00e4styksen\u00e4, joka saattaa hyvinkin johtua suolahapon puutteesta. Ainesosina ovat betaiiniin kiinnittynyt suolahappo, pepsiini ja keltakatkeroyrtti, mitk\u00e4 tuovat kokonaisuutena tripla vaikutuksen.<\/p>\n<p>&nbsp;<\/p>\n<p>Maksimoi vaikutus k\u00e4ytt\u00e4m\u00e4ll\u00e4 yhdess\u00e4 Puhdistamon Ruoansulatusentsyymien kanssa.<\/p>\n<p>&nbsp;<\/p>\n<p>Ainesosina ovat betaiiniin kiinnittynyt suolahappo, pepsiini ja keltakatkeroyrtti, mitk\u00e4 tuovat kokonaisuutena tripla vaikutuksen.<\/p>\n<p>&nbsp;<\/p>\n<p>T\u00e4ysin laktoositon, maidoton, gluteeniton, lis\u00e4- ja t\u00e4yteaineeton.<\/p>\n<p>&nbsp;<\/p>\n<h4>Pakkauskoko<\/h4>\n<p>60 kapselia<\/p>\n<p>&nbsp;<\/p>\n<h4>Annostus<\/h4>\n<p>1 kapseli ennen ruokailua.<\/p>\n<p>P\u00e4iv\u00e4annos sis\u00e4lt\u00e4\u00e4 betaiinihydrokloridia 550 mg, keltakatkerouutetta 50 mg ja pepsiini\u00e4 25 mg. \/ 1 kapsel innan m\u00e5ltid. Daglig dos inneh\u00e5ller beteinhydroklorid 550 mg gullgentianaextrakt 50 mg och pepsin 25 mg.<\/p>\n<p>&nbsp;<\/p>\n<h4>Ainesosat<\/h4>\n<p>Betaiinihydrokloridi, keltakatkerouute, pepsiini. Kapseli: Selluloosa, vesi<\/p>\n<p>&nbsp;<\/p>\n<h4>S\u00e4ilytys<\/h4>\n<p>S\u00e4ilytys huoneenl\u00e4mm\u00f6ss\u00e4, kuivassa ja valolta suojattuna<\/p>\n<p>&nbsp;<\/p>\n<h4>Valmistettu<\/h4>\n<p>Suomi<\/p>\n<p>&nbsp;<\/p>\n<h4>Ravintolis\u00e4<\/h4>\n<p>Ravintolis\u00e4 ei korvaa monipuolista ja tasapainoista ruokavaliota eik\u00e4 terveit\u00e4 el\u00e4m\u00e4ntapoja. P\u00e4ivitt\u00e4ist\u00e4 annossuositusta ei tule ylitt\u00e4\u00e4. S\u00e4ilytett\u00e4v\u00e4 lasten ulottumattomissa. Pakkaus sis\u00e4lt\u00e4\u00e4 kosteudenimupussin (ei sy\u00f6t\u00e4v\u00e4ksi).<\/p>\n","protected":false},"excerpt":{"rendered":"<ul>\n<li>Tripla vaikutus: betaiiniin kiinnittynyt suolahappo, pepsiini ja keltakatkeroyrtti<\/li>\n<li>Vaikutuksen voi maksimoida k\u00e4ytt\u00e4m\u00e4ll\u00e4 Puhdistamon Ruoansulatusentsyymien kanssa<\/li>\n<li>Lis\u00e4- ja t\u00e4yteaineeton<\/li>\n<\/ul>\n","protected":false},"featured_media":2473,"template":"","meta":{"_acf_changed":false,"rs_blank_template":"","rs_page_bg_color":"","slide_template_v7":""},"product_brand":[],"product_cat":[78,73,91],"product_tag":[],"class_list":{"0":"post-3545","1":"product","2":"type-product","3":"status-publish","4":"has-post-thumbnail","6":"product_cat-muut-ravintolisat-sv","7":"product_cat-lisaravinteet-sv","8":"product_cat-puhdistamo-sv","10":"first","11":"instock","12":"taxable","13":"shipping-taxable","14":"purchasable","15":"product-type-simple"},"acf":[],"_links":{"self":[{"href":"https:\/\/vaasanluonnonravinto.fi\/sv\/wp-json\/wp\/v2\/product\/3545","targetHints":{"allow":["GET"]}}],"collection":[{"href":"https:\/\/vaasanluonnonravinto.fi\/sv\/wp-json\/wp\/v2\/product"}],"about":[{"href":"https:\/\/vaasanluonnonravinto.fi\/sv\/wp-json\/wp\/v2\/types\/product"}],"wp:featuredmedia":[{"embeddable":true,"href":"https:\/\/vaasanluonnonravinto.fi\/sv\/wp-json\/wp\/v2\/media\/2473"}],"wp:attachment":[{"href":"https:\/\/vaasanluonnonravinto.fi\/sv\/wp-json\/wp\/v2\/media?parent=3545"}],"wp:term":[{"taxonomy":"product_brand","embeddable":true,"href":"https:\/\/vaasanluonnonravinto.fi\/sv\/wp-json\/wp\/v2\/product_brand?post=3545"},{"taxonomy":"product_cat","embeddable":true,"href":"https:\/\/vaasanluonnonravinto.fi\/sv\/wp-json\/wp\/v2\/product_cat?post=3545"},{"taxonomy":"product_tag","embeddable":true,"href":"https:\/\/vaasanluonnonravinto.fi\/sv\/wp-json\/wp\/v2\/product_tag?post=3545"}],"curies":[{"name":"wp","href":"https:\/\/api.w.org\/{rel}","templated":true}]}}