{"id":3540,"date":"2019-03-27T10:30:39","date_gmt":"2019-03-27T08:30:39","guid":{"rendered":"https:\/\/vaasanluonnonravinto.fi\/?post_type=product&#038;p=3540"},"modified":"2026-02-09T15:10:33","modified_gmt":"2026-02-09T13:10:33","slug":"puhdistamo-super-c-vitamiini-60-kaps","status":"publish","type":"product","link":"https:\/\/vaasanluonnonravinto.fi\/sv\/tuote\/puhdistamo-super-c-vitamiini-60-kaps\/","title":{"rendered":"Puhdistamo TRIPLA C-VITAMIINI &#8211; 60 KAPS"},"content":{"rendered":"<p>Erinomaisesti imeytyv\u00e4 ja vegaaninen <em>Puhdistamon Tripla C-vitamiini<\/em> auttaa v\u00e4hent\u00e4m\u00e4\u00e4n v\u00e4symyst\u00e4, vahvistaa vastustuskyky\u00e4 sek\u00e4 edist\u00e4\u00e4 kollageenituotantoa<\/p>\n<h4>Pakkauskoko<\/h4>\n<p>60 kapselia<\/p>\n<p>&nbsp;<\/p>\n<p>&nbsp;<\/p>\n<p>&nbsp;<\/p>\n<h4>Ravintolis\u00e4<\/h4>\n<p>Ravintolis\u00e4 ei korvaa monipuolista ja tasapainoista ruokavaliota eik\u00e4 terveit\u00e4 el\u00e4m\u00e4ntapoja. P\u00e4ivitt\u00e4ist\u00e4 annossuositusta ei tule ylitt\u00e4\u00e4. S\u00e4ilytett\u00e4v\u00e4 lasten ulottumattomissa. Pakkaus sis\u00e4lt\u00e4\u00e4 kosteudenimupussin (ei sy\u00f6t\u00e4v\u00e4ksi).<\/p>\n","protected":false},"excerpt":{"rendered":"<p>Erinomaisesti imeytyv\u00e4 ja vegaaninen <em>Puhdistamon Tripla C-vitamiini<\/em> auttaa v\u00e4hent\u00e4m\u00e4\u00e4n v\u00e4symyst\u00e4, vahvistaa vastustuskyky\u00e4 sek\u00e4 edist\u00e4\u00e4 kollageenituotantoa<\/p>\n","protected":false},"featured_media":2425,"template":"","meta":{"_acf_changed":false,"rs_blank_template":"","rs_page_bg_color":"","slide_template_v7":""},"product_brand":[],"product_cat":[73,91,77],"product_tag":[],"class_list":{"0":"post-3540","1":"product","2":"type-product","3":"status-publish","4":"has-post-thumbnail","6":"product_cat-lisaravinteet-sv","7":"product_cat-puhdistamo-sv","8":"product_cat-vitamiinit-sv","10":"first","11":"instock","12":"taxable","13":"shipping-taxable","14":"purchasable","15":"product-type-simple"},"acf":[],"_links":{"self":[{"href":"https:\/\/vaasanluonnonravinto.fi\/sv\/wp-json\/wp\/v2\/product\/3540","targetHints":{"allow":["GET"]}}],"collection":[{"href":"https:\/\/vaasanluonnonravinto.fi\/sv\/wp-json\/wp\/v2\/product"}],"about":[{"href":"https:\/\/vaasanluonnonravinto.fi\/sv\/wp-json\/wp\/v2\/types\/product"}],"wp:featuredmedia":[{"embeddable":true,"href":"https:\/\/vaasanluonnonravinto.fi\/sv\/wp-json\/wp\/v2\/media\/2425"}],"wp:attachment":[{"href":"https:\/\/vaasanluonnonravinto.fi\/sv\/wp-json\/wp\/v2\/media?parent=3540"}],"wp:term":[{"taxonomy":"product_brand","embeddable":true,"href":"https:\/\/vaasanluonnonravinto.fi\/sv\/wp-json\/wp\/v2\/product_brand?post=3540"},{"taxonomy":"product_cat","embeddable":true,"href":"https:\/\/vaasanluonnonravinto.fi\/sv\/wp-json\/wp\/v2\/product_cat?post=3540"},{"taxonomy":"product_tag","embeddable":true,"href":"https:\/\/vaasanluonnonravinto.fi\/sv\/wp-json\/wp\/v2\/product_tag?post=3540"}],"curies":[{"name":"wp","href":"https:\/\/api.w.org\/{rel}","templated":true}]}}