{"id":3539,"date":"2019-03-27T10:37:30","date_gmt":"2019-03-27T08:37:30","guid":{"rendered":"https:\/\/vaasanluonnonravinto.fi\/?post_type=product&#038;p=3539"},"modified":"2026-02-09T15:10:08","modified_gmt":"2026-02-09T13:10:08","slug":"puhdistamo-super-d-vitamiini-60-kaps","status":"publish","type":"product","link":"https:\/\/vaasanluonnonravinto.fi\/sv\/tuote\/puhdistamo-super-d-vitamiini-60-kaps\/","title":{"rendered":"Puhdistamo D-VITAMIINI &#8211; 120 KAPS."},"content":{"rendered":"<p>Jos me laitamme logomme tuotteeseen, takaamme ett\u00e4 tuote on paras mahdollinen versio kyseisest\u00e4 kategoriasta, ja Super D-vitamiini ei ole poikkeus.<\/p>\n<p>&nbsp;<\/p>\n<p>K\u00e4ytimme tuotteen suunnitteluun ja kehittelyyn paljon aikaa ja ammattitaitoa. Puhdistamon tietotaito yhdistettyn\u00e4 viimeisimpiin tieteellisiin tutkimuksiin ja alan parhaiden ravitsemusl\u00e4\u00e4k\u00e4reiden ja \u2013terapeuttien osaamiseen, saadaan aikaan ylivoimaisen ainutlaatuinen D-vitamiinivalmiste.<\/p>\n<p>&nbsp;<\/p>\n<p>Super D-vitamiini on ainutlaatuinen ja vahva 100ug D3-vitamiinivalmiste, joka sis\u00e4lt\u00e4\u00e4 luontaisesti my\u00f6s A-vitamiinia. Pehmytkapseli on turskanmaksa\u00f6ljypohjainen t\u00e4ydennettyn\u00e4 lampaanvillan lanoliiniper\u00e4isell\u00e4 kolekalsiferolilla. Super D-vitamiinilla on my\u00f6s eritt\u00e4in korkealuokkainen rasvahappokoostumus: luonnollinen kala\u00f6ljy, EPA- ja DHA-rasvahappoja. Puhdistamon kapselituotteille ominaisesti, tuote imeytyy erinomaisesti ja on tietysti t\u00e4yteaineeton!<\/p>\n<p>&nbsp;<\/p>\n<p>Kun kaikki t\u00e4m\u00e4 yhdistet\u00e4\u00e4n Puhdistamon laatuun, joka tarkoittaa t\u00e4yteaineettomia kapseleita ja valmistusta omassa tehtaassaamme Lemp\u00e4\u00e4l\u00e4ss\u00e4, puhutaan todella huipputason tuotteesta.<\/p>\n<p>&nbsp;<\/p>\n<p>T\u00e4ysin laktoositon, maidoton, gluteeniton ja t\u00e4yteaineeton.<\/p>\n<p>&nbsp;<\/p>\n<h4>Suositeltu vuorokausiannos<\/h4>\n<p>1 kapseli p\u00e4iv\u00e4ss\u00e4<\/p>\n<p>&nbsp;<\/p>\n<h4>Vuorokausiannos sis\u00e4lt\u00e4\u00e4<\/h4>\n<p>D3-vitamiini \/ D3-vitamin 100 \u03bcg \/ 4000 IU 2000%*<br \/>\nRE A-vitamiini \/ RE A-vitamin 151 \u03bcg 18%*<br \/>\nE-vitamiini \/ E-vitamin 0,7 mg 5%*<br \/>\nEPA 35 mg<br \/>\nDHA 45 mg<\/p>\n<p>*P\u00e4ivitt\u00e4isest\u00e4 saantisuosituksesta \/ av rekommenderat dagligt intag<\/p>\n<h4>Ainesosat<\/h4>\n<p>Turskanmaksa\u00f6ljy, kapseli: (gelatiini (nauta), glyseroli, vesi), kolekalsiferoli, E-vitamiini (alfatokoferoli)<\/p>\n<p>&nbsp;<\/p>\n<h4>Pakkauskoko<\/h4>\n<p>120 kapselia<\/p>\n<p>&nbsp;<\/p>\n<h4>S\u00e4ilytys<\/h4>\n<p>S\u00e4ilytys huoneenl\u00e4mm\u00f6ss\u00e4, kuivassa ja valolta suojattuna<\/p>\n<p>&nbsp;<\/p>\n<h4>Valmistettu<\/h4>\n<p>Suomi<\/p>\n<p>&nbsp;<\/p>\n<h4>Alkuper\u00e4maa<\/h4>\n<p>Ranska<\/p>\n<p>&nbsp;<\/p>\n<h4>Ravintolis\u00e4<\/h4>\n<p>Ravintolis\u00e4 ei korvaa monipuolista ja tasapainoista ruokavaliota eik\u00e4 terveit\u00e4 el\u00e4m\u00e4ntapoja. P\u00e4ivitt\u00e4ist\u00e4 annossuositusta ei tule ylitt\u00e4\u00e4. S\u00e4ilytett\u00e4v\u00e4 lasten ulottumattomissa. Pakkaus sis\u00e4lt\u00e4\u00e4 kosteudenimupussin (ei sy\u00f6t\u00e4v\u00e4ksi).<\/p>\n","protected":false},"excerpt":{"rendered":"<ul>\n<li>Ainutlaatuinen ja vahva 100ug D3-vitamiinivalmiste, joka sis\u00e4lt\u00e4\u00e4 luontaisesti my\u00f6s A-vitamiinia<\/li>\n<li>Turskanmaksa\u00f6ljypohjainen pehmytkapseli t\u00e4ydennettyn\u00e4 lampaanvillan lanoliiniper\u00e4isell\u00e4 kolekalsiferolilla<\/li>\n<li>Superlaadukas rasvakoostumus: luonnollinen kala\u00f6ljy, EPA- ja DHA-rasvahappoja<\/li>\n<li>Erinomainen imeytyvyys<\/li>\n<li>T\u00e4yteaineeton<\/li>\n<\/ul>\n","protected":false},"featured_media":2429,"template":"","meta":{"_acf_changed":false,"rs_blank_template":"","rs_page_bg_color":"","slide_template_v7":""},"product_brand":[],"product_cat":[73,91,77],"product_tag":[],"class_list":{"0":"post-3539","1":"product","2":"type-product","3":"status-publish","4":"has-post-thumbnail","6":"product_cat-lisaravinteet-sv","7":"product_cat-puhdistamo-sv","8":"product_cat-vitamiinit-sv","10":"first","11":"instock","12":"taxable","13":"shipping-taxable","14":"purchasable","15":"product-type-simple"},"acf":[],"_links":{"self":[{"href":"https:\/\/vaasanluonnonravinto.fi\/sv\/wp-json\/wp\/v2\/product\/3539","targetHints":{"allow":["GET"]}}],"collection":[{"href":"https:\/\/vaasanluonnonravinto.fi\/sv\/wp-json\/wp\/v2\/product"}],"about":[{"href":"https:\/\/vaasanluonnonravinto.fi\/sv\/wp-json\/wp\/v2\/types\/product"}],"wp:featuredmedia":[{"embeddable":true,"href":"https:\/\/vaasanluonnonravinto.fi\/sv\/wp-json\/wp\/v2\/media\/2429"}],"wp:attachment":[{"href":"https:\/\/vaasanluonnonravinto.fi\/sv\/wp-json\/wp\/v2\/media?parent=3539"}],"wp:term":[{"taxonomy":"product_brand","embeddable":true,"href":"https:\/\/vaasanluonnonravinto.fi\/sv\/wp-json\/wp\/v2\/product_brand?post=3539"},{"taxonomy":"product_cat","embeddable":true,"href":"https:\/\/vaasanluonnonravinto.fi\/sv\/wp-json\/wp\/v2\/product_cat?post=3539"},{"taxonomy":"product_tag","embeddable":true,"href":"https:\/\/vaasanluonnonravinto.fi\/sv\/wp-json\/wp\/v2\/product_tag?post=3539"}],"curies":[{"name":"wp","href":"https:\/\/api.w.org\/{rel}","templated":true}]}}