{"id":3527,"date":"2019-03-27T11:30:01","date_gmt":"2019-03-27T09:30:01","guid":{"rendered":"https:\/\/vaasanluonnonravinto.fi\/?post_type=product&#038;p=3527"},"modified":"2025-10-08T17:03:07","modified_gmt":"2025-10-08T14:03:07","slug":"puhdistamo-digest-gold-90-kaps","status":"publish","type":"product","link":"https:\/\/vaasanluonnonravinto.fi\/sv\/tuote\/puhdistamo-digest-gold-90-kaps\/","title":{"rendered":"DIGEST GOLD &#8211; 90 KAPS"},"content":{"rendered":"<h4>Suositeltava vuorokausiannos<\/h4>\n<p>1 kapseli 1 &#8211; 3 kertaa p\u00e4iv\u00e4ss\u00e4<\/p>\n<p>&nbsp;<\/p>\n<h4>Ainesosat<\/h4>\n<p>Amylaasi, Proteaasi, Glukoamylaasi, Magnesiumsitraatti, Fytaasi, CoQ10, Alfagalaktosidaasi, Sellulaasi, Lipaasi, Laktaasi, Betaglukanaasi, Maltaasi, Ksylanaasi, Invertaasi, Pektinaasi (+Fytaasi), Hemisellulaasi, Selluloosa, Vesi<\/p>\n<p>Suositeltua annostusta ei saa ylitt\u00e4\u00e4. Tuote on s\u00e4ilytett\u00e4v\u00e4 lasten ulottumattomissa. Ravintolis\u00e4 ei korvaa monipuolista ruokavaliota.<\/p>\n<p>&nbsp;<\/p>\n<h4>Ravintolis\u00e4lle ominaiset aineet ja niiden m\u00e4\u00e4r\u00e4t (1 kapseli):<\/h4>\n<p>Amylaasi 23 000 DU<br \/>\nProteaasi 80 000 HUT<br \/>\nGlukoamylaasi 50 AGU<br \/>\nATPro\u2122 25 mg &#8211; 300 Million LCU<br \/>\n(ATP, magnesiumsitraatti, alfalipoiinihappo, CoQ10)<br \/>\nAlfagalaktosidaasi 450 GalU<br \/>\nSellulaasi 3000 CU<br \/>\nLipaasi 4000 FCCFIP<br \/>\nLaktaasi 900 ALU<br \/>\nBetaglukanaasi 25 BGU<br \/>\nMaltaasi 200 DP<br \/>\nKsylanaasi 550 XU<br \/>\nInvertaasi 240 SU<br \/>\nPektinaasi (+fytaasi) 45 Endo-PGU<br \/>\nHemisellulaasi 30 HCU<\/p>\n","protected":false},"excerpt":{"rendered":"<p>Digest Gold\u2122 sis\u00e4lt\u00e4\u00e4 joukon tarkasti valittuja entsyymej\u00e4, kuten proteaasia ja amylaasia. Thera-blend\u2122 on eksklusiivinen prosessi, joka yhdist\u00e4\u00e4 useita entsyymikantoja, jotka toimivat eri PH-tasoilla. Kapseli on vegaaninen sek\u00e4 lis\u00e4- ja t\u00e4yteaineeton.<\/p>\n","protected":false},"featured_media":2405,"template":"","meta":{"_acf_changed":false},"product_brand":[],"product_cat":[78,87,73,91],"product_tag":[],"class_list":{"0":"post-3527","1":"product","2":"type-product","3":"status-publish","4":"has-post-thumbnail","6":"product_cat-muut-ravintolisat-sv","7":"product_cat-vatsan-hyvinvointivalmisteet-sv","8":"product_cat-lisaravinteet-sv","9":"product_cat-puhdistamo-sv","11":"first","12":"instock","13":"taxable","14":"shipping-taxable","15":"purchasable","16":"product-type-simple"},"acf":[],"_links":{"self":[{"href":"https:\/\/vaasanluonnonravinto.fi\/sv\/wp-json\/wp\/v2\/product\/3527","targetHints":{"allow":["GET"]}}],"collection":[{"href":"https:\/\/vaasanluonnonravinto.fi\/sv\/wp-json\/wp\/v2\/product"}],"about":[{"href":"https:\/\/vaasanluonnonravinto.fi\/sv\/wp-json\/wp\/v2\/types\/product"}],"wp:featuredmedia":[{"embeddable":true,"href":"https:\/\/vaasanluonnonravinto.fi\/sv\/wp-json\/wp\/v2\/media\/2405"}],"wp:attachment":[{"href":"https:\/\/vaasanluonnonravinto.fi\/sv\/wp-json\/wp\/v2\/media?parent=3527"}],"wp:term":[{"taxonomy":"product_brand","embeddable":true,"href":"https:\/\/vaasanluonnonravinto.fi\/sv\/wp-json\/wp\/v2\/product_brand?post=3527"},{"taxonomy":"product_cat","embeddable":true,"href":"https:\/\/vaasanluonnonravinto.fi\/sv\/wp-json\/wp\/v2\/product_cat?post=3527"},{"taxonomy":"product_tag","embeddable":true,"href":"https:\/\/vaasanluonnonravinto.fi\/sv\/wp-json\/wp\/v2\/product_tag?post=3527"}],"curies":[{"name":"wp","href":"https:\/\/api.w.org\/{rel}","templated":true}]}}