{"id":3511,"date":"2019-03-27T13:57:39","date_gmt":"2019-03-27T11:57:39","guid":{"rendered":"https:\/\/vaasanluonnonravinto.fi\/?post_type=product&#038;p=3511"},"modified":"2026-02-09T15:05:41","modified_gmt":"2026-02-09T13:05:41","slug":"aboa-medica-jodikelp-merilevatabletit-225-%c2%b5g","status":"publish","type":"product","link":"https:\/\/vaasanluonnonravinto.fi\/sv\/tuote\/aboa-medica-jodikelp-merilevatabletit-225-%c2%b5g\/","title":{"rendered":"Aboa Medica Jodikelp Merilev\u00e4tabletit 300 mcg"},"content":{"rendered":"","protected":false},"excerpt":{"rendered":"<p>Suomen maaper\u00e4 on jodik\u00f6yh\u00e4\u00e4, joten emme aina saa sit\u00e4 riitt\u00e4v\u00e4sti ravinnostamme. T\u00e4m\u00e4 mineraali on hyvin t\u00e4rke\u00e4ss\u00e4 osassa ihmisen rasva-aineenvaihdunnassa. Liian v\u00e4h\u00e4inen jodin saanti tekee ihmisen viluiseksi ja lihomisherk\u00e4ksi. Kelp rakkolev\u00e4 on hyv\u00e4 ja turvallinen l\u00e4hde luonnolliselle jodille.<\/p>\n<p>&nbsp;<\/p>\n<p>KELP on suuri, ruskoleviin kuuluva vihanta merikasvi. Sen sis\u00e4lt\u00e4m\u00e4t luonnolliset mineraalit, kuten kalium, magnesium, kalsium ja rauta edist\u00e4v\u00e4t kilpirauhasen hyvinvointia, jolla on t\u00e4rke\u00e4 osa kasvun, kehityksen ja aineenvaihdunnan toiminnassa.<\/p>\n<p>&nbsp;<\/p>\n<p>Merilev\u00e4t sis\u00e4lt\u00e4v\u00e4t my\u00f6s vitamiineja ja hyv\u00e4n ravitsemuksen kannalta t\u00e4rkeit\u00e4 solusuoloja, yksi t\u00e4rkeimmmist\u00e4 on jodisuola (Jodum chloratum) joka on v\u00e4ltt\u00e4m\u00e4t\u00f6n tyroksiinin muodostumiselle elimist\u00f6ss\u00e4.<\/p>\n<p>&nbsp;<\/p>\n<p>Kelp edist\u00e4\u00e4 kilpirauhasen tervett\u00e4 toimintaa ja pienent\u00e4\u00e4 sen vajaatoiminnan riski\u00e4. Se parantaa my\u00f6s rasva-aineenvaihduntaa ja tehostaa kehon l\u00e4mp\u00f6taloutta ja verenkiertoa.<\/p>\n<p>&nbsp;<\/p>\n<h4>Annostus<\/h4>\n<p>1 kapseli p\u00e4iv\u00e4ss\u00e4 (aikuisille) nesteen kera, ruokailun yhteydess\u00e4 tai l\u00e4\u00e4k\u00e4rin\/terapeutin ohjeen mukaan.<\/p>\n<p>&nbsp;<\/p>\n<h4>Pakkauskoko<\/h4>\n<p>125 tabl\/38 g.<\/p>\n<p>&nbsp;<\/p>\n<h4>Ainesosat<\/h4>\n<p>Pohjois-Atlantin merilev\u00e4, t\u00e4yteaineet (kalsiumfosfaatti, kasviselluloosa), paakkuuntumisenestoaineet (steariinihappo (kasviper\u00e4inen)), piidioksidi, rasvahappojen magnesiumsuolat (kasviper\u00e4inen).<\/p>\n","protected":false},"featured_media":2503,"template":"","meta":{"_acf_changed":false},"product_brand":[],"product_cat":[88,78,73,76,77],"product_tag":[],"class_list":{"0":"post-3511","1":"product","2":"type-product","3":"status-publish","4":"has-post-thumbnail","6":"product_cat-aboa-medica-sv","7":"product_cat-muut-ravintolisat-sv","8":"product_cat-lisaravinteet-sv","9":"product_cat-kivennaisvalmisteet-sv","10":"product_cat-vitamiinit-sv","12":"first","13":"instock","14":"taxable","15":"shipping-taxable","16":"purchasable","17":"product-type-simple"},"acf":[],"_links":{"self":[{"href":"https:\/\/vaasanluonnonravinto.fi\/sv\/wp-json\/wp\/v2\/product\/3511","targetHints":{"allow":["GET"]}}],"collection":[{"href":"https:\/\/vaasanluonnonravinto.fi\/sv\/wp-json\/wp\/v2\/product"}],"about":[{"href":"https:\/\/vaasanluonnonravinto.fi\/sv\/wp-json\/wp\/v2\/types\/product"}],"wp:featuredmedia":[{"embeddable":true,"href":"https:\/\/vaasanluonnonravinto.fi\/sv\/wp-json\/wp\/v2\/media\/2503"}],"wp:attachment":[{"href":"https:\/\/vaasanluonnonravinto.fi\/sv\/wp-json\/wp\/v2\/media?parent=3511"}],"wp:term":[{"taxonomy":"product_brand","embeddable":true,"href":"https:\/\/vaasanluonnonravinto.fi\/sv\/wp-json\/wp\/v2\/product_brand?post=3511"},{"taxonomy":"product_cat","embeddable":true,"href":"https:\/\/vaasanluonnonravinto.fi\/sv\/wp-json\/wp\/v2\/product_cat?post=3511"},{"taxonomy":"product_tag","embeddable":true,"href":"https:\/\/vaasanluonnonravinto.fi\/sv\/wp-json\/wp\/v2\/product_tag?post=3511"}],"curies":[{"name":"wp","href":"https:\/\/api.w.org\/{rel}","templated":true}]}}