{"id":3509,"date":"2019-05-29T12:34:17","date_gmt":"2019-05-29T09:34:17","guid":{"rendered":"https:\/\/vaasanluonnonravinto.fi\/?post_type=product&#038;p=3509"},"modified":"2021-02-17T12:26:25","modified_gmt":"2021-02-17T10:26:25","slug":"naturamedia-boulardii-300-60-kaps","status":"publish","type":"product","link":"https:\/\/vaasanluonnonravinto.fi\/sv\/tuote\/naturamedia-boulardii-300-60-kaps\/","title":{"rendered":"NaturaMedia Boulardii 300 60 kaps"},"content":{"rendered":"<h4>Vaikuttavat aineet: \/1 kaps.<\/h4>\n<p>Saccharomyces boulardii* 300 mg<\/p>\n<p>&nbsp;<\/p>\n<p>*El\u00e4vien solujen m\u00e4\u00e4r\u00e4 valmistushetkell\u00e4: 20x10e9\/g<\/p>\n<p>&nbsp;<\/p>\n<p>Ravintolis\u00e4 ei korvaa monipuolista ja tasapainoista ruokavaliota eik\u00e4 terveit\u00e4 el\u00e4m\u00e4ntapoja.<\/p>\n<p>&nbsp;<\/p>\n<p>Laktoositon, gluteeniton, maidoton, soijaton, makeuttamaton, sokeriton.<\/p>\n","protected":false},"excerpt":{"rendered":"<p>Boulardii300-kapselit sis\u00e4lt\u00e4v\u00e4t 300mg puhdasta Saccharomyces boulardii-hiivaa, ilman ristivaikutteisia ainesosia.<\/p>\n<p>&nbsp;<\/p>\n<p>Saccharomyces boulardii- probioottihiivalla on luonnostaan eritt\u00e4in hyv\u00e4t toimintaedellytykset kehon ruoansulatuskanavassa. Se on kuin maitohappobakteeri, koska se tuottaa maitohappoa, mutta t\u00e4m\u00e4 \u201dterveyshiivaksi\u201d kutsuttu probioottihiiva kest\u00e4\u00e4 kuumutta, mahahappoja ja antibiootteja tiett\u00e4v\u00e4sti paremmin kuin mik\u00e4\u00e4n muu probiootti.<\/p>\n<p>&nbsp;<\/p>\n<p>Boulardii 300-kapselit ovat erityisen hy\u00f6dyllisi\u00e4;<\/p>\n<ul>\n<li>matkustettaessa ja lomilla<\/li>\n<li>antibioottikuurin yhteydess\u00e4<\/li>\n<li>tasapainottamaan suoliston bakteerikantaa<\/li>\n<\/ul>\n<p>&nbsp;<\/p>\n<p>Tuotetta voi k\u00e4ytt\u00e4\u00e4 sek\u00e4 yll\u00e4pit\u00e4m\u00e4\u00e4n suoliston hyv\u00e4\u00e4 bakteerikantaa, ett\u00e4 akuuttiin tarpeeseen.<\/p>\n<p>&nbsp;<\/p>\n<p>K\u00e4ytett\u00e4ess\u00e4 probiootteja antibioottikuurin yhteydess\u00e4, tulee aina noudattaa tarkasti l\u00e4\u00e4k\u00e4rin ja reseptil\u00e4\u00e4kkeen pakkausselosteen ohjeita.<\/p>\n<p>&nbsp;<\/p>\n<h4>Sis\u00e4lt\u00f6<\/h4>\n<p>60 kapselia<\/p>\n<p>&nbsp;<\/p>\n<h4>P\u00e4iv\u00e4annos<\/h4>\n<p>1 kapseli 1-2 kertaa vuorokaudessa<\/p>\n<p>&nbsp;<\/p>\n","protected":false},"featured_media":2585,"template":"","meta":{"_acf_changed":false,"rs_blank_template":"","rs_page_bg_color":"","slide_template_v7":""},"product_brand":[],"product_cat":[73,81],"product_tag":[],"class_list":{"0":"post-3509","1":"product","2":"type-product","3":"status-publish","4":"has-post-thumbnail","6":"product_cat-lisaravinteet-sv","7":"product_cat-naturamedia-sv","9":"first","10":"instock","11":"taxable","12":"shipping-taxable","13":"purchasable","14":"product-type-simple"},"acf":[],"_links":{"self":[{"href":"https:\/\/vaasanluonnonravinto.fi\/sv\/wp-json\/wp\/v2\/product\/3509","targetHints":{"allow":["GET"]}}],"collection":[{"href":"https:\/\/vaasanluonnonravinto.fi\/sv\/wp-json\/wp\/v2\/product"}],"about":[{"href":"https:\/\/vaasanluonnonravinto.fi\/sv\/wp-json\/wp\/v2\/types\/product"}],"wp:featuredmedia":[{"embeddable":true,"href":"https:\/\/vaasanluonnonravinto.fi\/sv\/wp-json\/wp\/v2\/media\/2585"}],"wp:attachment":[{"href":"https:\/\/vaasanluonnonravinto.fi\/sv\/wp-json\/wp\/v2\/media?parent=3509"}],"wp:term":[{"taxonomy":"product_brand","embeddable":true,"href":"https:\/\/vaasanluonnonravinto.fi\/sv\/wp-json\/wp\/v2\/product_brand?post=3509"},{"taxonomy":"product_cat","embeddable":true,"href":"https:\/\/vaasanluonnonravinto.fi\/sv\/wp-json\/wp\/v2\/product_cat?post=3509"},{"taxonomy":"product_tag","embeddable":true,"href":"https:\/\/vaasanluonnonravinto.fi\/sv\/wp-json\/wp\/v2\/product_tag?post=3509"}],"curies":[{"name":"wp","href":"https:\/\/api.w.org\/{rel}","templated":true}]}}