{"id":3508,"date":"2019-03-27T14:01:14","date_gmt":"2019-03-27T12:01:14","guid":{"rendered":"https:\/\/vaasanluonnonravinto.fi\/?post_type=product&#038;p=3508"},"modified":"2026-04-27T14:56:07","modified_gmt":"2026-04-27T11:56:07","slug":"aboa-medica-ecolomega-kalaoljykapselit","status":"publish","type":"product","link":"https:\/\/vaasanluonnonravinto.fi\/sv\/tuote\/aboa-medica-ecolomega-kalaoljykapselit\/","title":{"rendered":"Aboa Medica Ecolomega\u00ae kala\u00f6ljykapselit"},"content":{"rendered":"","protected":false},"excerpt":{"rendered":"<h4>Ainesosat<\/h4>\n<p>Luonnonkala\u00f6ljy (sateenkaarirautu), kalagelatiini (kapseli), glyseroli (kosteudens\u00e4ilytt\u00e4j\u00e4), rosmariiniuute (hapettumisenestoaine).<\/p>\n","protected":false},"featured_media":2281,"template":"","meta":{"_acf_changed":false},"product_brand":[],"product_cat":[88,80,73],"product_tag":[],"class_list":{"0":"post-3508","1":"product","2":"type-product","3":"status-publish","4":"has-post-thumbnail","6":"product_cat-aboa-medica-sv","7":"product_cat-rasvahappo-ja-oljyvalmisteet-sv","8":"product_cat-lisaravinteet-sv","10":"first","11":"instock","12":"taxable","13":"shipping-taxable","14":"purchasable","15":"product-type-simple"},"acf":[],"_links":{"self":[{"href":"https:\/\/vaasanluonnonravinto.fi\/sv\/wp-json\/wp\/v2\/product\/3508","targetHints":{"allow":["GET"]}}],"collection":[{"href":"https:\/\/vaasanluonnonravinto.fi\/sv\/wp-json\/wp\/v2\/product"}],"about":[{"href":"https:\/\/vaasanluonnonravinto.fi\/sv\/wp-json\/wp\/v2\/types\/product"}],"wp:featuredmedia":[{"embeddable":true,"href":"https:\/\/vaasanluonnonravinto.fi\/sv\/wp-json\/wp\/v2\/media\/2281"}],"wp:attachment":[{"href":"https:\/\/vaasanluonnonravinto.fi\/sv\/wp-json\/wp\/v2\/media?parent=3508"}],"wp:term":[{"taxonomy":"product_brand","embeddable":true,"href":"https:\/\/vaasanluonnonravinto.fi\/sv\/wp-json\/wp\/v2\/product_brand?post=3508"},{"taxonomy":"product_cat","embeddable":true,"href":"https:\/\/vaasanluonnonravinto.fi\/sv\/wp-json\/wp\/v2\/product_cat?post=3508"},{"taxonomy":"product_tag","embeddable":true,"href":"https:\/\/vaasanluonnonravinto.fi\/sv\/wp-json\/wp\/v2\/product_tag?post=3508"}],"curies":[{"name":"wp","href":"https:\/\/api.w.org\/{rel}","templated":true}]}}