{"id":3503,"date":"2019-05-29T12:34:15","date_gmt":"2019-05-29T09:34:15","guid":{"rendered":"https:\/\/vaasanluonnonravinto.fi\/?post_type=product&#038;p=3503"},"modified":"2022-09-01T00:48:15","modified_gmt":"2022-08-31T21:48:15","slug":"naturamedia-d-100-%c2%b5g-200-kaps","status":"publish","type":"product","link":"https:\/\/vaasanluonnonravinto.fi\/sv\/tuote\/naturamedia-d-100-%c2%b5g-200-kaps\/","title":{"rendered":"NaturaMedia  D 100 mcg 200 kaps"},"content":{"rendered":"<h4>Vuorokausiannos sis\u00e4lt\u00e4\u00e4: 1 kaps<\/h4>\n<p>D3-vitamiini &#8230;&#8230;&#8230;&#8230;&#8230;&#8230;&#8230;. 100 \u00b5g<\/p>\n<p>&nbsp;<\/p>\n<p>Ravintolis\u00e4 ei korvaa monipuolista ja tasapainoista ruokavaliota eik\u00e4 terveit\u00e4 el\u00e4m\u00e4ntapoja.<\/p>\n","protected":false},"excerpt":{"rendered":"<h4>D 100 \u00b5g &#8211; D-vitamiinitasot kuntoon<\/h4>\n<p>Yksi kapseli sis\u00e4lt\u00e4\u00e4 100 mikrogrammaa D3-vitamiinia.<\/p>\n<p>&nbsp;<\/p>\n<p>Natura Median D 100 \u00b5g on vahva D-vitamiinilis\u00e4 aikuisille. Sen avulla voi korottaa nopeasti veren D-vitamiinitasoa. \u00d6ljykapseleissa D-vitamiini on tasaisesti jakautuneena, jolloin kaikissa kapseleissa on sama vitamiinipitoisuus. Kapselit ovat kooltaan pieni\u00e4, joten ne on helppo niell\u00e4. Lis\u00e4ksi, koska D-vitamiini on rasvaliukoinen vitamiini, \u00f6ljykapselissa olevalle vitamiinille saadaan paras mahdollinen imeytyvyys.<\/p>\n<p>&nbsp;<\/p>\n<p>D-vitamiinin t\u00e4rkeydest\u00e4 ja sen osasta sairauksien ehk\u00e4isyss\u00e4 saadaan jatkuvasti uusia tutkimustuloksia. T\u00e4h\u00e4n menness\u00e4 on voitu todeta, ett\u00e4 D-vitamiinin terveysvaikutuksia ovat mm:<\/p>\n<ul>\n<li>edist\u00e4\u00e4 kalsiumin ja fosforin imeytymist\u00e4, mik\u00e4 on ensiarvoisen t\u00e4rke\u00e4\u00e4 luuston hyvinvoinnille. D-vitamiini edist\u00e4\u00e4 my\u00f6s veren normaalia kalsiumtasoa. Lis\u00e4ksi D-<\/li>\n<li>vitamiini vaikuttaa luuston pysymiseen normaalina my\u00f6s muiden prosessien kautta.<\/li>\n<li>edist\u00e4\u00e4 normaalin lihastoiminnan yll\u00e4pit\u00e4mist\u00e4<\/li>\n<li>edist\u00e4\u00e4 immuunij\u00e4rjestelm\u00e4n normaalia toimintaa<\/li>\n<li>edist\u00e4\u00e4 hampaiden pysymist\u00e4 normaalina<\/li>\n<li>osallistuu solujen jakautumisprosessiin<\/li>\n<\/ul>\n<p>&nbsp;<\/p>\n<h4>Pakkauskoko<\/h4>\n<p>200 kapselia<\/p>\n<p>&nbsp;<\/p>\n","protected":false},"featured_media":2577,"template":"","meta":{"_acf_changed":false,"rs_blank_template":"","rs_page_bg_color":"","slide_template_v7":""},"product_brand":[],"product_cat":[73,81,77],"product_tag":[],"class_list":{"0":"post-3503","1":"product","2":"type-product","3":"status-publish","4":"has-post-thumbnail","6":"product_cat-lisaravinteet-sv","7":"product_cat-naturamedia-sv","8":"product_cat-vitamiinit-sv","10":"first","11":"instock","12":"taxable","13":"shipping-taxable","14":"purchasable","15":"product-type-simple"},"acf":[],"_links":{"self":[{"href":"https:\/\/vaasanluonnonravinto.fi\/sv\/wp-json\/wp\/v2\/product\/3503","targetHints":{"allow":["GET"]}}],"collection":[{"href":"https:\/\/vaasanluonnonravinto.fi\/sv\/wp-json\/wp\/v2\/product"}],"about":[{"href":"https:\/\/vaasanluonnonravinto.fi\/sv\/wp-json\/wp\/v2\/types\/product"}],"wp:featuredmedia":[{"embeddable":true,"href":"https:\/\/vaasanluonnonravinto.fi\/sv\/wp-json\/wp\/v2\/media\/2577"}],"wp:attachment":[{"href":"https:\/\/vaasanluonnonravinto.fi\/sv\/wp-json\/wp\/v2\/media?parent=3503"}],"wp:term":[{"taxonomy":"product_brand","embeddable":true,"href":"https:\/\/vaasanluonnonravinto.fi\/sv\/wp-json\/wp\/v2\/product_brand?post=3503"},{"taxonomy":"product_cat","embeddable":true,"href":"https:\/\/vaasanluonnonravinto.fi\/sv\/wp-json\/wp\/v2\/product_cat?post=3503"},{"taxonomy":"product_tag","embeddable":true,"href":"https:\/\/vaasanluonnonravinto.fi\/sv\/wp-json\/wp\/v2\/product_tag?post=3503"}],"curies":[{"name":"wp","href":"https:\/\/api.w.org\/{rel}","templated":true}]}}